{"id":6166,"date":"2022-11-23T07:52:31","date_gmt":"2022-11-23T06:52:31","guid":{"rendered":"https:\/\/florsivioles.marketingempresas.es\/?post_type=product&#038;p=6166"},"modified":"2023-07-25T18:57:51","modified_gmt":"2023-07-25T16:57:51","slug":"harina-integral-de-arroz-bio","status":"publish","type":"product","link":"https:\/\/florsivioles.marketingempresas.es\/en\/product\/harina-integral-de-arroz-bio\/","title":{"rendered":"Organic Brown Rice Flour"},"content":{"rendered":"<p>Harina integral de arroz elaborada en atm\u00f3sfera protegida para asegurar su conservaci\u00f3n. Procedente de agricultura ecol\u00f3gica, es ideal para preparar cualquier receta ya sea dulce o salada.<\/p>\n<p>&nbsp;<\/p>\n<h2>Ingredientes<\/h2>\n<div class=\"product-alergenos\">\n<p>100% arroz integral*.<\/p>\n<div><\/div>\n<div class=\"product-alergenos\"><strong>Al\u00e9rgenos: <\/strong>Producido en un establecimiento que tambi\u00e9n utiliza gluten, soja.<\/div>\n<div><\/div>\n<div class=\"product-bio_text\"><strong>* de agricultura ecol\u00f3gica<\/strong><\/div>\n<\/div>","protected":false},"excerpt":{"rendered":"<p>Envase de 500gr.<\/p>","protected":false},"featured_media":6562,"template":"","meta":{"_uag_custom_page_level_css":""},"product_brand":[],"product_cat":[1043,27],"product_tag":[1120,126,223,1045],"taxonomy\/receta":[],"class_list":{"0":"post-6166","1":"product","2":"type-product","3":"status-publish","4":"has-post-thumbnail","6":"product_cat-harinas-y-almidones-bio","7":"product_cat-bio","8":"product_tag-harina-integral-de-arroz-bio","9":"product_tag-online-store-in-ibiza","10":"product_tag-organic-products-in-ibiza","11":"product_tag-wheat-flour-from-organic-farming","12":"product_shipping_class-envio-gratuito","14":"first","15":"instock","16":"taxable","17":"shipping-taxable","18":"purchasable","19":"product-type-simple"},"uagb_featured_image_src":{"full":["https:\/\/florsivioles.marketingempresas.es\/wp-content\/uploads\/2022\/11\/Harina-Integral-de-Arroz-Bio.jpg",640,554,false],"thumbnail":["https:\/\/florsivioles.marketingempresas.es\/wp-content\/uploads\/2022\/11\/Harina-Integral-de-Arroz-Bio-150x130.jpg",150,130,true],"medium":["https:\/\/florsivioles.marketingempresas.es\/wp-content\/uploads\/2022\/11\/Harina-Integral-de-Arroz-Bio-364x315.jpg",364,315,true],"medium_large":["https:\/\/florsivioles.marketingempresas.es\/wp-content\/uploads\/2022\/11\/Harina-Integral-de-Arroz-Bio.jpg",640,554,false],"large":["https:\/\/florsivioles.marketingempresas.es\/wp-content\/uploads\/2022\/11\/Harina-Integral-de-Arroz-Bio.jpg",640,554,false],"1536x1536":["https:\/\/florsivioles.marketingempresas.es\/wp-content\/uploads\/2022\/11\/Harina-Integral-de-Arroz-Bio.jpg",640,554,false],"2048x2048":["https:\/\/florsivioles.marketingempresas.es\/wp-content\/uploads\/2022\/11\/Harina-Integral-de-Arroz-Bio.jpg",640,554,false],"trp-custom-language-flag":["https:\/\/florsivioles.marketingempresas.es\/wp-content\/uploads\/2022\/11\/Harina-Integral-de-Arroz-Bio-14x12.jpg",14,12,true],"woocommerce_thumbnail":["https:\/\/florsivioles.marketingempresas.es\/wp-content\/uploads\/2022\/11\/Harina-Integral-de-Arroz-Bio-260x260.jpg",260,260,true],"woocommerce_single":["https:\/\/florsivioles.marketingempresas.es\/wp-content\/uploads\/2022\/11\/Harina-Integral-de-Arroz-Bio-360x312.jpg",360,312,true],"woocommerce_gallery_thumbnail":["https:\/\/florsivioles.marketingempresas.es\/wp-content\/uploads\/2022\/11\/Harina-Integral-de-Arroz-Bio-100x100.jpg",100,100,true]},"uagb_author_info":{"display_name":"Christian Roig Brown","author_link":"https:\/\/florsivioles.marketingempresas.es\/en\/author\/"},"uagb_comment_info":0,"uagb_excerpt":"Envase de 500gr.","_links":{"self":[{"href":"https:\/\/florsivioles.marketingempresas.es\/en\/wp-json\/wp\/v2\/product\/6166","targetHints":{"allow":["GET"]}}],"collection":[{"href":"https:\/\/florsivioles.marketingempresas.es\/en\/wp-json\/wp\/v2\/product"}],"about":[{"href":"https:\/\/florsivioles.marketingempresas.es\/en\/wp-json\/wp\/v2\/types\/product"}],"wp:featuredmedia":[{"embeddable":true,"href":"https:\/\/florsivioles.marketingempresas.es\/en\/wp-json\/wp\/v2\/media\/6562"}],"wp:attachment":[{"href":"https:\/\/florsivioles.marketingempresas.es\/en\/wp-json\/wp\/v2\/media?parent=6166"}],"wp:term":[{"taxonomy":"product_brand","embeddable":true,"href":"https:\/\/florsivioles.marketingempresas.es\/en\/wp-json\/wp\/v2\/product_brand?post=6166"},{"taxonomy":"product_cat","embeddable":true,"href":"https:\/\/florsivioles.marketingempresas.es\/en\/wp-json\/wp\/v2\/product_cat?post=6166"},{"taxonomy":"product_tag","embeddable":true,"href":"https:\/\/florsivioles.marketingempresas.es\/en\/wp-json\/wp\/v2\/product_tag?post=6166"},{"taxonomy":"receta","embeddable":true,"href":"https:\/\/florsivioles.marketingempresas.es\/en\/wp-json\/wp\/v2\/taxonomy\/receta?post=6166"}],"curies":[{"name":"wp","href":"https:\/\/api.w.org\/{rel}","templated":true}]}}