{"id":6162,"date":"2022-11-23T08:00:17","date_gmt":"2022-11-23T07:00:17","guid":{"rendered":"https:\/\/florsivioles.marketingempresas.es\/?post_type=product&#038;p=6162"},"modified":"2023-07-25T18:57:07","modified_gmt":"2023-07-25T16:57:07","slug":"almidon-de-tapioca","status":"publish","type":"product","link":"https:\/\/florsivioles.marketingempresas.es\/en\/product\/almidon-de-tapioca\/","title":{"rendered":"Bio Tapioca Starch"},"content":{"rendered":"<p>Descubre el nuevo almid\u00f3n de tapioca. El almid\u00f3n de tapioca se obtiene a partir del lavado de la ra\u00edz de yuca, posteriormente se tritura, se centrifuga y se separa el agua del almid\u00f3n. Finalmente, el almid\u00f3n se seca y se envasa. Ideal para preparar platos dulces y salados.<\/p>\n<h2>Ingredientes<\/h2>\n<p>Almid\u00f3n de tapioca*<\/p>\n<div class=\"product-alergenos\">\n<p><strong>Al\u00e9rgenos: <\/strong>Contiene trazas de gluten.<\/p>\n<\/div>\n<div class=\"product-bio_text\"><strong>* de agricultura ecol\u00f3gica<\/strong><\/div>","protected":false},"excerpt":{"rendered":"<p>400gr unit<\/p>","protected":false},"featured_media":6566,"template":"","meta":{"_uag_custom_page_level_css":""},"product_brand":[],"product_cat":[1043,27],"product_tag":[1109,126,223,1045],"taxonomy\/receta":[],"class_list":{"0":"post-6162","1":"product","2":"type-product","3":"status-publish","4":"has-post-thumbnail","6":"product_cat-harinas-y-almidones-bio","7":"product_cat-bio","8":"product_tag-almidon-de-tapioca","9":"product_tag-online-store-in-ibiza","10":"product_tag-organic-products-in-ibiza","11":"product_tag-wheat-flour-from-organic-farming","12":"product_shipping_class-envio-gratuito","14":"first","15":"instock","16":"taxable","17":"shipping-taxable","18":"purchasable","19":"product-type-simple"},"uagb_featured_image_src":{"full":["https:\/\/florsivioles.marketingempresas.es\/wp-content\/uploads\/2022\/11\/Almidon-de-Tapioca-Bio.jpg",640,554,false],"thumbnail":["https:\/\/florsivioles.marketingempresas.es\/wp-content\/uploads\/2022\/11\/Almidon-de-Tapioca-Bio-150x130.jpg",150,130,true],"medium":["https:\/\/florsivioles.marketingempresas.es\/wp-content\/uploads\/2022\/11\/Almidon-de-Tapioca-Bio-364x315.jpg",364,315,true],"medium_large":["https:\/\/florsivioles.marketingempresas.es\/wp-content\/uploads\/2022\/11\/Almidon-de-Tapioca-Bio.jpg",640,554,false],"large":["https:\/\/florsivioles.marketingempresas.es\/wp-content\/uploads\/2022\/11\/Almidon-de-Tapioca-Bio.jpg",640,554,false],"1536x1536":["https:\/\/florsivioles.marketingempresas.es\/wp-content\/uploads\/2022\/11\/Almidon-de-Tapioca-Bio.jpg",640,554,false],"2048x2048":["https:\/\/florsivioles.marketingempresas.es\/wp-content\/uploads\/2022\/11\/Almidon-de-Tapioca-Bio.jpg",640,554,false],"trp-custom-language-flag":["https:\/\/florsivioles.marketingempresas.es\/wp-content\/uploads\/2022\/11\/Almidon-de-Tapioca-Bio-14x12.jpg",14,12,true],"woocommerce_thumbnail":["https:\/\/florsivioles.marketingempresas.es\/wp-content\/uploads\/2022\/11\/Almidon-de-Tapioca-Bio-260x260.jpg",260,260,true],"woocommerce_single":["https:\/\/florsivioles.marketingempresas.es\/wp-content\/uploads\/2022\/11\/Almidon-de-Tapioca-Bio-360x312.jpg",360,312,true],"woocommerce_gallery_thumbnail":["https:\/\/florsivioles.marketingempresas.es\/wp-content\/uploads\/2022\/11\/Almidon-de-Tapioca-Bio-100x100.jpg",100,100,true]},"uagb_author_info":{"display_name":"Christian Roig Brown","author_link":"https:\/\/florsivioles.marketingempresas.es\/en\/author\/"},"uagb_comment_info":0,"uagb_excerpt":"Envase de 400 gr.","_links":{"self":[{"href":"https:\/\/florsivioles.marketingempresas.es\/en\/wp-json\/wp\/v2\/product\/6162","targetHints":{"allow":["GET"]}}],"collection":[{"href":"https:\/\/florsivioles.marketingempresas.es\/en\/wp-json\/wp\/v2\/product"}],"about":[{"href":"https:\/\/florsivioles.marketingempresas.es\/en\/wp-json\/wp\/v2\/types\/product"}],"wp:featuredmedia":[{"embeddable":true,"href":"https:\/\/florsivioles.marketingempresas.es\/en\/wp-json\/wp\/v2\/media\/6566"}],"wp:attachment":[{"href":"https:\/\/florsivioles.marketingempresas.es\/en\/wp-json\/wp\/v2\/media?parent=6162"}],"wp:term":[{"taxonomy":"product_brand","embeddable":true,"href":"https:\/\/florsivioles.marketingempresas.es\/en\/wp-json\/wp\/v2\/product_brand?post=6162"},{"taxonomy":"product_cat","embeddable":true,"href":"https:\/\/florsivioles.marketingempresas.es\/en\/wp-json\/wp\/v2\/product_cat?post=6162"},{"taxonomy":"product_tag","embeddable":true,"href":"https:\/\/florsivioles.marketingempresas.es\/en\/wp-json\/wp\/v2\/product_tag?post=6162"},{"taxonomy":"receta","embeddable":true,"href":"https:\/\/florsivioles.marketingempresas.es\/en\/wp-json\/wp\/v2\/taxonomy\/receta?post=6162"}],"curies":[{"name":"wp","href":"https:\/\/api.w.org\/{rel}","templated":true}]}}