{"id":6138,"date":"2022-11-23T07:29:32","date_gmt":"2022-11-23T06:29:32","guid":{"rendered":"https:\/\/florsivioles.marketingempresas.es\/?post_type=product&#038;p=6138"},"modified":"2024-02-12T10:54:59","modified_gmt":"2024-02-12T09:54:59","slug":"cookies-rellenas-de-caramelo-bio","status":"publish","type":"product","link":"https:\/\/florsivioles.marketingempresas.es\/en\/product\/cookies-rellenas-de-caramelo-bio\/","title":{"rendered":"Bio Caramel Filled Cookies"},"content":{"rendered":"<p>Cookies rellenas de Caramelo B\u00edo elaboradas con ingredientes ecol\u00f3gicos y sin aceite de palma. D\u00e9jate sorprender por esta nueva variedad de cookies rellenas de caramelo. El secreto de las galletas de Le Moulin se encuentra en la masa y en su combinaci\u00f3n con caramelo y pepitas de chocolate. Se presentan en c\u00f3modo formato individual para llev\u00e1rtelo donde quieras.<\/p>\n<p>&nbsp;<\/p>\n<h2>Ingredientes<\/h2>\n<p>Harina de trigo* T65, jarabe de trigo*, az\u00facar de ca\u00f1a sin refinar* pepitas de chocolate* 8,5% (az\u00facar de cana*, pasta de cacao*, manteca de cacao*, extracto de vainilla*), aceite de girasol*, manteca de cacao*, mantequilla salada* 3,3%, leche entera en polvo*, avellanas*, caramelo* 1,2%, zumo concentrado de lim\u00f3n*, sal marina, aroma natural de caramelo* 0,4%, pectina*, gasificante: bicarbonato de sodio, vainilla en polvo* .<\/p>\n<div class=\"product-alergenos\"><strong>Al\u00e9rgenos: <\/strong>Contiene gluten, frutos de c\u00e1scara y leche, puede contener trazas de s\u00e9samo.<\/div>\n<div><\/div>\n<div class=\"product-bio_text\"><strong>* de agricultura ecol\u00f3gica<\/strong><\/div>","protected":false},"excerpt":{"rendered":"<p>175gr Package<\/p>","protected":false},"featured_media":6579,"template":"","meta":{"_uag_custom_page_level_css":""},"product_brand":[],"product_cat":[27,544],"product_tag":[1097,1098,1096,190,1099,1003],"taxonomy\/receta":[],"class_list":{"0":"post-6138","1":"product","2":"type-product","3":"status-publish","4":"has-post-thumbnail","6":"product_cat-bio","7":"product_cat-muesli-galletas-chocolates-bio","8":"product_tag-bio-caramel-filled-cookies","9":"product_tag-bio-cookies-in-ibiza","10":"product_tag-cookies-rellenas-de-caramelo-bio","11":"product_tag-entrega-a-domicilio-en-ibiza","12":"product_tag-entrega-a-domicilio-gratis","13":"product_tag-galletas-bio-en-ibiza","14":"product_shipping_class-envio-gratuito","16":"first","17":"instock","18":"taxable","19":"shipping-taxable","20":"purchasable","21":"product-type-simple"},"uagb_featured_image_src":{"full":["https:\/\/florsivioles.marketingempresas.es\/wp-content\/uploads\/2022\/11\/Cookies-rellenas-de-Caramelo-Bio-Flors-i-Violes.jpg",640,554,false],"thumbnail":["https:\/\/florsivioles.marketingempresas.es\/wp-content\/uploads\/2022\/11\/Cookies-rellenas-de-Caramelo-Bio-Flors-i-Violes-150x130.jpg",150,130,true],"medium":["https:\/\/florsivioles.marketingempresas.es\/wp-content\/uploads\/2022\/11\/Cookies-rellenas-de-Caramelo-Bio-Flors-i-Violes-364x315.jpg",364,315,true],"medium_large":["https:\/\/florsivioles.marketingempresas.es\/wp-content\/uploads\/2022\/11\/Cookies-rellenas-de-Caramelo-Bio-Flors-i-Violes.jpg",640,554,false],"large":["https:\/\/florsivioles.marketingempresas.es\/wp-content\/uploads\/2022\/11\/Cookies-rellenas-de-Caramelo-Bio-Flors-i-Violes.jpg",640,554,false],"1536x1536":["https:\/\/florsivioles.marketingempresas.es\/wp-content\/uploads\/2022\/11\/Cookies-rellenas-de-Caramelo-Bio-Flors-i-Violes.jpg",640,554,false],"2048x2048":["https:\/\/florsivioles.marketingempresas.es\/wp-content\/uploads\/2022\/11\/Cookies-rellenas-de-Caramelo-Bio-Flors-i-Violes.jpg",640,554,false],"trp-custom-language-flag":["https:\/\/florsivioles.marketingempresas.es\/wp-content\/uploads\/2022\/11\/Cookies-rellenas-de-Caramelo-Bio-Flors-i-Violes-14x12.jpg",14,12,true],"woocommerce_thumbnail":["https:\/\/florsivioles.marketingempresas.es\/wp-content\/uploads\/2022\/11\/Cookies-rellenas-de-Caramelo-Bio-Flors-i-Violes-260x260.jpg",260,260,true],"woocommerce_single":["https:\/\/florsivioles.marketingempresas.es\/wp-content\/uploads\/2022\/11\/Cookies-rellenas-de-Caramelo-Bio-Flors-i-Violes-360x312.jpg",360,312,true],"woocommerce_gallery_thumbnail":["https:\/\/florsivioles.marketingempresas.es\/wp-content\/uploads\/2022\/11\/Cookies-rellenas-de-Caramelo-Bio-Flors-i-Violes-100x100.jpg",100,100,true]},"uagb_author_info":{"display_name":"Christian Roig Brown","author_link":"https:\/\/florsivioles.marketingempresas.es\/en\/author\/"},"uagb_comment_info":0,"uagb_excerpt":"Paquete de 175 gr.","_links":{"self":[{"href":"https:\/\/florsivioles.marketingempresas.es\/en\/wp-json\/wp\/v2\/product\/6138","targetHints":{"allow":["GET"]}}],"collection":[{"href":"https:\/\/florsivioles.marketingempresas.es\/en\/wp-json\/wp\/v2\/product"}],"about":[{"href":"https:\/\/florsivioles.marketingempresas.es\/en\/wp-json\/wp\/v2\/types\/product"}],"wp:featuredmedia":[{"embeddable":true,"href":"https:\/\/florsivioles.marketingempresas.es\/en\/wp-json\/wp\/v2\/media\/6579"}],"wp:attachment":[{"href":"https:\/\/florsivioles.marketingempresas.es\/en\/wp-json\/wp\/v2\/media?parent=6138"}],"wp:term":[{"taxonomy":"product_brand","embeddable":true,"href":"https:\/\/florsivioles.marketingempresas.es\/en\/wp-json\/wp\/v2\/product_brand?post=6138"},{"taxonomy":"product_cat","embeddable":true,"href":"https:\/\/florsivioles.marketingempresas.es\/en\/wp-json\/wp\/v2\/product_cat?post=6138"},{"taxonomy":"product_tag","embeddable":true,"href":"https:\/\/florsivioles.marketingempresas.es\/en\/wp-json\/wp\/v2\/product_tag?post=6138"},{"taxonomy":"receta","embeddable":true,"href":"https:\/\/florsivioles.marketingempresas.es\/en\/wp-json\/wp\/v2\/taxonomy\/receta?post=6138"}],"curies":[{"name":"wp","href":"https:\/\/api.w.org\/{rel}","templated":true}]}}