{"id":6128,"date":"2022-11-24T10:24:47","date_gmt":"2022-11-24T09:24:47","guid":{"rendered":"https:\/\/florsivioles.marketingempresas.es\/?post_type=product&#038;p=6128"},"modified":"2023-09-30T20:02:23","modified_gmt":"2023-09-30T18:02:23","slug":"galletas-bio-con-yogurt","status":"publish","type":"product","link":"https:\/\/florsivioles.marketingempresas.es\/en\/product\/galletas-bio-con-yogurt\/","title":{"rendered":"Galletas B\u00edo con Yogurt"},"content":{"rendered":"<p>Si est\u00e1s buscando un delicioso y saludable snack para complementar tu alimentaci\u00f3n ecol\u00f3gica, nuestras Galletas B\u00edo con Yogurt son la elecci\u00f3n perfecta. Estas galletas est\u00e1n elaboradas con ingredientes de alta calidad, cultivados de manera sostenible y respetuosa con el medio ambiente. El yogurt utilizado proviene de fuentes org\u00e1nicas y locales, lo que garantiza su frescura y sabor excepcionales.<\/p>\n<p>Nuestras galletas son una opci\u00f3n deliciosa para cualquier momento del d\u00eda. El yogurt aporta una cremosidad \u00fanica y un toque de acidez que complementa a la perfecci\u00f3n la dulzura de las galletas. Adem\u00e1s, son ideales para aquellos que siguen una dieta vegetariana o vegana, ya que no contienen ingredientes de origen animal. Tambi\u00e9n son libres de OMG (Organismos Modificados Gen\u00e9ticamente), pesticidas y otros qu\u00edmicos da\u00f1inos, lo que las convierte en una elecci\u00f3n saludable para ti y el planeta.<\/p>\n<p>En Flors i Violes, creemos en la alimentaci\u00f3n consciente y sostenible. Por eso, nuestras galletas B\u00edo con Yogurt est\u00e1n certificadas como productos ecol\u00f3gicos, garantizando que cumplen con los m\u00e1s altos est\u00e1ndares de calidad y respeto por la naturaleza. Adem\u00e1s, al elegir nuestros productos, est\u00e1s apoyando la agricultura local y el comercio justo.<\/p>\n<p>No solo son deliciosas, sino que tambi\u00e9n son vers\u00e1tiles. Puedes disfrutarlas solas, sumergirlas en tu bebida vegetal favorita o acompa\u00f1arlas con frutas frescas. Son perfectas para un tentempi\u00e9 r\u00e1pido o para saciar tu antojo de algo dulce sin renunciar a tus principios alimenticios. Adem\u00e1s, su pr\u00e1ctico envase te permite llevarlas contigo a donde quieras.<\/p>\n<p>En resumen, nuestras Galletas B\u00edo con Yogurt son una opci\u00f3n deliciosa, saludable y sostenible para disfrutar en cualquier momento. Son el equilibrio perfecto entre el placer de comer algo sabroso y la satisfacci\u00f3n de hacerlo de manera consciente y responsable con el medio ambiente. \u00a1Dale un capricho a tu paladar y a tu salud con Flors i Violes!<\/p>","protected":false},"excerpt":{"rendered":"<p>Si est\u00e1s buscando un delicioso y saludable snack para complementar tu alimentaci\u00f3n ecol\u00f3gica, nuestras Galletas B\u00edo con Yogurt son la elecci\u00f3n perfecta. Estas galletas est\u00e1n elaboradas con ingredientes de alta calidad, cultivados de manera sostenible y respetuosa con el medio ambiente. El yogurt utilizado proviene de fuentes org\u00e1nicas y locales, lo que garantiza su frescura [&hellip;]<\/p>","protected":false},"featured_media":0,"template":"","meta":{"_uag_custom_page_level_css":""},"product_brand":[],"product_cat":[27],"product_tag":[1149],"taxonomy\/receta":[],"class_list":{"0":"post-6128","1":"product","2":"type-product","3":"status-publish","5":"product_cat-bio","6":"product_tag-galletas-bio-con-yogurt","8":"first","9":"instock","10":"taxable","11":"shipping-taxable","12":"product-type-simple"},"uagb_featured_image_src":{"full":false,"thumbnail":false,"medium":false,"medium_large":false,"large":false,"1536x1536":false,"2048x2048":false,"trp-custom-language-flag":false,"woocommerce_thumbnail":false,"woocommerce_single":false,"woocommerce_gallery_thumbnail":false},"uagb_author_info":{"display_name":"Christian Roig Brown","author_link":"https:\/\/florsivioles.marketingempresas.es\/en\/author\/"},"uagb_comment_info":0,"uagb_excerpt":"Si est\u00e1s buscando un delicioso y saludable snack para complementar tu alimentaci\u00f3n ecol\u00f3gica, nuestras Galletas B\u00edo con Yogurt son la elecci\u00f3n perfecta. Estas galletas est\u00e1n elaboradas con ingredientes de alta calidad, cultivados de manera sostenible y respetuosa con el medio ambiente. El yogurt utilizado proviene de fuentes org\u00e1nicas y locales, lo que garantiza su frescura&hellip;","_links":{"self":[{"href":"https:\/\/florsivioles.marketingempresas.es\/en\/wp-json\/wp\/v2\/product\/6128","targetHints":{"allow":["GET"]}}],"collection":[{"href":"https:\/\/florsivioles.marketingempresas.es\/en\/wp-json\/wp\/v2\/product"}],"about":[{"href":"https:\/\/florsivioles.marketingempresas.es\/en\/wp-json\/wp\/v2\/types\/product"}],"wp:attachment":[{"href":"https:\/\/florsivioles.marketingempresas.es\/en\/wp-json\/wp\/v2\/media?parent=6128"}],"wp:term":[{"taxonomy":"product_brand","embeddable":true,"href":"https:\/\/florsivioles.marketingempresas.es\/en\/wp-json\/wp\/v2\/product_brand?post=6128"},{"taxonomy":"product_cat","embeddable":true,"href":"https:\/\/florsivioles.marketingempresas.es\/en\/wp-json\/wp\/v2\/product_cat?post=6128"},{"taxonomy":"product_tag","embeddable":true,"href":"https:\/\/florsivioles.marketingempresas.es\/en\/wp-json\/wp\/v2\/product_tag?post=6128"},{"taxonomy":"receta","embeddable":true,"href":"https:\/\/florsivioles.marketingempresas.es\/en\/wp-json\/wp\/v2\/taxonomy\/receta?post=6128"}],"curies":[{"name":"wp","href":"https:\/\/api.w.org\/{rel}","templated":true}]}}