{"id":6108,"date":"2022-11-23T07:59:22","date_gmt":"2022-11-23T06:59:22","guid":{"rendered":"https:\/\/florsivioles.marketingempresas.es\/?post_type=product&#038;p=6108"},"modified":"2023-07-25T18:57:19","modified_gmt":"2023-07-25T16:57:19","slug":"harina-de-almendras-bio","status":"publish","type":"product","link":"https:\/\/florsivioles.marketingempresas.es\/en\/product\/harina-de-almendras-bio\/","title":{"rendered":"Bio Almond Flour"},"content":{"rendered":"<p>Harina de almendras b\u00edo procedente de cultivo ecol\u00f3gico, elaborada a partir de la trituraci\u00f3n de frutos secos repelados. Ideal para preparar recetas tanto dulces como saladas. En envase sin pl\u00e1stico, 100% compostable.<\/p>\n<p>&nbsp;<\/p>\n<h2>Ingredientes<\/h2>\n<p><strong>Harina de almendra de agricultura ecol\u00f3gica<\/strong><\/p>\n<div class=\"product-alergenos\"><strong>Al\u00e9rgenos: <\/strong>Puede contener trazas de gluten, altramuces y frutos de c\u00e1scara.<\/div>","protected":false},"excerpt":{"rendered":"<p>200gr package<\/p>","protected":false},"featured_media":6593,"template":"","meta":{"_uag_custom_page_level_css":""},"product_brand":[],"product_cat":[1043,27,1209],"product_tag":[175,199,633,190,133,130,127,1074,1033,1075],"taxonomy\/receta":[],"class_list":{"0":"post-6108","1":"product","2":"type-product","3":"status-publish","4":"has-post-thumbnail","6":"product_cat-harinas-y-almidones-bio","7":"product_cat-bio","8":"product_cat-sin-gluten-bio","9":"product_tag-comprar-verduras-online","10":"product_tag-delivery-ibiza-food","11":"product_tag-desayuno-saludable","12":"product_tag-entrega-a-domicilio-en-ibiza","13":"product_tag-free-delivery","14":"product_tag-free-delivery-in-ibiza","15":"product_tag-fruits-and-vegetables-in-ibiza","16":"product_tag-harina-de-almendras-bio","17":"product_tag-tienda-bio-en-ibiza","18":"product_tag-tienda-online-in-ibiza","19":"product_shipping_class-envio-gratuito","21":"first","22":"instock","23":"taxable","24":"shipping-taxable","25":"purchasable","26":"product-type-simple"},"uagb_featured_image_src":{"full":["https:\/\/florsivioles.marketingempresas.es\/wp-content\/uploads\/2022\/11\/Harina-de-Almendras-Bio-Flors-i-Violes.jpg",640,554,false],"thumbnail":["https:\/\/florsivioles.marketingempresas.es\/wp-content\/uploads\/2022\/11\/Harina-de-Almendras-Bio-Flors-i-Violes-150x130.jpg",150,130,true],"medium":["https:\/\/florsivioles.marketingempresas.es\/wp-content\/uploads\/2022\/11\/Harina-de-Almendras-Bio-Flors-i-Violes-364x315.jpg",364,315,true],"medium_large":["https:\/\/florsivioles.marketingempresas.es\/wp-content\/uploads\/2022\/11\/Harina-de-Almendras-Bio-Flors-i-Violes.jpg",640,554,false],"large":["https:\/\/florsivioles.marketingempresas.es\/wp-content\/uploads\/2022\/11\/Harina-de-Almendras-Bio-Flors-i-Violes.jpg",640,554,false],"1536x1536":["https:\/\/florsivioles.marketingempresas.es\/wp-content\/uploads\/2022\/11\/Harina-de-Almendras-Bio-Flors-i-Violes.jpg",640,554,false],"2048x2048":["https:\/\/florsivioles.marketingempresas.es\/wp-content\/uploads\/2022\/11\/Harina-de-Almendras-Bio-Flors-i-Violes.jpg",640,554,false],"trp-custom-language-flag":["https:\/\/florsivioles.marketingempresas.es\/wp-content\/uploads\/2022\/11\/Harina-de-Almendras-Bio-Flors-i-Violes-14x12.jpg",14,12,true],"woocommerce_thumbnail":["https:\/\/florsivioles.marketingempresas.es\/wp-content\/uploads\/2022\/11\/Harina-de-Almendras-Bio-Flors-i-Violes-260x260.jpg",260,260,true],"woocommerce_single":["https:\/\/florsivioles.marketingempresas.es\/wp-content\/uploads\/2022\/11\/Harina-de-Almendras-Bio-Flors-i-Violes-360x312.jpg",360,312,true],"woocommerce_gallery_thumbnail":["https:\/\/florsivioles.marketingempresas.es\/wp-content\/uploads\/2022\/11\/Harina-de-Almendras-Bio-Flors-i-Violes-100x100.jpg",100,100,true]},"uagb_author_info":{"display_name":"Christian Roig Brown","author_link":"https:\/\/florsivioles.marketingempresas.es\/en\/author\/"},"uagb_comment_info":0,"uagb_excerpt":"Paquete de 200 gr.","_links":{"self":[{"href":"https:\/\/florsivioles.marketingempresas.es\/en\/wp-json\/wp\/v2\/product\/6108","targetHints":{"allow":["GET"]}}],"collection":[{"href":"https:\/\/florsivioles.marketingempresas.es\/en\/wp-json\/wp\/v2\/product"}],"about":[{"href":"https:\/\/florsivioles.marketingempresas.es\/en\/wp-json\/wp\/v2\/types\/product"}],"wp:featuredmedia":[{"embeddable":true,"href":"https:\/\/florsivioles.marketingempresas.es\/en\/wp-json\/wp\/v2\/media\/6593"}],"wp:attachment":[{"href":"https:\/\/florsivioles.marketingempresas.es\/en\/wp-json\/wp\/v2\/media?parent=6108"}],"wp:term":[{"taxonomy":"product_brand","embeddable":true,"href":"https:\/\/florsivioles.marketingempresas.es\/en\/wp-json\/wp\/v2\/product_brand?post=6108"},{"taxonomy":"product_cat","embeddable":true,"href":"https:\/\/florsivioles.marketingempresas.es\/en\/wp-json\/wp\/v2\/product_cat?post=6108"},{"taxonomy":"product_tag","embeddable":true,"href":"https:\/\/florsivioles.marketingempresas.es\/en\/wp-json\/wp\/v2\/product_tag?post=6108"},{"taxonomy":"receta","embeddable":true,"href":"https:\/\/florsivioles.marketingempresas.es\/en\/wp-json\/wp\/v2\/taxonomy\/receta?post=6108"}],"curies":[{"name":"wp","href":"https:\/\/api.w.org\/{rel}","templated":true}]}}