{"id":6097,"date":"2022-11-22T09:31:45","date_gmt":"2022-11-22T08:31:45","guid":{"rendered":"https:\/\/florsivioles.marketingempresas.es\/?post_type=product&#038;p=6097"},"modified":"2024-02-12T10:55:48","modified_gmt":"2024-02-12T09:55:48","slug":"tortitas-de-maiz-bio","status":"publish","type":"product","link":"https:\/\/florsivioles.marketingempresas.es\/en\/product\/tortitas-de-maiz-bio\/","title":{"rendered":"Tortitas de Ma\u00edz B\u00ed9"},"content":{"rendered":"<p>Tortitas de ma\u00edz B\u00edo elaboradas con ingredientes procedentes de agricultura ecol\u00f3gica. Tortitas finas ideales para elaborar aperitivos o para untar con guacamole, hummus, tah\u00edn, pat\u00e9 vegetal o cualquier otra crema para untar. Con solo 24kcal por tortita.<\/p>\n<p>&nbsp;<\/p>\n<h2>Ingredientes<\/h2>\n<p>Ma\u00edz (99,8%) y sal marina de agricultura ecol\u00f3gica<\/p>\n<div class=\"product-alergenos\"><strong>Al\u00e9rgenos: <\/strong>Puede contener trazas de s\u00e9samo.<\/div>","protected":false},"excerpt":{"rendered":"<p>130gr. pack<\/p>","protected":false},"featured_media":6615,"template":"","meta":{"_uag_custom_page_level_css":""},"product_brand":[],"product_cat":[445,27,1550,1209],"product_tag":[921,1070,443,1069,1068],"taxonomy\/receta":[],"class_list":{"0":"post-6097","1":"product","2":"type-product","3":"status-publish","4":"has-post-thumbnail","6":"product_cat-snacks-barritas-tortitas-bio","7":"product_cat-bio","8":"product_cat-dulces-y-salados-bio","9":"product_cat-sin-gluten-bio","10":"product_tag-gluten-free","11":"product_tag-online-store-of-bio-products-in-ibiza","12":"product_tag-sin-gluten","13":"product_tag-tienda-online-de-productos-bio-en-ibiza","14":"product_tag-tortitas-de-maiz-bio","15":"product_shipping_class-envio-gratuito","17":"first","18":"instock","19":"taxable","20":"shipping-taxable","21":"purchasable","22":"product-type-simple"},"uagb_featured_image_src":{"full":["https:\/\/florsivioles.marketingempresas.es\/wp-content\/uploads\/2022\/11\/Tortitas-de-Maiz-Bio-Flors-i-Violes.jpg",640,554,false],"thumbnail":["https:\/\/florsivioles.marketingempresas.es\/wp-content\/uploads\/2022\/11\/Tortitas-de-Maiz-Bio-Flors-i-Violes-150x130.jpg",150,130,true],"medium":["https:\/\/florsivioles.marketingempresas.es\/wp-content\/uploads\/2022\/11\/Tortitas-de-Maiz-Bio-Flors-i-Violes-364x315.jpg",364,315,true],"medium_large":["https:\/\/florsivioles.marketingempresas.es\/wp-content\/uploads\/2022\/11\/Tortitas-de-Maiz-Bio-Flors-i-Violes.jpg",640,554,false],"large":["https:\/\/florsivioles.marketingempresas.es\/wp-content\/uploads\/2022\/11\/Tortitas-de-Maiz-Bio-Flors-i-Violes.jpg",640,554,false],"1536x1536":["https:\/\/florsivioles.marketingempresas.es\/wp-content\/uploads\/2022\/11\/Tortitas-de-Maiz-Bio-Flors-i-Violes.jpg",640,554,false],"2048x2048":["https:\/\/florsivioles.marketingempresas.es\/wp-content\/uploads\/2022\/11\/Tortitas-de-Maiz-Bio-Flors-i-Violes.jpg",640,554,false],"trp-custom-language-flag":["https:\/\/florsivioles.marketingempresas.es\/wp-content\/uploads\/2022\/11\/Tortitas-de-Maiz-Bio-Flors-i-Violes-14x12.jpg",14,12,true],"woocommerce_thumbnail":["https:\/\/florsivioles.marketingempresas.es\/wp-content\/uploads\/2022\/11\/Tortitas-de-Maiz-Bio-Flors-i-Violes-260x260.jpg",260,260,true],"woocommerce_single":["https:\/\/florsivioles.marketingempresas.es\/wp-content\/uploads\/2022\/11\/Tortitas-de-Maiz-Bio-Flors-i-Violes-360x312.jpg",360,312,true],"woocommerce_gallery_thumbnail":["https:\/\/florsivioles.marketingempresas.es\/wp-content\/uploads\/2022\/11\/Tortitas-de-Maiz-Bio-Flors-i-Violes-100x100.jpg",100,100,true]},"uagb_author_info":{"display_name":"Christian Roig Brown","author_link":"https:\/\/florsivioles.marketingempresas.es\/en\/author\/"},"uagb_comment_info":0,"uagb_excerpt":"Paquete de 130 gr.","_links":{"self":[{"href":"https:\/\/florsivioles.marketingempresas.es\/en\/wp-json\/wp\/v2\/product\/6097","targetHints":{"allow":["GET"]}}],"collection":[{"href":"https:\/\/florsivioles.marketingempresas.es\/en\/wp-json\/wp\/v2\/product"}],"about":[{"href":"https:\/\/florsivioles.marketingempresas.es\/en\/wp-json\/wp\/v2\/types\/product"}],"wp:featuredmedia":[{"embeddable":true,"href":"https:\/\/florsivioles.marketingempresas.es\/en\/wp-json\/wp\/v2\/media\/6615"}],"wp:attachment":[{"href":"https:\/\/florsivioles.marketingempresas.es\/en\/wp-json\/wp\/v2\/media?parent=6097"}],"wp:term":[{"taxonomy":"product_brand","embeddable":true,"href":"https:\/\/florsivioles.marketingempresas.es\/en\/wp-json\/wp\/v2\/product_brand?post=6097"},{"taxonomy":"product_cat","embeddable":true,"href":"https:\/\/florsivioles.marketingempresas.es\/en\/wp-json\/wp\/v2\/product_cat?post=6097"},{"taxonomy":"product_tag","embeddable":true,"href":"https:\/\/florsivioles.marketingempresas.es\/en\/wp-json\/wp\/v2\/product_tag?post=6097"},{"taxonomy":"receta","embeddable":true,"href":"https:\/\/florsivioles.marketingempresas.es\/en\/wp-json\/wp\/v2\/taxonomy\/receta?post=6097"}],"curies":[{"name":"wp","href":"https:\/\/api.w.org\/{rel}","templated":true}]}}