{"id":6067,"date":"2022-11-24T10:22:35","date_gmt":"2022-11-24T09:22:35","guid":{"rendered":"https:\/\/florsivioles.marketingempresas.es\/?post_type=product&#038;p=6067"},"modified":"2024-02-12T10:50:31","modified_gmt":"2024-02-12T09:50:31","slug":"bebida-de-arroz-sin-gluten-ecologica","status":"publish","type":"product","link":"https:\/\/florsivioles.marketingempresas.es\/en\/product\/bebida-de-arroz-sin-gluten-ecologica\/","title":{"rendered":"Organic Gluten Free Rice Beverage"},"content":{"rendered":"<p>Exquisita bebida de arroz Gluten Free 100% vegetal elaborada con arroz italiano de alta calidad. Sin az\u00facares a\u00f1adidos. El sabor dulce procede de la transformaci\u00f3n enzim\u00e1tica del arroz. Elaborada con agua de manantial y caracterizada por un sabor suave y delicado. Ideal como alternativa a la leche en desayunos o meriendas. Perfecta tambi\u00e9n en la elaboraci\u00f3n de pur\u00e9s, cremas y postres de todo tipo.<\/p>\n<h2>Ingredientes:<\/h2>\n<p>Agua de manantial, arroz italiano* (17%), aceite de semillas de girasol*, sal marina.<\/p>\n<div class=\"product-bio_text\"><strong>* de agricultura ecol\u00f3gica<\/strong><\/div>","protected":false},"excerpt":{"rendered":"<p>1L container<\/p>","protected":false},"featured_media":6624,"template":"","meta":{"_uag_custom_page_level_css":""},"product_brand":[],"product_cat":[524,27,1550,1209],"product_tag":[799,796,794,798,793,443,713,795,797],"taxonomy\/receta":[],"class_list":{"0":"post-6067","1":"product","2":"type-product","3":"status-publish","4":"has-post-thumbnail","6":"product_cat-bebidas-vegetales-bio","7":"product_cat-bio","8":"product_cat-dulces-y-salados-bio","9":"product_cat-sin-gluten-bio","10":"product_tag-bebida-de-arroz","11":"product_tag-bebida-saludable","12":"product_tag-bebida-vegetal","13":"product_tag-leche-de-arroz","14":"product_tag-leches-vegetales-ecologicas","15":"product_tag-sin-gluten","16":"product_tag-sin-lactosa","17":"product_tag-sustituto-de-la-leche","18":"product_tag-vegano","19":"product_shipping_class-envio-gratuito","21":"first","22":"instock","23":"taxable","24":"shipping-taxable","25":"purchasable","26":"product-type-simple"},"uagb_featured_image_src":{"full":["https:\/\/florsivioles.marketingempresas.es\/wp-content\/uploads\/2022\/11\/Bebida-de-Arroz-Sin-Gluten-Ecologica-Flors-i-Violes.jpg",640,554,false],"thumbnail":["https:\/\/florsivioles.marketingempresas.es\/wp-content\/uploads\/2022\/11\/Bebida-de-Arroz-Sin-Gluten-Ecologica-Flors-i-Violes-150x130.jpg",150,130,true],"medium":["https:\/\/florsivioles.marketingempresas.es\/wp-content\/uploads\/2022\/11\/Bebida-de-Arroz-Sin-Gluten-Ecologica-Flors-i-Violes-364x315.jpg",364,315,true],"medium_large":["https:\/\/florsivioles.marketingempresas.es\/wp-content\/uploads\/2022\/11\/Bebida-de-Arroz-Sin-Gluten-Ecologica-Flors-i-Violes.jpg",640,554,false],"large":["https:\/\/florsivioles.marketingempresas.es\/wp-content\/uploads\/2022\/11\/Bebida-de-Arroz-Sin-Gluten-Ecologica-Flors-i-Violes.jpg",640,554,false],"1536x1536":["https:\/\/florsivioles.marketingempresas.es\/wp-content\/uploads\/2022\/11\/Bebida-de-Arroz-Sin-Gluten-Ecologica-Flors-i-Violes.jpg",640,554,false],"2048x2048":["https:\/\/florsivioles.marketingempresas.es\/wp-content\/uploads\/2022\/11\/Bebida-de-Arroz-Sin-Gluten-Ecologica-Flors-i-Violes.jpg",640,554,false],"trp-custom-language-flag":["https:\/\/florsivioles.marketingempresas.es\/wp-content\/uploads\/2022\/11\/Bebida-de-Arroz-Sin-Gluten-Ecologica-Flors-i-Violes-14x12.jpg",14,12,true],"woocommerce_thumbnail":["https:\/\/florsivioles.marketingempresas.es\/wp-content\/uploads\/2022\/11\/Bebida-de-Arroz-Sin-Gluten-Ecologica-Flors-i-Violes-260x260.jpg",260,260,true],"woocommerce_single":["https:\/\/florsivioles.marketingempresas.es\/wp-content\/uploads\/2022\/11\/Bebida-de-Arroz-Sin-Gluten-Ecologica-Flors-i-Violes-360x312.jpg",360,312,true],"woocommerce_gallery_thumbnail":["https:\/\/florsivioles.marketingempresas.es\/wp-content\/uploads\/2022\/11\/Bebida-de-Arroz-Sin-Gluten-Ecologica-Flors-i-Violes-100x100.jpg",100,100,true]},"uagb_author_info":{"display_name":"Christian Roig Brown","author_link":"https:\/\/florsivioles.marketingempresas.es\/en\/author\/"},"uagb_comment_info":0,"uagb_excerpt":"Envase de 1L.","_links":{"self":[{"href":"https:\/\/florsivioles.marketingempresas.es\/en\/wp-json\/wp\/v2\/product\/6067","targetHints":{"allow":["GET"]}}],"collection":[{"href":"https:\/\/florsivioles.marketingempresas.es\/en\/wp-json\/wp\/v2\/product"}],"about":[{"href":"https:\/\/florsivioles.marketingempresas.es\/en\/wp-json\/wp\/v2\/types\/product"}],"wp:featuredmedia":[{"embeddable":true,"href":"https:\/\/florsivioles.marketingempresas.es\/en\/wp-json\/wp\/v2\/media\/6624"}],"wp:attachment":[{"href":"https:\/\/florsivioles.marketingempresas.es\/en\/wp-json\/wp\/v2\/media?parent=6067"}],"wp:term":[{"taxonomy":"product_brand","embeddable":true,"href":"https:\/\/florsivioles.marketingempresas.es\/en\/wp-json\/wp\/v2\/product_brand?post=6067"},{"taxonomy":"product_cat","embeddable":true,"href":"https:\/\/florsivioles.marketingempresas.es\/en\/wp-json\/wp\/v2\/product_cat?post=6067"},{"taxonomy":"product_tag","embeddable":true,"href":"https:\/\/florsivioles.marketingempresas.es\/en\/wp-json\/wp\/v2\/product_tag?post=6067"},{"taxonomy":"receta","embeddable":true,"href":"https:\/\/florsivioles.marketingempresas.es\/en\/wp-json\/wp\/v2\/taxonomy\/receta?post=6067"}],"curies":[{"name":"wp","href":"https:\/\/api.w.org\/{rel}","templated":true}]}}