{"id":6055,"date":"2022-11-23T07:58:19","date_gmt":"2022-11-23T06:58:19","guid":{"rendered":"https:\/\/florsivioles.marketingempresas.es\/?post_type=product&#038;p=6055"},"modified":"2023-07-25T18:57:24","modified_gmt":"2023-07-25T16:57:24","slug":"harina-de-espelta-bio","status":"publish","type":"product","link":"https:\/\/florsivioles.marketingempresas.es\/en\/product\/harina-de-espelta-bio\/","title":{"rendered":"Bio Spelt Flour"},"content":{"rendered":"<p>Harina de espelta b\u00edo en formato de 1 kilo procedente de agricultura ecol\u00f3gica. Envasada en atm\u00f3sfera protegida. Ideal para preparar cualquier receta ya sea dulce o salada.<\/p>\n<p>&nbsp;<\/p>\n<h2>Ingredientes<\/h2>\n<p>100% espelta de agricultura ecol\u00f3gica<\/p>\n<div class=\"product-alergenos\"><strong>Al\u00e9rgenos: <\/strong>Puede contener trazas de soja, s\u00e9samo y altramuces.<\/div>","protected":false},"excerpt":{"rendered":"<p>1Kg Package<\/p>","protected":false},"featured_media":6518,"template":"","meta":{"_uag_custom_page_level_css":""},"product_brand":[],"product_cat":[1043,27],"product_tag":[1047,1046,1048,1049,1033],"taxonomy\/receta":[],"class_list":{"0":"post-6055","1":"product","2":"type-product","3":"status-publish","4":"has-post-thumbnail","6":"product_cat-harinas-y-almidones-bio","7":"product_cat-bio","8":"product_tag-bio-spelt-flour","9":"product_tag-harina-de-espelta-bio","10":"product_tag-organic-store-in-ibiza","11":"product_tag-servicio-a-domicilio","12":"product_tag-tienda-bio-en-ibiza","13":"product_shipping_class-envio-gratuito","15":"first","16":"instock","17":"taxable","18":"shipping-taxable","19":"purchasable","20":"product-type-simple"},"uagb_featured_image_src":{"full":["https:\/\/florsivioles.marketingempresas.es\/wp-content\/uploads\/2022\/11\/Harina-de-Espelta-Bio-2.jpg",640,554,false],"thumbnail":["https:\/\/florsivioles.marketingempresas.es\/wp-content\/uploads\/2022\/11\/Harina-de-Espelta-Bio-2-150x130.jpg",150,130,true],"medium":["https:\/\/florsivioles.marketingempresas.es\/wp-content\/uploads\/2022\/11\/Harina-de-Espelta-Bio-2-364x315.jpg",364,315,true],"medium_large":["https:\/\/florsivioles.marketingempresas.es\/wp-content\/uploads\/2022\/11\/Harina-de-Espelta-Bio-2.jpg",640,554,false],"large":["https:\/\/florsivioles.marketingempresas.es\/wp-content\/uploads\/2022\/11\/Harina-de-Espelta-Bio-2.jpg",640,554,false],"1536x1536":["https:\/\/florsivioles.marketingempresas.es\/wp-content\/uploads\/2022\/11\/Harina-de-Espelta-Bio-2.jpg",640,554,false],"2048x2048":["https:\/\/florsivioles.marketingempresas.es\/wp-content\/uploads\/2022\/11\/Harina-de-Espelta-Bio-2.jpg",640,554,false],"trp-custom-language-flag":["https:\/\/florsivioles.marketingempresas.es\/wp-content\/uploads\/2022\/11\/Harina-de-Espelta-Bio-2-14x12.jpg",14,12,true],"woocommerce_thumbnail":["https:\/\/florsivioles.marketingempresas.es\/wp-content\/uploads\/2022\/11\/Harina-de-Espelta-Bio-2-260x260.jpg",260,260,true],"woocommerce_single":["https:\/\/florsivioles.marketingempresas.es\/wp-content\/uploads\/2022\/11\/Harina-de-Espelta-Bio-2-360x312.jpg",360,312,true],"woocommerce_gallery_thumbnail":["https:\/\/florsivioles.marketingempresas.es\/wp-content\/uploads\/2022\/11\/Harina-de-Espelta-Bio-2-100x100.jpg",100,100,true]},"uagb_author_info":{"display_name":"Christian Roig Brown","author_link":"https:\/\/florsivioles.marketingempresas.es\/en\/author\/"},"uagb_comment_info":0,"uagb_excerpt":"Paquete de 1 Kg.","_links":{"self":[{"href":"https:\/\/florsivioles.marketingempresas.es\/en\/wp-json\/wp\/v2\/product\/6055","targetHints":{"allow":["GET"]}}],"collection":[{"href":"https:\/\/florsivioles.marketingempresas.es\/en\/wp-json\/wp\/v2\/product"}],"about":[{"href":"https:\/\/florsivioles.marketingempresas.es\/en\/wp-json\/wp\/v2\/types\/product"}],"wp:featuredmedia":[{"embeddable":true,"href":"https:\/\/florsivioles.marketingempresas.es\/en\/wp-json\/wp\/v2\/media\/6518"}],"wp:attachment":[{"href":"https:\/\/florsivioles.marketingempresas.es\/en\/wp-json\/wp\/v2\/media?parent=6055"}],"wp:term":[{"taxonomy":"product_brand","embeddable":true,"href":"https:\/\/florsivioles.marketingempresas.es\/en\/wp-json\/wp\/v2\/product_brand?post=6055"},{"taxonomy":"product_cat","embeddable":true,"href":"https:\/\/florsivioles.marketingempresas.es\/en\/wp-json\/wp\/v2\/product_cat?post=6055"},{"taxonomy":"product_tag","embeddable":true,"href":"https:\/\/florsivioles.marketingempresas.es\/en\/wp-json\/wp\/v2\/product_tag?post=6055"},{"taxonomy":"receta","embeddable":true,"href":"https:\/\/florsivioles.marketingempresas.es\/en\/wp-json\/wp\/v2\/taxonomy\/receta?post=6055"}],"curies":[{"name":"wp","href":"https:\/\/api.w.org\/{rel}","templated":true}]}}