{"id":6054,"date":"2022-11-24T09:42:00","date_gmt":"2022-11-24T08:42:00","guid":{"rendered":"https:\/\/florsivioles.marketingempresas.es\/?post_type=product&#038;p=6054"},"modified":"2023-11-16T18:50:01","modified_gmt":"2023-11-16T17:50:01","slug":"salsa-de-tomate-con-albahaca-ecologica","status":"publish","type":"product","link":"https:\/\/florsivioles.marketingempresas.es\/en\/product\/salsa-de-tomate-con-albahaca-ecologica\/","title":{"rendered":"Organic Tomato Sauce with Basil"},"content":{"rendered":"<p>Salsa de tomate arom\u00e1tica con un delicioso y delicado toque de albahaca para a\u00f1adir en cualquier receta y disfrutar de una salsa de sabor natural e inconfundible. Elaborada con ingredientes 100% ecol\u00f3gicos y de alta calidad.<\/p>\n<h2>Ingredientes:<\/h2>\n<p>Tomate* (98,5%) (salsa de tomate*, concentrado de tomate*), albahaca* (1%), sal.<\/p>\n<div class=\"product-bio_text\"><strong>* de agricultura ecol\u00f3gica<\/strong><\/div>","protected":false},"excerpt":{"rendered":"<p>350gr Jar<\/p>","protected":false},"featured_media":6059,"template":"","meta":{"_uag_custom_page_level_css":""},"product_brand":[],"product_cat":[27,47],"product_tag":[100,726,729,725,694,727,728],"taxonomy\/receta":[],"class_list":{"0":"post-6054","1":"product","2":"type-product","3":"status-publish","4":"has-post-thumbnail","6":"product_cat-bio","7":"product_cat-pastas-ecologicas","8":"product_tag-albahaca","9":"product_tag-licopenos","10":"product_tag-salsa-casera-ecologica","11":"product_tag-salsa-ecologica","12":"product_tag-tomate-ecologico","13":"product_tag-vitamina-a","14":"product_tag-vitamina-c","15":"product_shipping_class-envio-gratuito","17":"first","18":"instock","19":"taxable","20":"shipping-taxable","21":"purchasable","22":"product-type-simple"},"uagb_featured_image_src":{"full":["https:\/\/florsivioles.marketingempresas.es\/wp-content\/uploads\/2022\/11\/Salsa-de-tomate-con-albahaca-1.jpg",1024,768,false],"thumbnail":["https:\/\/florsivioles.marketingempresas.es\/wp-content\/uploads\/2022\/11\/Salsa-de-tomate-con-albahaca-1-150x113.jpg",150,113,true],"medium":["https:\/\/florsivioles.marketingempresas.es\/wp-content\/uploads\/2022\/11\/Salsa-de-tomate-con-albahaca-1-364x273.jpg",364,273,true],"medium_large":["https:\/\/florsivioles.marketingempresas.es\/wp-content\/uploads\/2022\/11\/Salsa-de-tomate-con-albahaca-1-768x576.jpg",768,576,true],"large":["https:\/\/florsivioles.marketingempresas.es\/wp-content\/uploads\/2022\/11\/Salsa-de-tomate-con-albahaca-1.jpg",1024,768,false],"1536x1536":["https:\/\/florsivioles.marketingempresas.es\/wp-content\/uploads\/2022\/11\/Salsa-de-tomate-con-albahaca-1.jpg",1024,768,false],"2048x2048":["https:\/\/florsivioles.marketingempresas.es\/wp-content\/uploads\/2022\/11\/Salsa-de-tomate-con-albahaca-1.jpg",1024,768,false],"trp-custom-language-flag":["https:\/\/florsivioles.marketingempresas.es\/wp-content\/uploads\/2022\/11\/Salsa-de-tomate-con-albahaca-1-16x12.jpg",16,12,true],"woocommerce_thumbnail":["https:\/\/florsivioles.marketingempresas.es\/wp-content\/uploads\/2022\/11\/Salsa-de-tomate-con-albahaca-1-260x260.jpg",260,260,true],"woocommerce_single":["https:\/\/florsivioles.marketingempresas.es\/wp-content\/uploads\/2022\/11\/Salsa-de-tomate-con-albahaca-1-360x270.jpg",360,270,true],"woocommerce_gallery_thumbnail":["https:\/\/florsivioles.marketingempresas.es\/wp-content\/uploads\/2022\/11\/Salsa-de-tomate-con-albahaca-1-100x100.jpg",100,100,true]},"uagb_author_info":{"display_name":"Christian Roig Brown","author_link":"https:\/\/florsivioles.marketingempresas.es\/en\/author\/"},"uagb_comment_info":0,"uagb_excerpt":"Envase de 350 gr.","_links":{"self":[{"href":"https:\/\/florsivioles.marketingempresas.es\/en\/wp-json\/wp\/v2\/product\/6054","targetHints":{"allow":["GET"]}}],"collection":[{"href":"https:\/\/florsivioles.marketingempresas.es\/en\/wp-json\/wp\/v2\/product"}],"about":[{"href":"https:\/\/florsivioles.marketingempresas.es\/en\/wp-json\/wp\/v2\/types\/product"}],"wp:featuredmedia":[{"embeddable":true,"href":"https:\/\/florsivioles.marketingempresas.es\/en\/wp-json\/wp\/v2\/media\/6059"}],"wp:attachment":[{"href":"https:\/\/florsivioles.marketingempresas.es\/en\/wp-json\/wp\/v2\/media?parent=6054"}],"wp:term":[{"taxonomy":"product_brand","embeddable":true,"href":"https:\/\/florsivioles.marketingempresas.es\/en\/wp-json\/wp\/v2\/product_brand?post=6054"},{"taxonomy":"product_cat","embeddable":true,"href":"https:\/\/florsivioles.marketingempresas.es\/en\/wp-json\/wp\/v2\/product_cat?post=6054"},{"taxonomy":"product_tag","embeddable":true,"href":"https:\/\/florsivioles.marketingempresas.es\/en\/wp-json\/wp\/v2\/product_tag?post=6054"},{"taxonomy":"receta","embeddable":true,"href":"https:\/\/florsivioles.marketingempresas.es\/en\/wp-json\/wp\/v2\/taxonomy\/receta?post=6054"}],"curies":[{"name":"wp","href":"https:\/\/api.w.org\/{rel}","templated":true}]}}