{"id":6034,"date":"2022-11-23T08:50:25","date_gmt":"2022-11-23T07:50:25","guid":{"rendered":"https:\/\/florsivioles.marketingempresas.es\/?post_type=product&#038;p=6034"},"modified":"2023-11-16T11:33:49","modified_gmt":"2023-11-16T10:33:49","slug":"bulgur-bio","status":"publish","type":"product","link":"https:\/\/florsivioles.marketingempresas.es\/en\/product\/bulgur-bio\/","title":{"rendered":"Bio Bulgur"},"content":{"rendered":"<p>Bulgur procedente de agricultura ecol\u00f3gica, con un alto contenido de fibra y fuente de prote\u00ednas. De f\u00e1cil digesti\u00f3n, es ideal para a\u00f1adir en sopas, combinar con verduras o elaborar deliciosas croquetas y hamburguesas. Envasado en atm\u00f3sfera protegida para conservar todos sus nutrientes. \u00a1Ahora en envase 100% compostable!<\/p>\n<p>&nbsp;<\/p>\n<h2>Ingredientes<\/h2>\n<p>trigo integral de agricultura ecol\u00f3gica<\/p>\n<div class=\"product-alergenos\"><strong>Al\u00e9rgenos: <\/strong>Puede contener trazas de frutos de c\u00e1scara, soja y s\u00e9samo. Envasado en atm\u00f3sfera protectora.<\/div>","protected":false},"excerpt":{"rendered":"<p>400gr package<\/p>","protected":false},"featured_media":6637,"template":"","meta":{"_uag_custom_page_level_css":""},"product_brand":[],"product_cat":[49,27,1543],"product_tag":[1038,175,130,127,116,226],"taxonomy\/receta":[],"class_list":{"0":"post-6034","1":"product","2":"type-product","3":"status-publish","4":"has-post-thumbnail","6":"product_cat-arroces-legumbres-cereales-bio","7":"product_cat-bio","8":"product_cat-cereales-ecologicos","9":"product_tag-bulgur-bio","10":"product_tag-comprar-verduras-online","11":"product_tag-free-delivery-in-ibiza","12":"product_tag-fruits-and-vegetables-in-ibiza","13":"product_tag-frutas-y-verduras-en-ibiza","14":"product_tag-online-vegetables","15":"product_shipping_class-envio-gratuito","17":"first","18":"instock","19":"taxable","20":"shipping-taxable","21":"purchasable","22":"product-type-simple"},"uagb_featured_image_src":{"full":["https:\/\/florsivioles.marketingempresas.es\/wp-content\/uploads\/2022\/11\/Bulgur-Bio-Flors-i-Violes.jpg",640,554,false],"thumbnail":["https:\/\/florsivioles.marketingempresas.es\/wp-content\/uploads\/2022\/11\/Bulgur-Bio-Flors-i-Violes-150x130.jpg",150,130,true],"medium":["https:\/\/florsivioles.marketingempresas.es\/wp-content\/uploads\/2022\/11\/Bulgur-Bio-Flors-i-Violes-364x315.jpg",364,315,true],"medium_large":["https:\/\/florsivioles.marketingempresas.es\/wp-content\/uploads\/2022\/11\/Bulgur-Bio-Flors-i-Violes.jpg",640,554,false],"large":["https:\/\/florsivioles.marketingempresas.es\/wp-content\/uploads\/2022\/11\/Bulgur-Bio-Flors-i-Violes.jpg",640,554,false],"1536x1536":["https:\/\/florsivioles.marketingempresas.es\/wp-content\/uploads\/2022\/11\/Bulgur-Bio-Flors-i-Violes.jpg",640,554,false],"2048x2048":["https:\/\/florsivioles.marketingempresas.es\/wp-content\/uploads\/2022\/11\/Bulgur-Bio-Flors-i-Violes.jpg",640,554,false],"trp-custom-language-flag":["https:\/\/florsivioles.marketingempresas.es\/wp-content\/uploads\/2022\/11\/Bulgur-Bio-Flors-i-Violes-14x12.jpg",14,12,true],"woocommerce_thumbnail":["https:\/\/florsivioles.marketingempresas.es\/wp-content\/uploads\/2022\/11\/Bulgur-Bio-Flors-i-Violes-260x260.jpg",260,260,true],"woocommerce_single":["https:\/\/florsivioles.marketingempresas.es\/wp-content\/uploads\/2022\/11\/Bulgur-Bio-Flors-i-Violes-360x312.jpg",360,312,true],"woocommerce_gallery_thumbnail":["https:\/\/florsivioles.marketingempresas.es\/wp-content\/uploads\/2022\/11\/Bulgur-Bio-Flors-i-Violes-100x100.jpg",100,100,true]},"uagb_author_info":{"display_name":"Christian Roig Brown","author_link":"https:\/\/florsivioles.marketingempresas.es\/en\/author\/"},"uagb_comment_info":0,"uagb_excerpt":"Paquete de 400 gr.","_links":{"self":[{"href":"https:\/\/florsivioles.marketingempresas.es\/en\/wp-json\/wp\/v2\/product\/6034","targetHints":{"allow":["GET"]}}],"collection":[{"href":"https:\/\/florsivioles.marketingempresas.es\/en\/wp-json\/wp\/v2\/product"}],"about":[{"href":"https:\/\/florsivioles.marketingempresas.es\/en\/wp-json\/wp\/v2\/types\/product"}],"wp:featuredmedia":[{"embeddable":true,"href":"https:\/\/florsivioles.marketingempresas.es\/en\/wp-json\/wp\/v2\/media\/6637"}],"wp:attachment":[{"href":"https:\/\/florsivioles.marketingempresas.es\/en\/wp-json\/wp\/v2\/media?parent=6034"}],"wp:term":[{"taxonomy":"product_brand","embeddable":true,"href":"https:\/\/florsivioles.marketingempresas.es\/en\/wp-json\/wp\/v2\/product_brand?post=6034"},{"taxonomy":"product_cat","embeddable":true,"href":"https:\/\/florsivioles.marketingempresas.es\/en\/wp-json\/wp\/v2\/product_cat?post=6034"},{"taxonomy":"product_tag","embeddable":true,"href":"https:\/\/florsivioles.marketingempresas.es\/en\/wp-json\/wp\/v2\/product_tag?post=6034"},{"taxonomy":"receta","embeddable":true,"href":"https:\/\/florsivioles.marketingempresas.es\/en\/wp-json\/wp\/v2\/taxonomy\/receta?post=6034"}],"curies":[{"name":"wp","href":"https:\/\/api.w.org\/{rel}","templated":true}]}}