{"id":6031,"date":"2022-11-23T08:51:16","date_gmt":"2022-11-23T07:51:16","guid":{"rendered":"https:\/\/florsivioles.marketingempresas.es\/?post_type=product&#038;p=6031"},"modified":"2023-11-16T11:27:30","modified_gmt":"2023-11-16T10:27:30","slug":"arroz-para-sushi-bio","status":"publish","type":"product","link":"https:\/\/florsivioles.marketingempresas.es\/en\/product\/arroz-para-sushi-bio\/","title":{"rendered":"Bio Sushi Rice"},"content":{"rendered":"<p>Si eres un amante del sushi, sabr\u00e1s que el arroz es el alma de cualquier rollo o nigiri. Pero, \u00bfalguna vez has considerado qu\u00e9 tipo de arroz est\u00e1s usando? Aqu\u00ed es donde entra el Arroz para Sushi B\u00edo. Producido bajo estrictas normas de agricultura sostenible, este arroz no solo es bueno para ti, sino tambi\u00e9n para el planeta. \ud83c\udf0d<\/p>\n<p>\u00bfPor qu\u00e9 deber\u00edas elegirlo? Primero, su textura y sabor son incomparables. Al ser org\u00e1nico, conserva todos los nutrientes y sabores naturales que a menudo se pierden en los arroces convencionales. Segundo, es libre de OMG (Organismos Modificados Gen\u00e9ticamente) y pesticidas, lo que significa que est\u00e1s consumiendo un producto puro y natural. \ud83c\udf3e<\/p>\n<p>Adem\u00e1s, al optar por un producto de agricultura sostenible, est\u00e1s apoyando pr\u00e1cticas que respetan la tierra y promueven la biodiversidad. Y no olvidemos el factor saludable; al ser un alimento sin procesar, contribuye a una alimentaci\u00f3n consciente y equilibrada. \ud83e\udd62<\/p>\n<p>As\u00ed que la pr\u00f3xima vez que est\u00e9s preparando sushi en casa, haz una elecci\u00f3n responsable y deliciosa eligiendo Arroz para Sushi B\u00edo. \ud83c\udf63 \u00a1Tu paladar y el planeta te lo agradecer\u00e1n!<\/p>\n<p>Arroz italiano ideal para la preparaci\u00f3n de sushi. Envasado al vac\u00edo para una mayor conservaci\u00f3n. Delicioso acompa\u00f1ado de pickles vegetales enrollado con alga nori. Ideal para disfrutar de una comida 100% oriental.<\/p>\n<p>&nbsp;<\/p>\n<h2>Ingredientes<\/h2>\n<p>Arroz loto italiano de agricultura ecol\u00f3gica.<\/p>","protected":false},"excerpt":{"rendered":"<p>500gr package<\/p>","protected":false},"featured_media":6638,"template":"","meta":{"_uag_custom_page_level_css":""},"product_brand":[],"product_cat":[49,27,1541],"product_tag":[1035,1034,190,1036,1037,123],"taxonomy\/receta":[],"class_list":{"0":"post-6031","1":"product","2":"type-product","3":"status-publish","4":"has-post-thumbnail","6":"product_cat-arroces-legumbres-cereales-bio","7":"product_cat-bio","8":"product_cat-arroces-ecologicos","9":"product_tag-arroz-bio-para-sushi","10":"product_tag-arroz-para-sushi-pulido-bio","11":"product_tag-entrega-a-domicilio-en-ibiza","12":"product_tag-organic-rice","13":"product_tag-tienda-de-frutas-y-verduras-en-ibiza","14":"product_tag-tienda-online-en-ibiza","15":"product_shipping_class-envio-gratuito","17":"first","18":"instock","19":"taxable","20":"shipping-taxable","21":"purchasable","22":"product-type-simple"},"uagb_featured_image_src":{"full":["https:\/\/florsivioles.marketingempresas.es\/wp-content\/uploads\/2022\/11\/Arroz-para-Sushi-Bio-Flors-i-Violes.jpg",640,554,false],"thumbnail":["https:\/\/florsivioles.marketingempresas.es\/wp-content\/uploads\/2022\/11\/Arroz-para-Sushi-Bio-Flors-i-Violes-150x130.jpg",150,130,true],"medium":["https:\/\/florsivioles.marketingempresas.es\/wp-content\/uploads\/2022\/11\/Arroz-para-Sushi-Bio-Flors-i-Violes-364x315.jpg",364,315,true],"medium_large":["https:\/\/florsivioles.marketingempresas.es\/wp-content\/uploads\/2022\/11\/Arroz-para-Sushi-Bio-Flors-i-Violes.jpg",640,554,false],"large":["https:\/\/florsivioles.marketingempresas.es\/wp-content\/uploads\/2022\/11\/Arroz-para-Sushi-Bio-Flors-i-Violes.jpg",640,554,false],"1536x1536":["https:\/\/florsivioles.marketingempresas.es\/wp-content\/uploads\/2022\/11\/Arroz-para-Sushi-Bio-Flors-i-Violes.jpg",640,554,false],"2048x2048":["https:\/\/florsivioles.marketingempresas.es\/wp-content\/uploads\/2022\/11\/Arroz-para-Sushi-Bio-Flors-i-Violes.jpg",640,554,false],"trp-custom-language-flag":["https:\/\/florsivioles.marketingempresas.es\/wp-content\/uploads\/2022\/11\/Arroz-para-Sushi-Bio-Flors-i-Violes-14x12.jpg",14,12,true],"woocommerce_thumbnail":["https:\/\/florsivioles.marketingempresas.es\/wp-content\/uploads\/2022\/11\/Arroz-para-Sushi-Bio-Flors-i-Violes-260x260.jpg",260,260,true],"woocommerce_single":["https:\/\/florsivioles.marketingempresas.es\/wp-content\/uploads\/2022\/11\/Arroz-para-Sushi-Bio-Flors-i-Violes-360x312.jpg",360,312,true],"woocommerce_gallery_thumbnail":["https:\/\/florsivioles.marketingempresas.es\/wp-content\/uploads\/2022\/11\/Arroz-para-Sushi-Bio-Flors-i-Violes-100x100.jpg",100,100,true]},"uagb_author_info":{"display_name":"Christian Roig Brown","author_link":"https:\/\/florsivioles.marketingempresas.es\/en\/author\/"},"uagb_comment_info":0,"uagb_excerpt":"Paquete por 500 gr.","_links":{"self":[{"href":"https:\/\/florsivioles.marketingempresas.es\/en\/wp-json\/wp\/v2\/product\/6031","targetHints":{"allow":["GET"]}}],"collection":[{"href":"https:\/\/florsivioles.marketingempresas.es\/en\/wp-json\/wp\/v2\/product"}],"about":[{"href":"https:\/\/florsivioles.marketingempresas.es\/en\/wp-json\/wp\/v2\/types\/product"}],"wp:featuredmedia":[{"embeddable":true,"href":"https:\/\/florsivioles.marketingempresas.es\/en\/wp-json\/wp\/v2\/media\/6638"}],"wp:attachment":[{"href":"https:\/\/florsivioles.marketingempresas.es\/en\/wp-json\/wp\/v2\/media?parent=6031"}],"wp:term":[{"taxonomy":"product_brand","embeddable":true,"href":"https:\/\/florsivioles.marketingempresas.es\/en\/wp-json\/wp\/v2\/product_brand?post=6031"},{"taxonomy":"product_cat","embeddable":true,"href":"https:\/\/florsivioles.marketingempresas.es\/en\/wp-json\/wp\/v2\/product_cat?post=6031"},{"taxonomy":"product_tag","embeddable":true,"href":"https:\/\/florsivioles.marketingempresas.es\/en\/wp-json\/wp\/v2\/product_tag?post=6031"},{"taxonomy":"receta","embeddable":true,"href":"https:\/\/florsivioles.marketingempresas.es\/en\/wp-json\/wp\/v2\/taxonomy\/receta?post=6031"}],"curies":[{"name":"wp","href":"https:\/\/api.w.org\/{rel}","templated":true}]}}