{"id":6028,"date":"2022-11-23T08:53:13","date_gmt":"2022-11-23T07:53:13","guid":{"rendered":"https:\/\/florsivioles.marketingempresas.es\/?post_type=product&#038;p=6028"},"modified":"2023-11-16T11:27:10","modified_gmt":"2023-11-16T10:27:10","slug":"arroz-integral-negro-bio","status":"publish","type":"product","link":"https:\/\/florsivioles.marketingempresas.es\/en\/product\/arroz-integral-negro-bio\/","title":{"rendered":"Bio Black Brown Rice"},"content":{"rendered":"<p>Si buscas darle un giro saludable y ex\u00f3tico a tus comidas, el Arroz Integral Negro B\u00edo es tu mejor aliado. Originario de Asia, este grano es conocido como el &#8220;arroz prohibido&#8221; debido a su rareza y valor nutricional. Pero, \u00a1no te preocupes! En Flors i Violes, lo tenemos disponible para ti con env\u00edo gratuito en toda la isla de Ibiza.<\/p>\n<p>Arroz integral venere negro procedente de agricultura ecol\u00f3gica. Incluido en una completa l\u00ednea de arroces especiales: arroz basmati blanco, arroz basmati integral, arroz thai, arroz dulce mochi y arroz rojo selv\u00e1tico. Es un arroz de sabor aut\u00e9ntico y ex\u00f3tico ideal para preparar una comida diferente.<\/p>\n<p>\u00bfPor qu\u00e9 es tan especial? Primero, es rico en antioxidantes llamados antocianinas, que ayudan a combatir los radicales libres. Adem\u00e1s, su alto contenido de fibra mejora la digesti\u00f3n y te mantiene saciado por m\u00e1s tiempo. \u00bfEres vegano o vegetariano? Este arroz es una excelente fuente de prote\u00ednas vegetales.<\/p>\n<p>En el \u00e1mbito de la sostenibilidad, el Arroz Integral Negro B\u00edo se cultiva siguiendo pr\u00e1cticas de agricultura biodin\u00e1mica, lo que significa que es bueno para ti y para el planeta. Y si te preocupa el sabor, te encantar\u00e1 su textura firme y su sabor a nuez, que a\u00f1ade un toque gourmet a cualquier plato.<\/p>\n<p>As\u00ed que, si quieres comer de manera m\u00e1s saludable sin sacrificar el sabor, este arroz es la opci\u00f3n perfecta. \u00a1Atr\u00e9vete a probarlo!<\/p>\n<h2>Ingredientes<\/h2>\n<p>Arroz negro integral pulido de agricultura ecol\u00f3gica.<\/p>\n<div class=\"product-alergenos\"><strong>Al\u00e9rgenos: <\/strong>Puede contener trazas de frutos de c\u00e1scara y s\u00e9samo. Sin gluten<\/div>\n<div class=\"product-bio_text\">* de agricultura ecol\u00f3gica<\/div>","protected":false},"excerpt":{"rendered":"<p>400gr package<\/p>","protected":false},"featured_media":6639,"template":"","meta":{"_uag_custom_page_level_css":""},"product_brand":[],"product_cat":[49,27,1541,1209],"product_tag":[1031,1032,223,1030,71,1033],"taxonomy\/receta":[],"class_list":{"0":"post-6028","1":"product","2":"type-product","3":"status-publish","4":"has-post-thumbnail","6":"product_cat-arroces-legumbres-cereales-bio","7":"product_cat-bio","8":"product_cat-arroces-ecologicos","9":"product_cat-sin-gluten-bio","10":"product_tag-arroz-integral-negro-pulido-bio","11":"product_tag-black-rice","12":"product_tag-organic-products-in-ibiza","13":"product_tag-organic-rice-in-ibiza","14":"product_tag-productos-bio-en-ibiza","15":"product_tag-tienda-bio-en-ibiza","16":"product_shipping_class-envio-gratuito","18":"first","19":"instock","20":"taxable","21":"shipping-taxable","22":"purchasable","23":"product-type-simple"},"uagb_featured_image_src":{"full":["https:\/\/florsivioles.marketingempresas.es\/wp-content\/uploads\/2022\/11\/Arroz-Integral-Negro-Bio-Flors-i-Violes.jpg",640,554,false],"thumbnail":["https:\/\/florsivioles.marketingempresas.es\/wp-content\/uploads\/2022\/11\/Arroz-Integral-Negro-Bio-Flors-i-Violes-150x130.jpg",150,130,true],"medium":["https:\/\/florsivioles.marketingempresas.es\/wp-content\/uploads\/2022\/11\/Arroz-Integral-Negro-Bio-Flors-i-Violes-364x315.jpg",364,315,true],"medium_large":["https:\/\/florsivioles.marketingempresas.es\/wp-content\/uploads\/2022\/11\/Arroz-Integral-Negro-Bio-Flors-i-Violes.jpg",640,554,false],"large":["https:\/\/florsivioles.marketingempresas.es\/wp-content\/uploads\/2022\/11\/Arroz-Integral-Negro-Bio-Flors-i-Violes.jpg",640,554,false],"1536x1536":["https:\/\/florsivioles.marketingempresas.es\/wp-content\/uploads\/2022\/11\/Arroz-Integral-Negro-Bio-Flors-i-Violes.jpg",640,554,false],"2048x2048":["https:\/\/florsivioles.marketingempresas.es\/wp-content\/uploads\/2022\/11\/Arroz-Integral-Negro-Bio-Flors-i-Violes.jpg",640,554,false],"trp-custom-language-flag":["https:\/\/florsivioles.marketingempresas.es\/wp-content\/uploads\/2022\/11\/Arroz-Integral-Negro-Bio-Flors-i-Violes-14x12.jpg",14,12,true],"woocommerce_thumbnail":["https:\/\/florsivioles.marketingempresas.es\/wp-content\/uploads\/2022\/11\/Arroz-Integral-Negro-Bio-Flors-i-Violes-260x260.jpg",260,260,true],"woocommerce_single":["https:\/\/florsivioles.marketingempresas.es\/wp-content\/uploads\/2022\/11\/Arroz-Integral-Negro-Bio-Flors-i-Violes-360x312.jpg",360,312,true],"woocommerce_gallery_thumbnail":["https:\/\/florsivioles.marketingempresas.es\/wp-content\/uploads\/2022\/11\/Arroz-Integral-Negro-Bio-Flors-i-Violes-100x100.jpg",100,100,true]},"uagb_author_info":{"display_name":"Christian Roig Brown","author_link":"https:\/\/florsivioles.marketingempresas.es\/en\/author\/"},"uagb_comment_info":0,"uagb_excerpt":"Paquete por 400 gr.","_links":{"self":[{"href":"https:\/\/florsivioles.marketingempresas.es\/en\/wp-json\/wp\/v2\/product\/6028","targetHints":{"allow":["GET"]}}],"collection":[{"href":"https:\/\/florsivioles.marketingempresas.es\/en\/wp-json\/wp\/v2\/product"}],"about":[{"href":"https:\/\/florsivioles.marketingempresas.es\/en\/wp-json\/wp\/v2\/types\/product"}],"wp:featuredmedia":[{"embeddable":true,"href":"https:\/\/florsivioles.marketingempresas.es\/en\/wp-json\/wp\/v2\/media\/6639"}],"wp:attachment":[{"href":"https:\/\/florsivioles.marketingempresas.es\/en\/wp-json\/wp\/v2\/media?parent=6028"}],"wp:term":[{"taxonomy":"product_brand","embeddable":true,"href":"https:\/\/florsivioles.marketingempresas.es\/en\/wp-json\/wp\/v2\/product_brand?post=6028"},{"taxonomy":"product_cat","embeddable":true,"href":"https:\/\/florsivioles.marketingempresas.es\/en\/wp-json\/wp\/v2\/product_cat?post=6028"},{"taxonomy":"product_tag","embeddable":true,"href":"https:\/\/florsivioles.marketingempresas.es\/en\/wp-json\/wp\/v2\/product_tag?post=6028"},{"taxonomy":"receta","embeddable":true,"href":"https:\/\/florsivioles.marketingempresas.es\/en\/wp-json\/wp\/v2\/taxonomy\/receta?post=6028"}],"curies":[{"name":"wp","href":"https:\/\/api.w.org\/{rel}","templated":true}]}}