{"id":6025,"date":"2022-11-23T08:52:16","date_gmt":"2022-11-23T07:52:16","guid":{"rendered":"https:\/\/florsivioles.marketingempresas.es\/?post_type=product&#038;p=6025"},"modified":"2024-02-07T16:33:53","modified_gmt":"2024-02-07T15:33:53","slug":"arroz-integral-rojo-selvatico-bio","status":"publish","type":"product","link":"https:\/\/florsivioles.marketingempresas.es\/en\/product\/arroz-integral-rojo-selvatico-bio\/","title":{"rendered":"Bio Wild Red Brown Rice"},"content":{"rendered":"<p>El Arroz Integral Rojo Selv\u00e1tico B\u00edo es una joya en el mundo de los alimentos ecol\u00f3gicos. Este arroz, cultivado de manera sostenible, no solo es una deliciosa adici\u00f3n a tus comidas, sino que tambi\u00e9n est\u00e1 repleto de beneficios para la salud. Su color rojo distintivo no solo es atractivo visualmente, sino que tambi\u00e9n indica su alto contenido de antioxidantes, como los flavonoides y antocianinas, que pueden ayudar a combatir los radicales libres y promover una piel saludable.<\/p>\n<p>Adem\u00e1s, este arroz es una fuente rica de nutrientes esenciales como fibra, vitaminas del grupo B y minerales como el hierro y el zinc. Su textura firme y su sabor ligeramente nuez lo convierten en un acompa\u00f1amiento perfecto para una variedad de platos. \u00bfSigues una dieta vegana o vegetariana? Buenas noticias, el Arroz Integral Rojo Selv\u00e1tico B\u00edo es una fuente de prote\u00edna vegetal de alta calidad.<\/p>\n<p>Cuando eliges este arroz, tambi\u00e9n apoyas la agricultura sostenible y el comercio justo, ya que se cultiva de manera org\u00e1nica y se obtiene de forma responsable. Adem\u00e1s, es un alimento sin OMG y libre de pesticidas, lo que garantiza que est\u00e1s disfrutando de una opci\u00f3n de alimentaci\u00f3n consciente. As\u00ed que, si buscas una manera deliciosa y saludable de elevar tus comidas, elige el Arroz Integral Rojo Selv\u00e1tico B\u00edo y descubre un mundo de sabor y bienestar en cada bocado.<\/p>\n<p>El arroz integral rojo selv\u00e1tico, procedente de agricultura ecol\u00f3gica, es ideal para la elaboraci\u00f3n de recetas ex\u00f3ticas o como guarnici\u00f3n de muchos tipos de platos. Es perfecto para combinar con cualquier condimento como el aceite extra virgen de oliva, el gomasio o la salsa de soja y est\u00e1 incluido en una completa l\u00ednea de arroces especiales con el arroz basmati blanco, el arroz basmati integral, el arroz thai, el arroz dulce mochi o el arroz venere negro.<\/p>\n<p>&nbsp;<\/p>\n<h2>Ingredientes<\/h2>\n<p>Arroz integral rojo*<\/p>\n<div class=\"product-alergenos\"><strong>Al\u00e9rgenos: <\/strong>SIN GLUTEN. Puede contener trazas de frutos de c\u00e1scara.<\/div>\n<div class=\"product-bio_text\">* de agricultura ecol\u00f3gica<\/div>","protected":false},"excerpt":{"rendered":"<p>Paquete de 400gr.<\/p>","protected":false},"featured_media":6640,"template":"","meta":{"_uag_custom_page_level_css":""},"product_brand":[],"product_cat":[49,27,1541,1209],"product_tag":[1468,1029,364,921,79,1030,443,1017],"taxonomy\/receta":[],"class_list":{"0":"post-6025","1":"product","2":"type-product","3":"status-publish","4":"has-post-thumbnail","6":"product_cat-arroces-legumbres-cereales-bio","7":"product_cat-bio","8":"product_cat-arroces-ecologicos","9":"product_cat-sin-gluten-bio","10":"product_tag-arroz-integral-rojo-selvatico-bio","11":"product_tag-arroz-integral-rojo-selvatico-pulido-bio","12":"product_tag-bio-products-in-ibiza","13":"product_tag-gluten-free","14":"product_tag-organic-products","15":"product_tag-organic-rice-in-ibiza","16":"product_tag-sin-gluten","17":"product_tag-vegan","18":"product_shipping_class-envio-gratuito","20":"first","21":"instock","22":"taxable","23":"shipping-taxable","24":"purchasable","25":"product-type-simple"},"uagb_featured_image_src":{"full":["https:\/\/florsivioles.marketingempresas.es\/wp-content\/uploads\/2022\/11\/Arroz-Integral-Rojo-Selvatico-Bio-Flors-i-Violes.jpg",640,554,false],"thumbnail":["https:\/\/florsivioles.marketingempresas.es\/wp-content\/uploads\/2022\/11\/Arroz-Integral-Rojo-Selvatico-Bio-Flors-i-Violes-150x130.jpg",150,130,true],"medium":["https:\/\/florsivioles.marketingempresas.es\/wp-content\/uploads\/2022\/11\/Arroz-Integral-Rojo-Selvatico-Bio-Flors-i-Violes-364x315.jpg",364,315,true],"medium_large":["https:\/\/florsivioles.marketingempresas.es\/wp-content\/uploads\/2022\/11\/Arroz-Integral-Rojo-Selvatico-Bio-Flors-i-Violes.jpg",640,554,false],"large":["https:\/\/florsivioles.marketingempresas.es\/wp-content\/uploads\/2022\/11\/Arroz-Integral-Rojo-Selvatico-Bio-Flors-i-Violes.jpg",640,554,false],"1536x1536":["https:\/\/florsivioles.marketingempresas.es\/wp-content\/uploads\/2022\/11\/Arroz-Integral-Rojo-Selvatico-Bio-Flors-i-Violes.jpg",640,554,false],"2048x2048":["https:\/\/florsivioles.marketingempresas.es\/wp-content\/uploads\/2022\/11\/Arroz-Integral-Rojo-Selvatico-Bio-Flors-i-Violes.jpg",640,554,false],"trp-custom-language-flag":["https:\/\/florsivioles.marketingempresas.es\/wp-content\/uploads\/2022\/11\/Arroz-Integral-Rojo-Selvatico-Bio-Flors-i-Violes-14x12.jpg",14,12,true],"woocommerce_thumbnail":["https:\/\/florsivioles.marketingempresas.es\/wp-content\/uploads\/2022\/11\/Arroz-Integral-Rojo-Selvatico-Bio-Flors-i-Violes-260x260.jpg",260,260,true],"woocommerce_single":["https:\/\/florsivioles.marketingempresas.es\/wp-content\/uploads\/2022\/11\/Arroz-Integral-Rojo-Selvatico-Bio-Flors-i-Violes-360x312.jpg",360,312,true],"woocommerce_gallery_thumbnail":["https:\/\/florsivioles.marketingempresas.es\/wp-content\/uploads\/2022\/11\/Arroz-Integral-Rojo-Selvatico-Bio-Flors-i-Violes-100x100.jpg",100,100,true]},"uagb_author_info":{"display_name":"Christian Roig Brown","author_link":"https:\/\/florsivioles.marketingempresas.es\/en\/author\/"},"uagb_comment_info":0,"uagb_excerpt":"Paquete de 400gr.","_links":{"self":[{"href":"https:\/\/florsivioles.marketingempresas.es\/en\/wp-json\/wp\/v2\/product\/6025","targetHints":{"allow":["GET"]}}],"collection":[{"href":"https:\/\/florsivioles.marketingempresas.es\/en\/wp-json\/wp\/v2\/product"}],"about":[{"href":"https:\/\/florsivioles.marketingempresas.es\/en\/wp-json\/wp\/v2\/types\/product"}],"wp:featuredmedia":[{"embeddable":true,"href":"https:\/\/florsivioles.marketingempresas.es\/en\/wp-json\/wp\/v2\/media\/6640"}],"wp:attachment":[{"href":"https:\/\/florsivioles.marketingempresas.es\/en\/wp-json\/wp\/v2\/media?parent=6025"}],"wp:term":[{"taxonomy":"product_brand","embeddable":true,"href":"https:\/\/florsivioles.marketingempresas.es\/en\/wp-json\/wp\/v2\/product_brand?post=6025"},{"taxonomy":"product_cat","embeddable":true,"href":"https:\/\/florsivioles.marketingempresas.es\/en\/wp-json\/wp\/v2\/product_cat?post=6025"},{"taxonomy":"product_tag","embeddable":true,"href":"https:\/\/florsivioles.marketingempresas.es\/en\/wp-json\/wp\/v2\/product_tag?post=6025"},{"taxonomy":"receta","embeddable":true,"href":"https:\/\/florsivioles.marketingempresas.es\/en\/wp-json\/wp\/v2\/taxonomy\/receta?post=6025"}],"curies":[{"name":"wp","href":"https:\/\/api.w.org\/{rel}","templated":true}]}}