{"id":6016,"date":"2022-11-24T09:57:47","date_gmt":"2022-11-24T08:57:47","guid":{"rendered":"https:\/\/florsivioles.marketingempresas.es\/?post_type=product&#038;p=6016"},"modified":"2024-02-19T08:43:59","modified_gmt":"2024-02-19T07:43:59","slug":"espirales-de-arroz-y-curcuma-bio","status":"publish","type":"product","link":"https:\/\/florsivioles.marketingempresas.es\/en\/product\/espirales-de-arroz-y-curcuma-bio\/","title":{"rendered":"Organic Turmeric and Rice Spirals"},"content":{"rendered":"<p>Deliciosos espirales de arroz y c\u00farcuma b\u00edo, elaborados con ingredientes de cultivo ecol\u00f3gico. La c\u00farcuma, adem\u00e1s de aportar el color anaranjado y el potente aroma a los fusilli, es considerada una especie con propiedades antiinflamatorias y antioxidantes. El resultado, una mezcla sorprendente y digestiva, rica en fibra y ideal para preparar ensaladas de pasta o platos de pasta especiados. Gluten free y apto para personas vegetarianas y veganas.<\/p>","protected":false},"excerpt":{"rendered":"<p>250gr pack<\/p>","protected":false},"featured_media":6642,"template":"","meta":{"_uag_custom_page_level_css":""},"product_brand":[],"product_cat":[47,27,1544,1209],"product_tag":[1024,1025,1018,1026,443,1017],"taxonomy\/receta":[],"class_list":{"0":"post-6016","1":"product","2":"type-product","3":"status-publish","4":"has-post-thumbnail","6":"product_cat-pastas-ecologicas","7":"product_cat-bio","8":"product_cat-harinas-y-pastas-bio","9":"product_cat-sin-gluten-bio","10":"product_tag-espirales-de-arroz-y-curcuma-bio","11":"product_tag-fusillis-de-arroz-y-curcuma","12":"product_tag-pastas-bio","13":"product_tag-productos-organicos-en-ibiza","14":"product_tag-sin-gluten","15":"product_tag-vegan","16":"product_shipping_class-envio-gratuito","18":"first","19":"instock","20":"featured","21":"taxable","22":"shipping-taxable","23":"purchasable","24":"product-type-simple"},"uagb_featured_image_src":{"full":["https:\/\/florsivioles.marketingempresas.es\/wp-content\/uploads\/2022\/11\/Espirales-de-Arroz-y-Curcuma-Bio-Flors-i-Violes.jpg",640,554,false],"thumbnail":["https:\/\/florsivioles.marketingempresas.es\/wp-content\/uploads\/2022\/11\/Espirales-de-Arroz-y-Curcuma-Bio-Flors-i-Violes-150x130.jpg",150,130,true],"medium":["https:\/\/florsivioles.marketingempresas.es\/wp-content\/uploads\/2022\/11\/Espirales-de-Arroz-y-Curcuma-Bio-Flors-i-Violes-364x315.jpg",364,315,true],"medium_large":["https:\/\/florsivioles.marketingempresas.es\/wp-content\/uploads\/2022\/11\/Espirales-de-Arroz-y-Curcuma-Bio-Flors-i-Violes.jpg",640,554,false],"large":["https:\/\/florsivioles.marketingempresas.es\/wp-content\/uploads\/2022\/11\/Espirales-de-Arroz-y-Curcuma-Bio-Flors-i-Violes.jpg",640,554,false],"1536x1536":["https:\/\/florsivioles.marketingempresas.es\/wp-content\/uploads\/2022\/11\/Espirales-de-Arroz-y-Curcuma-Bio-Flors-i-Violes.jpg",640,554,false],"2048x2048":["https:\/\/florsivioles.marketingempresas.es\/wp-content\/uploads\/2022\/11\/Espirales-de-Arroz-y-Curcuma-Bio-Flors-i-Violes.jpg",640,554,false],"trp-custom-language-flag":["https:\/\/florsivioles.marketingempresas.es\/wp-content\/uploads\/2022\/11\/Espirales-de-Arroz-y-Curcuma-Bio-Flors-i-Violes-14x12.jpg",14,12,true],"woocommerce_thumbnail":["https:\/\/florsivioles.marketingempresas.es\/wp-content\/uploads\/2022\/11\/Espirales-de-Arroz-y-Curcuma-Bio-Flors-i-Violes-260x260.jpg",260,260,true],"woocommerce_single":["https:\/\/florsivioles.marketingempresas.es\/wp-content\/uploads\/2022\/11\/Espirales-de-Arroz-y-Curcuma-Bio-Flors-i-Violes-360x312.jpg",360,312,true],"woocommerce_gallery_thumbnail":["https:\/\/florsivioles.marketingempresas.es\/wp-content\/uploads\/2022\/11\/Espirales-de-Arroz-y-Curcuma-Bio-Flors-i-Violes-100x100.jpg",100,100,true]},"uagb_author_info":{"display_name":"Christian Roig Brown","author_link":"https:\/\/florsivioles.marketingempresas.es\/en\/author\/"},"uagb_comment_info":0,"uagb_excerpt":"Paquete por 250 gr.","_links":{"self":[{"href":"https:\/\/florsivioles.marketingempresas.es\/en\/wp-json\/wp\/v2\/product\/6016","targetHints":{"allow":["GET"]}}],"collection":[{"href":"https:\/\/florsivioles.marketingempresas.es\/en\/wp-json\/wp\/v2\/product"}],"about":[{"href":"https:\/\/florsivioles.marketingempresas.es\/en\/wp-json\/wp\/v2\/types\/product"}],"wp:featuredmedia":[{"embeddable":true,"href":"https:\/\/florsivioles.marketingempresas.es\/en\/wp-json\/wp\/v2\/media\/6642"}],"wp:attachment":[{"href":"https:\/\/florsivioles.marketingempresas.es\/en\/wp-json\/wp\/v2\/media?parent=6016"}],"wp:term":[{"taxonomy":"product_brand","embeddable":true,"href":"https:\/\/florsivioles.marketingempresas.es\/en\/wp-json\/wp\/v2\/product_brand?post=6016"},{"taxonomy":"product_cat","embeddable":true,"href":"https:\/\/florsivioles.marketingempresas.es\/en\/wp-json\/wp\/v2\/product_cat?post=6016"},{"taxonomy":"product_tag","embeddable":true,"href":"https:\/\/florsivioles.marketingempresas.es\/en\/wp-json\/wp\/v2\/product_tag?post=6016"},{"taxonomy":"receta","embeddable":true,"href":"https:\/\/florsivioles.marketingempresas.es\/en\/wp-json\/wp\/v2\/taxonomy\/receta?post=6016"}],"curies":[{"name":"wp","href":"https:\/\/api.w.org\/{rel}","templated":true}]}}