{"id":6012,"date":"2022-11-24T09:50:35","date_gmt":"2022-11-24T08:50:35","guid":{"rendered":"https:\/\/florsivioles.marketingempresas.es\/?post_type=product&#038;p=6012"},"modified":"2023-11-16T12:05:23","modified_gmt":"2023-11-16T11:05:23","slug":"macarrones-de-garbanzos-bio","status":"publish","type":"product","link":"https:\/\/florsivioles.marketingempresas.es\/en\/product\/macarrones-de-garbanzos-bio\/","title":{"rendered":"Chickpea Macaroni Bio"},"content":{"rendered":"<p>Deliciosos macarrones de garbanzos b\u00edo procedentes de agricultura ecol\u00f3gica. Con un alto contenido en fibra y en prote\u00edna, esta pasta de garbanzos es una fuente de carbohidratos complejos, que libera energ\u00eda de forma constante y duradera. Una opci\u00f3n f\u00e1cil, sana y sorprendente para acompa\u00f1ar con una salsa de frutos secos, un sofrito de verduras o un mix de tofu y algas del mar. Apto para veganos.<\/p>\n<p>&nbsp;<\/p>\n<h2>Ingredientes<\/h2>\n<p>Harina de garbanzos*, agua.<\/p>\n<div class=\"product-bio_text\">* de agricultura ecol\u00f3gica<\/div>","protected":false},"excerpt":{"rendered":"<p>250gr pack<\/p>","protected":false},"featured_media":6540,"template":"","meta":{"_uag_custom_page_level_css":""},"product_brand":[],"product_cat":[47,27,1544,1209],"product_tag":[164,133,1019,1022,1021,1020,443,1017],"taxonomy\/receta":[],"class_list":{"0":"post-6012","1":"product","2":"type-product","3":"status-publish","4":"has-post-thumbnail","6":"product_cat-pastas-ecologicas","7":"product_cat-bio","8":"product_cat-harinas-y-pastas-bio","9":"product_cat-sin-gluten-bio","10":"product_tag-entrega-a-domicilio","11":"product_tag-free-delivery","12":"product_tag-macarrones-de-garbanzos-bio","13":"product_tag-organic-pasta","14":"product_tag-pasta-bio","15":"product_tag-pasta-bio-en-ibiza","16":"product_tag-sin-gluten","17":"product_tag-vegan","18":"product_shipping_class-envio-gratuito","20":"first","21":"instock","22":"taxable","23":"shipping-taxable","24":"purchasable","25":"product-type-simple"},"uagb_featured_image_src":{"full":["https:\/\/florsivioles.marketingempresas.es\/wp-content\/uploads\/2022\/12\/Macarrones-de-Garbanzos-Ecologicos.jpg",640,554,false],"thumbnail":["https:\/\/florsivioles.marketingempresas.es\/wp-content\/uploads\/2022\/12\/Macarrones-de-Garbanzos-Ecologicos-150x130.jpg",150,130,true],"medium":["https:\/\/florsivioles.marketingempresas.es\/wp-content\/uploads\/2022\/12\/Macarrones-de-Garbanzos-Ecologicos-364x315.jpg",364,315,true],"medium_large":["https:\/\/florsivioles.marketingempresas.es\/wp-content\/uploads\/2022\/12\/Macarrones-de-Garbanzos-Ecologicos.jpg",640,554,false],"large":["https:\/\/florsivioles.marketingempresas.es\/wp-content\/uploads\/2022\/12\/Macarrones-de-Garbanzos-Ecologicos.jpg",640,554,false],"1536x1536":["https:\/\/florsivioles.marketingempresas.es\/wp-content\/uploads\/2022\/12\/Macarrones-de-Garbanzos-Ecologicos.jpg",640,554,false],"2048x2048":["https:\/\/florsivioles.marketingempresas.es\/wp-content\/uploads\/2022\/12\/Macarrones-de-Garbanzos-Ecologicos.jpg",640,554,false],"trp-custom-language-flag":["https:\/\/florsivioles.marketingempresas.es\/wp-content\/uploads\/2022\/12\/Macarrones-de-Garbanzos-Ecologicos-14x12.jpg",14,12,true],"woocommerce_thumbnail":["https:\/\/florsivioles.marketingempresas.es\/wp-content\/uploads\/2022\/12\/Macarrones-de-Garbanzos-Ecologicos-260x260.jpg",260,260,true],"woocommerce_single":["https:\/\/florsivioles.marketingempresas.es\/wp-content\/uploads\/2022\/12\/Macarrones-de-Garbanzos-Ecologicos-360x312.jpg",360,312,true],"woocommerce_gallery_thumbnail":["https:\/\/florsivioles.marketingempresas.es\/wp-content\/uploads\/2022\/12\/Macarrones-de-Garbanzos-Ecologicos-100x100.jpg",100,100,true]},"uagb_author_info":{"display_name":"Christian Roig Brown","author_link":"https:\/\/florsivioles.marketingempresas.es\/en\/author\/"},"uagb_comment_info":0,"uagb_excerpt":"Paquete por 250 gr.","_links":{"self":[{"href":"https:\/\/florsivioles.marketingempresas.es\/en\/wp-json\/wp\/v2\/product\/6012","targetHints":{"allow":["GET"]}}],"collection":[{"href":"https:\/\/florsivioles.marketingempresas.es\/en\/wp-json\/wp\/v2\/product"}],"about":[{"href":"https:\/\/florsivioles.marketingempresas.es\/en\/wp-json\/wp\/v2\/types\/product"}],"wp:featuredmedia":[{"embeddable":true,"href":"https:\/\/florsivioles.marketingempresas.es\/en\/wp-json\/wp\/v2\/media\/6540"}],"wp:attachment":[{"href":"https:\/\/florsivioles.marketingempresas.es\/en\/wp-json\/wp\/v2\/media?parent=6012"}],"wp:term":[{"taxonomy":"product_brand","embeddable":true,"href":"https:\/\/florsivioles.marketingempresas.es\/en\/wp-json\/wp\/v2\/product_brand?post=6012"},{"taxonomy":"product_cat","embeddable":true,"href":"https:\/\/florsivioles.marketingempresas.es\/en\/wp-json\/wp\/v2\/product_cat?post=6012"},{"taxonomy":"product_tag","embeddable":true,"href":"https:\/\/florsivioles.marketingempresas.es\/en\/wp-json\/wp\/v2\/product_tag?post=6012"},{"taxonomy":"receta","embeddable":true,"href":"https:\/\/florsivioles.marketingempresas.es\/en\/wp-json\/wp\/v2\/taxonomy\/receta?post=6012"}],"curies":[{"name":"wp","href":"https:\/\/api.w.org\/{rel}","templated":true}]}}