{"id":6006,"date":"2022-11-24T09:58:32","date_gmt":"2022-11-24T08:58:32","guid":{"rendered":"https:\/\/florsivioles.marketingempresas.es\/?post_type=product&#038;p=6006"},"modified":"2023-11-16T12:04:26","modified_gmt":"2023-11-16T11:04:26","slug":"espaghetti-de-maiz-y-arroz-ecologicos","status":"publish","type":"product","link":"https:\/\/florsivioles.marketingempresas.es\/en\/product\/espaghetti-de-maiz-y-arroz-ecologicos\/","title":{"rendered":"Organic Corn and Rice Spaghetti"},"content":{"rendered":"<p>Espaghetti de ma\u00edz y arroz ecol\u00f3gicos sin gluten elaborada con productos ecol\u00f3gicos cultivados en el norte de Italia. Con una receta especialmente ideada para lograr el equilibrio perfecto de sabores entre el ma\u00edz y el arroz. Estos espaguetis son la alternativa perfecta para combinar con un salteado de verduras, pestos o salsas.<\/p>\n<h2>Ingredientes<\/h2>\n<p>Harina de ma\u00edz* (80%) , harina de arroz* (20%).<\/p>\n<div class=\"product-alergenos\">\n<p><strong>Al\u00e9rgenos: <\/strong>Puede contener trazas de altramuces y soja.<\/p>\n<\/div>\n<div class=\"product-bio_text\"><strong>* de agricultura ecol\u00f3gica<\/strong><\/div>","protected":false},"excerpt":{"rendered":"<p>250gr pack<\/p>","protected":false},"featured_media":6645,"template":"","meta":{"_uag_custom_page_level_css":""},"product_brand":[],"product_cat":[47,27,1544,1209],"product_tag":[1014,443],"taxonomy\/receta":[],"class_list":{"0":"post-6006","1":"product","2":"type-product","3":"status-publish","4":"has-post-thumbnail","6":"product_cat-pastas-ecologicas","7":"product_cat-bio","8":"product_cat-harinas-y-pastas-bio","9":"product_cat-sin-gluten-bio","10":"product_tag-espaghetti-de-maiz-y-arroz-ecologicos","11":"product_tag-sin-gluten","12":"product_shipping_class-envio-gratuito","14":"first","15":"instock","16":"taxable","17":"shipping-taxable","18":"purchasable","19":"product-type-simple"},"uagb_featured_image_src":{"full":["https:\/\/florsivioles.marketingempresas.es\/wp-content\/uploads\/2022\/11\/Espaghetti-de-Maiz-y-Arroz-Ecologicos-Flors-i-Violes.jpg",640,554,false],"thumbnail":["https:\/\/florsivioles.marketingempresas.es\/wp-content\/uploads\/2022\/11\/Espaghetti-de-Maiz-y-Arroz-Ecologicos-Flors-i-Violes-150x130.jpg",150,130,true],"medium":["https:\/\/florsivioles.marketingempresas.es\/wp-content\/uploads\/2022\/11\/Espaghetti-de-Maiz-y-Arroz-Ecologicos-Flors-i-Violes-364x315.jpg",364,315,true],"medium_large":["https:\/\/florsivioles.marketingempresas.es\/wp-content\/uploads\/2022\/11\/Espaghetti-de-Maiz-y-Arroz-Ecologicos-Flors-i-Violes.jpg",640,554,false],"large":["https:\/\/florsivioles.marketingempresas.es\/wp-content\/uploads\/2022\/11\/Espaghetti-de-Maiz-y-Arroz-Ecologicos-Flors-i-Violes.jpg",640,554,false],"1536x1536":["https:\/\/florsivioles.marketingempresas.es\/wp-content\/uploads\/2022\/11\/Espaghetti-de-Maiz-y-Arroz-Ecologicos-Flors-i-Violes.jpg",640,554,false],"2048x2048":["https:\/\/florsivioles.marketingempresas.es\/wp-content\/uploads\/2022\/11\/Espaghetti-de-Maiz-y-Arroz-Ecologicos-Flors-i-Violes.jpg",640,554,false],"trp-custom-language-flag":["https:\/\/florsivioles.marketingempresas.es\/wp-content\/uploads\/2022\/11\/Espaghetti-de-Maiz-y-Arroz-Ecologicos-Flors-i-Violes-14x12.jpg",14,12,true],"woocommerce_thumbnail":["https:\/\/florsivioles.marketingempresas.es\/wp-content\/uploads\/2022\/11\/Espaghetti-de-Maiz-y-Arroz-Ecologicos-Flors-i-Violes-260x260.jpg",260,260,true],"woocommerce_single":["https:\/\/florsivioles.marketingempresas.es\/wp-content\/uploads\/2022\/11\/Espaghetti-de-Maiz-y-Arroz-Ecologicos-Flors-i-Violes-360x312.jpg",360,312,true],"woocommerce_gallery_thumbnail":["https:\/\/florsivioles.marketingempresas.es\/wp-content\/uploads\/2022\/11\/Espaghetti-de-Maiz-y-Arroz-Ecologicos-Flors-i-Violes-100x100.jpg",100,100,true]},"uagb_author_info":{"display_name":"Christian Roig Brown","author_link":"https:\/\/florsivioles.marketingempresas.es\/en\/author\/"},"uagb_comment_info":0,"uagb_excerpt":"Paquete de 250 gramos","_links":{"self":[{"href":"https:\/\/florsivioles.marketingempresas.es\/en\/wp-json\/wp\/v2\/product\/6006","targetHints":{"allow":["GET"]}}],"collection":[{"href":"https:\/\/florsivioles.marketingempresas.es\/en\/wp-json\/wp\/v2\/product"}],"about":[{"href":"https:\/\/florsivioles.marketingempresas.es\/en\/wp-json\/wp\/v2\/types\/product"}],"wp:featuredmedia":[{"embeddable":true,"href":"https:\/\/florsivioles.marketingempresas.es\/en\/wp-json\/wp\/v2\/media\/6645"}],"wp:attachment":[{"href":"https:\/\/florsivioles.marketingempresas.es\/en\/wp-json\/wp\/v2\/media?parent=6006"}],"wp:term":[{"taxonomy":"product_brand","embeddable":true,"href":"https:\/\/florsivioles.marketingempresas.es\/en\/wp-json\/wp\/v2\/product_brand?post=6006"},{"taxonomy":"product_cat","embeddable":true,"href":"https:\/\/florsivioles.marketingempresas.es\/en\/wp-json\/wp\/v2\/product_cat?post=6006"},{"taxonomy":"product_tag","embeddable":true,"href":"https:\/\/florsivioles.marketingempresas.es\/en\/wp-json\/wp\/v2\/product_tag?post=6006"},{"taxonomy":"receta","embeddable":true,"href":"https:\/\/florsivioles.marketingempresas.es\/en\/wp-json\/wp\/v2\/taxonomy\/receta?post=6006"}],"curies":[{"name":"wp","href":"https:\/\/api.w.org\/{rel}","templated":true}]}}