{"id":4797,"date":"2022-03-09T08:28:51","date_gmt":"2022-03-09T07:28:51","guid":{"rendered":"https:\/\/florsivioles.marketingempresas.es\/?post_type=product&#038;p=4797"},"modified":"2023-12-12T11:44:59","modified_gmt":"2023-12-12T10:44:59","slug":"ajos-secos-kilo","status":"publish","type":"product","link":"https:\/\/florsivioles.marketingempresas.es\/en\/product\/ajos-secos-kilo\/","title":{"rendered":"Dried Garlic"},"content":{"rendered":"<p class=\"MuiTypography-root MuiTypography-body1 MuiTypography-paragraph\"><strong>Los Ajos Secos<\/strong> emanan un aroma delicado y brindan un sabor picante y ligero al paladar. Es adem\u00e1s la especie perfecta para la preparaci\u00f3n de mariscos y pescados. El ajo morado posee mucho aceite y por lo tanto, una gran cantidad de alicina.<\/p>\n<p class=\"MuiTypography-root MuiTypography-body1 MuiTypography-paragraph\">El\u00a0<strong>ajo es un buen remedio para el resfriado<\/strong>, posee potencialidades antibi\u00f3ticas capaces de combatir las bacterias, par\u00e1sitos intestinales y los virus. Puede bajar la presi\u00f3n arterial y el colesterol en la sangre, desalienta la coagulaci\u00f3n de la sangre y baja el riesgo de tener c\u00e1ncer. act\u00faa como descongestionante, expectorante, antiespasm\u00f3dico, y como agente antinflamatorio. Tambi\u00e9n tiene acci\u00f3n antidiarreica, y diru\u00e9tica, as\u00ed como tambi\u00e9n parece levantar el estado de \u00e1nimo. En definitiva, que <strong>si comes ajo tu cuerpo lo agradecer\u00e1<\/strong>&#8230; \u00a1aunque tu aliento no tanto!<\/p>","protected":false},"excerpt":{"rendered":"<p>Price per Kg<\/p>","protected":false},"featured_media":497,"template":"","meta":{"_uag_custom_page_level_css":""},"product_brand":[],"product_cat":[16,26],"product_tag":[253,255,215,199,190,83,254,146,226,207,185,173],"taxonomy\/receta":[],"class_list":{"0":"post-4797","1":"product","2":"type-product","3":"status-publish","4":"has-post-thumbnail","6":"product_cat-convencional","7":"product_cat-verduras","8":"product_tag-ajo-seco","9":"product_tag-ajos-secos","10":"product_tag-cesta-frutas-y-verduras","11":"product_tag-delivery-ibiza-food","12":"product_tag-entrega-a-domicilio-en-ibiza","13":"product_tag-fruits-and-vegetables","14":"product_tag-frutas-y-verduras-cerca-de-mi-ubicacion","15":"product_tag-garlic","16":"product_tag-online-vegetables","17":"product_tag-vegetables-delivery-in-ibiza","18":"product_tag-verduras-a-domicilio-en-ibiza","19":"product_tag-verduras-online","20":"product_shipping_class-envio-gratuito","22":"first","23":"instock","24":"taxable","25":"shipping-taxable","26":"purchasable","27":"product-type-simple"},"uagb_featured_image_src":{"full":["https:\/\/florsivioles.marketingempresas.es\/wp-content\/uploads\/2020\/03\/Ajos-Secos.jpg",480,320,false],"thumbnail":["https:\/\/florsivioles.marketingempresas.es\/wp-content\/uploads\/2020\/03\/Ajos-Secos-150x100.jpg",150,100,true],"medium":["https:\/\/florsivioles.marketingempresas.es\/wp-content\/uploads\/2020\/03\/Ajos-Secos-364x243.jpg",364,243,true],"medium_large":["https:\/\/florsivioles.marketingempresas.es\/wp-content\/uploads\/2020\/03\/Ajos-Secos.jpg",480,320,false],"large":["https:\/\/florsivioles.marketingempresas.es\/wp-content\/uploads\/2020\/03\/Ajos-Secos.jpg",480,320,false],"1536x1536":["https:\/\/florsivioles.marketingempresas.es\/wp-content\/uploads\/2020\/03\/Ajos-Secos.jpg",480,320,false],"2048x2048":["https:\/\/florsivioles.marketingempresas.es\/wp-content\/uploads\/2020\/03\/Ajos-Secos.jpg",480,320,false],"trp-custom-language-flag":["https:\/\/florsivioles.marketingempresas.es\/wp-content\/uploads\/2020\/03\/Ajos-Secos-18x12.jpg",18,12,true],"woocommerce_thumbnail":["https:\/\/florsivioles.marketingempresas.es\/wp-content\/uploads\/2020\/03\/Ajos-Secos-260x260.jpg",260,260,true],"woocommerce_single":["https:\/\/florsivioles.marketingempresas.es\/wp-content\/uploads\/2020\/03\/Ajos-Secos-360x240.jpg",360,240,true],"woocommerce_gallery_thumbnail":["https:\/\/florsivioles.marketingempresas.es\/wp-content\/uploads\/2020\/03\/Ajos-Secos-100x100.jpg",100,100,true]},"uagb_author_info":{"display_name":"Christian Roig Brown","author_link":"https:\/\/florsivioles.marketingempresas.es\/en\/author\/"},"uagb_comment_info":0,"uagb_excerpt":"Precio por Kilo.","_links":{"self":[{"href":"https:\/\/florsivioles.marketingempresas.es\/en\/wp-json\/wp\/v2\/product\/4797","targetHints":{"allow":["GET"]}}],"collection":[{"href":"https:\/\/florsivioles.marketingempresas.es\/en\/wp-json\/wp\/v2\/product"}],"about":[{"href":"https:\/\/florsivioles.marketingempresas.es\/en\/wp-json\/wp\/v2\/types\/product"}],"wp:featuredmedia":[{"embeddable":true,"href":"https:\/\/florsivioles.marketingempresas.es\/en\/wp-json\/wp\/v2\/media\/497"}],"wp:attachment":[{"href":"https:\/\/florsivioles.marketingempresas.es\/en\/wp-json\/wp\/v2\/media?parent=4797"}],"wp:term":[{"taxonomy":"product_brand","embeddable":true,"href":"https:\/\/florsivioles.marketingempresas.es\/en\/wp-json\/wp\/v2\/product_brand?post=4797"},{"taxonomy":"product_cat","embeddable":true,"href":"https:\/\/florsivioles.marketingempresas.es\/en\/wp-json\/wp\/v2\/product_cat?post=4797"},{"taxonomy":"product_tag","embeddable":true,"href":"https:\/\/florsivioles.marketingempresas.es\/en\/wp-json\/wp\/v2\/product_tag?post=4797"},{"taxonomy":"receta","embeddable":true,"href":"https:\/\/florsivioles.marketingempresas.es\/en\/wp-json\/wp\/v2\/taxonomy\/receta?post=4797"}],"curies":[{"name":"wp","href":"https:\/\/api.w.org\/{rel}","templated":true}]}}