{"id":4685,"date":"2022-03-09T10:50:28","date_gmt":"2022-03-09T09:50:28","guid":{"rendered":"https:\/\/florsivioles.marketingempresas.es\/?post_type=product&#038;p=4685"},"modified":"2023-11-16T13:04:56","modified_gmt":"2023-11-16T12:04:56","slug":"lechuga-hoja-de-roble-roja","status":"publish","type":"product","link":"https:\/\/florsivioles.marketingempresas.es\/en\/product\/lechuga-hoja-de-roble-roja\/","title":{"rendered":"Red Oak Leaf Lettuce"},"content":{"rendered":"<p>La <strong>Lechuga Hoja de Roble<\/strong> es una de las lechugas m\u00e1s apreciadas dentro de las ensaladas variadas conocidas como M\u00e9zclum. Adem\u00e1s de proporcionar vol\u00famen al plato por sus hojas rizadas, ofrece una textura tierna y ligeramente crujiente, adem\u00e1s de un sabor delicado y dulz\u00f3n.<\/p>","protected":false},"excerpt":{"rendered":"<p>Price per unit<\/p>","protected":false},"featured_media":4686,"template":"","meta":{"_uag_custom_page_level_css":""},"product_brand":[],"product_cat":[1549,16,1548,580],"product_tag":[325,264,326,65,333],"taxonomy\/receta":[],"class_list":{"0":"post-4685","1":"product","2":"type-product","3":"status-publish","4":"has-post-thumbnail","6":"product_cat-ensaladas","7":"product_cat-convencional","8":"product_cat-frutas-y-verduras","9":"product_cat-local","10":"product_tag-lechuga-hoja-de-roble","11":"product_tag-local-products-in-ibiza","12":"product_tag-oak-leaf-lettuce","13":"product_tag-producto-local","14":"product_tag-tienda-online-de-frutas-y-verduras","15":"product_shipping_class-envio-gratuito","17":"first","18":"instock","19":"taxable","20":"shipping-taxable","21":"purchasable","22":"product-type-simple"},"uagb_featured_image_src":{"full":["https:\/\/florsivioles.marketingempresas.es\/wp-content\/uploads\/2022\/03\/hoja-de-roble-roja.jpg",1110,552,false],"thumbnail":["https:\/\/florsivioles.marketingempresas.es\/wp-content\/uploads\/2022\/03\/hoja-de-roble-roja-150x75.jpg",150,75,true],"medium":["https:\/\/florsivioles.marketingempresas.es\/wp-content\/uploads\/2022\/03\/hoja-de-roble-roja-364x181.jpg",364,181,true],"medium_large":["https:\/\/florsivioles.marketingempresas.es\/wp-content\/uploads\/2022\/03\/hoja-de-roble-roja-768x382.jpg",768,382,true],"large":["https:\/\/florsivioles.marketingempresas.es\/wp-content\/uploads\/2022\/03\/hoja-de-roble-roja-1024x509.jpg",1024,509,true],"1536x1536":["https:\/\/florsivioles.marketingempresas.es\/wp-content\/uploads\/2022\/03\/hoja-de-roble-roja.jpg",1110,552,false],"2048x2048":["https:\/\/florsivioles.marketingempresas.es\/wp-content\/uploads\/2022\/03\/hoja-de-roble-roja.jpg",1110,552,false],"trp-custom-language-flag":["https:\/\/florsivioles.marketingempresas.es\/wp-content\/uploads\/2022\/03\/hoja-de-roble-roja-18x9.jpg",18,9,true],"woocommerce_thumbnail":["https:\/\/florsivioles.marketingempresas.es\/wp-content\/uploads\/2022\/03\/hoja-de-roble-roja-260x260.jpg",260,260,true],"woocommerce_single":["https:\/\/florsivioles.marketingempresas.es\/wp-content\/uploads\/2022\/03\/hoja-de-roble-roja-360x179.jpg",360,179,true],"woocommerce_gallery_thumbnail":["https:\/\/florsivioles.marketingempresas.es\/wp-content\/uploads\/2022\/03\/hoja-de-roble-roja-100x100.jpg",100,100,true]},"uagb_author_info":{"display_name":"Christian Roig Brown","author_link":"https:\/\/florsivioles.marketingempresas.es\/en\/author\/"},"uagb_comment_info":0,"uagb_excerpt":"Precio por unidad.","_links":{"self":[{"href":"https:\/\/florsivioles.marketingempresas.es\/en\/wp-json\/wp\/v2\/product\/4685","targetHints":{"allow":["GET"]}}],"collection":[{"href":"https:\/\/florsivioles.marketingempresas.es\/en\/wp-json\/wp\/v2\/product"}],"about":[{"href":"https:\/\/florsivioles.marketingempresas.es\/en\/wp-json\/wp\/v2\/types\/product"}],"wp:featuredmedia":[{"embeddable":true,"href":"https:\/\/florsivioles.marketingempresas.es\/en\/wp-json\/wp\/v2\/media\/4686"}],"wp:attachment":[{"href":"https:\/\/florsivioles.marketingempresas.es\/en\/wp-json\/wp\/v2\/media?parent=4685"}],"wp:term":[{"taxonomy":"product_brand","embeddable":true,"href":"https:\/\/florsivioles.marketingempresas.es\/en\/wp-json\/wp\/v2\/product_brand?post=4685"},{"taxonomy":"product_cat","embeddable":true,"href":"https:\/\/florsivioles.marketingempresas.es\/en\/wp-json\/wp\/v2\/product_cat?post=4685"},{"taxonomy":"product_tag","embeddable":true,"href":"https:\/\/florsivioles.marketingempresas.es\/en\/wp-json\/wp\/v2\/product_tag?post=4685"},{"taxonomy":"receta","embeddable":true,"href":"https:\/\/florsivioles.marketingempresas.es\/en\/wp-json\/wp\/v2\/taxonomy\/receta?post=4685"}],"curies":[{"name":"wp","href":"https:\/\/api.w.org\/{rel}","templated":true}]}}