{"id":4509,"date":"2023-11-29T10:22:32","date_gmt":"2023-11-29T09:22:32","guid":{"rendered":"https:\/\/florsivioles.marketingempresas.es\/?post_type=product&#038;p=4509"},"modified":"2023-11-29T13:19:53","modified_gmt":"2023-11-29T12:19:53","slug":"col-kale-verde-rizada-bio-kilo","status":"publish","type":"product","link":"https:\/\/florsivioles.marketingempresas.es\/en\/product\/col-kale-verde-rizada-bio-kilo\/","title":{"rendered":"Bio Kale Green Cabbage"},"content":{"rendered":"<p>La Col Kale Verde Rizada, de tallo firme, aspecto escarolado y color verde intenso se ha convertido en la protagonista de muchas recetas debido a su <strong>gran valor nutricional. <\/strong>Dentro del grupo de hortalizas de hoja verde, es la que m\u00e1s antioxidantes, m\u00e1s fibra y m\u00e1s proporci\u00f3n de prote\u00ednas vegetales contiene, por lo que estimula la funci\u00f3n intestinal de forma \u00f3ptima. Es la verdura de hoja verde m\u00e1s rica en calcio y hierro.<\/p>","protected":false},"excerpt":{"rendered":"<p>Price per Kg<\/p>","protected":false},"featured_media":4511,"template":"","meta":{"_uag_custom_page_level_css":""},"product_brand":[],"product_cat":[27,45,77],"product_tag":[124,210,199,127,125,80,126,65,207,211,185],"taxonomy\/receta":[],"class_list":{"0":"post-4509","1":"product","2":"type-product","3":"status-publish","4":"has-post-thumbnail","6":"product_cat-bio","7":"product_cat-verduras-bio","8":"product_cat-local-bio","9":"product_tag-col-kale-verde-rizada","10":"product_tag-col-kale-verde-rizada-bio","11":"product_tag-delivery-ibiza-food","12":"product_tag-fruits-and-vegetables-in-ibiza","13":"product_tag-kale-green-curly-cabbage","14":"product_tag-local-products","15":"product_tag-online-store-in-ibiza","16":"product_tag-producto-local","17":"product_tag-vegetables-delivery-in-ibiza","18":"product_tag-verdura-organica","19":"product_tag-verduras-a-domicilio-en-ibiza","20":"product_shipping_class-envio-gratuito","22":"first","23":"instock","24":"taxable","25":"shipping-taxable","26":"purchasable","27":"product-type-simple"},"uagb_featured_image_src":{"full":["https:\/\/florsivioles.marketingempresas.es\/wp-content\/uploads\/2022\/03\/Col-Kale-Kilo-1.jpg",960,540,false],"thumbnail":["https:\/\/florsivioles.marketingempresas.es\/wp-content\/uploads\/2022\/03\/Col-Kale-Kilo-1-150x84.jpg",150,84,true],"medium":["https:\/\/florsivioles.marketingempresas.es\/wp-content\/uploads\/2022\/03\/Col-Kale-Kilo-1-364x205.jpg",364,205,true],"medium_large":["https:\/\/florsivioles.marketingempresas.es\/wp-content\/uploads\/2022\/03\/Col-Kale-Kilo-1-768x432.jpg",768,432,true],"large":["https:\/\/florsivioles.marketingempresas.es\/wp-content\/uploads\/2022\/03\/Col-Kale-Kilo-1.jpg",960,540,false],"1536x1536":["https:\/\/florsivioles.marketingempresas.es\/wp-content\/uploads\/2022\/03\/Col-Kale-Kilo-1.jpg",960,540,false],"2048x2048":["https:\/\/florsivioles.marketingempresas.es\/wp-content\/uploads\/2022\/03\/Col-Kale-Kilo-1.jpg",960,540,false],"trp-custom-language-flag":["https:\/\/florsivioles.marketingempresas.es\/wp-content\/uploads\/2022\/03\/Col-Kale-Kilo-1-18x10.jpg",18,10,true],"woocommerce_thumbnail":["https:\/\/florsivioles.marketingempresas.es\/wp-content\/uploads\/2022\/03\/Col-Kale-Kilo-1-260x260.jpg",260,260,true],"woocommerce_single":["https:\/\/florsivioles.marketingempresas.es\/wp-content\/uploads\/2022\/03\/Col-Kale-Kilo-1-360x203.jpg",360,203,true],"woocommerce_gallery_thumbnail":["https:\/\/florsivioles.marketingempresas.es\/wp-content\/uploads\/2022\/03\/Col-Kale-Kilo-1-100x100.jpg",100,100,true]},"uagb_author_info":{"display_name":"Christian Roig Brown","author_link":"https:\/\/florsivioles.marketingempresas.es\/en\/author\/"},"uagb_comment_info":0,"uagb_excerpt":"Precio por Kilo.","_links":{"self":[{"href":"https:\/\/florsivioles.marketingempresas.es\/en\/wp-json\/wp\/v2\/product\/4509","targetHints":{"allow":["GET"]}}],"collection":[{"href":"https:\/\/florsivioles.marketingempresas.es\/en\/wp-json\/wp\/v2\/product"}],"about":[{"href":"https:\/\/florsivioles.marketingempresas.es\/en\/wp-json\/wp\/v2\/types\/product"}],"wp:featuredmedia":[{"embeddable":true,"href":"https:\/\/florsivioles.marketingempresas.es\/en\/wp-json\/wp\/v2\/media\/4511"}],"wp:attachment":[{"href":"https:\/\/florsivioles.marketingempresas.es\/en\/wp-json\/wp\/v2\/media?parent=4509"}],"wp:term":[{"taxonomy":"product_brand","embeddable":true,"href":"https:\/\/florsivioles.marketingempresas.es\/en\/wp-json\/wp\/v2\/product_brand?post=4509"},{"taxonomy":"product_cat","embeddable":true,"href":"https:\/\/florsivioles.marketingempresas.es\/en\/wp-json\/wp\/v2\/product_cat?post=4509"},{"taxonomy":"product_tag","embeddable":true,"href":"https:\/\/florsivioles.marketingempresas.es\/en\/wp-json\/wp\/v2\/product_tag?post=4509"},{"taxonomy":"receta","embeddable":true,"href":"https:\/\/florsivioles.marketingempresas.es\/en\/wp-json\/wp\/v2\/taxonomy\/receta?post=4509"}],"curies":[{"name":"wp","href":"https:\/\/api.w.org\/{rel}","templated":true}]}}