{"id":4175,"date":"2022-03-05T19:48:18","date_gmt":"2022-03-05T18:48:18","guid":{"rendered":"https:\/\/florsivioles.marketingempresas.es\/?post_type=product&#038;p=4175"},"modified":"2023-07-25T20:14:20","modified_gmt":"2023-07-25T18:14:20","slug":"muesli-krunchy-de-espelta","status":"publish","type":"product","link":"https:\/\/florsivioles.marketingempresas.es\/en\/product\/muesli-krunchy-de-espelta\/","title":{"rendered":"Krunchy Spelt Muesli Organic"},"content":{"rendered":"<div id=\"short_description_block\">\n<div id=\"short_description_content\" class=\"rte align_justify\">\n<p>Krunchy de espelta. Endulzado diferentemente. Sin trigo. Ligero y crujiente. Horneado con aceite de girasol. Sin grasa de palma. Para a\u00f1adir a bebida vegetal o yogur. Tambi\u00e9n se puede a\u00f1adir fruta fresca.<\/p>\n<\/div>\n<\/div>\n<div class=\"col-xs-12 div-info-producto\">\n<div id=\"short_description_content\" class=\"rte align_justify div-content-aleing\">\n<p>Ingredientes:<br \/>\nHojuela de TRIGO ESPELTA integral (58%), jarabe de arroz, aceite de girasol (12%), TRIGO ESPELTA hinchada (7%), harina integral de ESPELTA (4,8%), coco, sal marina. *100% De agricultura biol\u00f3gica.<\/p>\n<p>Al\u00e9rgenos:<br \/>\nTrazas : Frutos secos con c\u00e1scara Gluten Trazas : Leche y derivados Trazas : S\u00e9samo y prod. a base de s\u00e9samo<\/p>\n<p>Conservaci\u00f3n:<br \/>\nMantener en un lugar fresco y seco, m\u00e1ximo 20\u00baC, no luz directa<\/p>\n<\/div>\n<\/div>","protected":false},"excerpt":{"rendered":"<p>375 gr container<\/p>","protected":false},"featured_media":6768,"template":"","meta":{"_uag_custom_page_level_css":""},"product_brand":[],"product_cat":[27,544],"product_tag":[876,633,879,878,877],"taxonomy\/receta":[],"class_list":{"0":"post-4175","1":"product","2":"type-product","3":"status-publish","4":"has-post-thumbnail","6":"product_cat-bio","7":"product_cat-muesli-galletas-chocolates-bio","8":"product_tag-barnhouse","9":"product_tag-desayuno-saludable","10":"product_tag-granola","11":"product_tag-krunchy-de-avena","12":"product_tag-muesli-de-avena","13":"product_shipping_class-envio-gratuito","15":"first","16":"instock","17":"taxable","18":"shipping-taxable","19":"purchasable","20":"product-type-simple"},"uagb_featured_image_src":{"full":["https:\/\/florsivioles.marketingempresas.es\/wp-content\/uploads\/2022\/03\/Muesli-Krunchy-de-Espelta-Ecologico-Flors-i-Violes.jpg",640,554,false],"thumbnail":["https:\/\/florsivioles.marketingempresas.es\/wp-content\/uploads\/2022\/03\/Muesli-Krunchy-de-Espelta-Ecologico-Flors-i-Violes-150x130.jpg",150,130,true],"medium":["https:\/\/florsivioles.marketingempresas.es\/wp-content\/uploads\/2022\/03\/Muesli-Krunchy-de-Espelta-Ecologico-Flors-i-Violes-364x315.jpg",364,315,true],"medium_large":["https:\/\/florsivioles.marketingempresas.es\/wp-content\/uploads\/2022\/03\/Muesli-Krunchy-de-Espelta-Ecologico-Flors-i-Violes.jpg",640,554,false],"large":["https:\/\/florsivioles.marketingempresas.es\/wp-content\/uploads\/2022\/03\/Muesli-Krunchy-de-Espelta-Ecologico-Flors-i-Violes.jpg",640,554,false],"1536x1536":["https:\/\/florsivioles.marketingempresas.es\/wp-content\/uploads\/2022\/03\/Muesli-Krunchy-de-Espelta-Ecologico-Flors-i-Violes.jpg",640,554,false],"2048x2048":["https:\/\/florsivioles.marketingempresas.es\/wp-content\/uploads\/2022\/03\/Muesli-Krunchy-de-Espelta-Ecologico-Flors-i-Violes.jpg",640,554,false],"trp-custom-language-flag":["https:\/\/florsivioles.marketingempresas.es\/wp-content\/uploads\/2022\/03\/Muesli-Krunchy-de-Espelta-Ecologico-Flors-i-Violes-14x12.jpg",14,12,true],"woocommerce_thumbnail":["https:\/\/florsivioles.marketingempresas.es\/wp-content\/uploads\/2022\/03\/Muesli-Krunchy-de-Espelta-Ecologico-Flors-i-Violes-260x260.jpg",260,260,true],"woocommerce_single":["https:\/\/florsivioles.marketingempresas.es\/wp-content\/uploads\/2022\/03\/Muesli-Krunchy-de-Espelta-Ecologico-Flors-i-Violes-360x312.jpg",360,312,true],"woocommerce_gallery_thumbnail":["https:\/\/florsivioles.marketingempresas.es\/wp-content\/uploads\/2022\/03\/Muesli-Krunchy-de-Espelta-Ecologico-Flors-i-Violes-100x100.jpg",100,100,true]},"uagb_author_info":{"display_name":"Christian Roig Brown","author_link":"https:\/\/florsivioles.marketingempresas.es\/en\/author\/"},"uagb_comment_info":0,"uagb_excerpt":"Envase de 375 gr","_links":{"self":[{"href":"https:\/\/florsivioles.marketingempresas.es\/en\/wp-json\/wp\/v2\/product\/4175","targetHints":{"allow":["GET"]}}],"collection":[{"href":"https:\/\/florsivioles.marketingempresas.es\/en\/wp-json\/wp\/v2\/product"}],"about":[{"href":"https:\/\/florsivioles.marketingempresas.es\/en\/wp-json\/wp\/v2\/types\/product"}],"wp:featuredmedia":[{"embeddable":true,"href":"https:\/\/florsivioles.marketingempresas.es\/en\/wp-json\/wp\/v2\/media\/6768"}],"wp:attachment":[{"href":"https:\/\/florsivioles.marketingempresas.es\/en\/wp-json\/wp\/v2\/media?parent=4175"}],"wp:term":[{"taxonomy":"product_brand","embeddable":true,"href":"https:\/\/florsivioles.marketingempresas.es\/en\/wp-json\/wp\/v2\/product_brand?post=4175"},{"taxonomy":"product_cat","embeddable":true,"href":"https:\/\/florsivioles.marketingempresas.es\/en\/wp-json\/wp\/v2\/product_cat?post=4175"},{"taxonomy":"product_tag","embeddable":true,"href":"https:\/\/florsivioles.marketingempresas.es\/en\/wp-json\/wp\/v2\/product_tag?post=4175"},{"taxonomy":"receta","embeddable":true,"href":"https:\/\/florsivioles.marketingempresas.es\/en\/wp-json\/wp\/v2\/taxonomy\/receta?post=4175"}],"curies":[{"name":"wp","href":"https:\/\/api.w.org\/{rel}","templated":true}]}}