{"id":4174,"date":"2022-03-05T19:42:46","date_gmt":"2022-03-05T18:42:46","guid":{"rendered":"https:\/\/florsivioles.marketingempresas.es\/?post_type=product&#038;p=4174"},"modified":"2023-07-25T20:14:26","modified_gmt":"2023-07-25T18:14:26","slug":"muesli-krunchy-de-avena-y-chocolate-negro","status":"publish","type":"product","link":"https:\/\/florsivioles.marketingempresas.es\/en\/product\/muesli-krunchy-de-avena-y-chocolate-negro\/","title":{"rendered":"Krunchy Oatmeal Dark Chocolate Muesli"},"content":{"rendered":"<div id=\"short_description_block\">\n<div id=\"short_description_content\" class=\"rte align_justify\">\n<p>Muesli Krunchy\u00a0 de avena con chocolate es un muesli crujiente, endulzados con az\u00facar de ca\u00f1a y acompa\u00f1ado de chips de chocolate con leche.<\/p>\n<\/div>\n<\/div>\n<div class=\"col-xs-12 div-info-producto\">\n<div id=\"short_description_content\" class=\"rte align_justify div-content-aleing\"><label>Ingredientes:<\/label>\u00a0Copos de AVENA integral 61%, az\u00facar de remolacha, aceite de girasol 11%, avellanas, arroz extruido (arroz, CEBADA malteada, sal marina), copos de TRIGO, chocolate con LECHE 3,6% (az\u00facar de ca\u00f1a, manteca de cacao, LECHE entera en polvo, pasta de cacao), cacao en polvo 2,6%, coco, sal marina. 100% De agricultura biol\u00f3gica.<br \/>\n<label>Al\u00e9rgenos:<\/label>\u00a0Trazas : Frutos secos con c\u00e1scara Gluten Leche y derivados Trazas : S\u00e9samo y prod. a base de s\u00e9samo.<\/div>\n<div class=\"rte align_justify div-content-aleing\"><label>Uso: <span style=\"font-size: 16px;\">\u00a0Para consumir principalmente en el desayuno mezclado con bebida vegetal, frutas, leche o yogur.<\/span><\/label><\/div>\n<div><\/div>\n<div class=\"rte align_justify div-content-aleing\"><label>Conservaci\u00f3n: <span style=\"font-size: 16px;\">\u00a0Conservar en un lugar fresco y seco. Una vez abierto, cierre bien el envase.<\/span><\/label><\/div>\n<\/div>","protected":false},"excerpt":{"rendered":"<p>375 gr container<\/p>","protected":false},"featured_media":6669,"template":"","meta":{"_uag_custom_page_level_css":""},"product_brand":[],"product_cat":[27,544],"product_tag":[876,874,633,879,878,877],"taxonomy\/receta":[],"class_list":{"0":"post-4174","1":"product","2":"type-product","3":"status-publish","4":"has-post-thumbnail","6":"product_cat-bio","7":"product_cat-muesli-galletas-chocolates-bio","8":"product_tag-barnhouse","9":"product_tag-chips-de-chocolate","10":"product_tag-desayuno-saludable","11":"product_tag-granola","12":"product_tag-krunchy-de-avena","13":"product_tag-muesli-de-avena","14":"product_shipping_class-envio-gratuito","16":"first","17":"instock","18":"taxable","19":"shipping-taxable","20":"purchasable","21":"product-type-simple"},"uagb_featured_image_src":{"full":["https:\/\/florsivioles.marketingempresas.es\/wp-content\/uploads\/2022\/03\/Muesli-Krunchy-de-Avena-y-Chocolate-Negro-Flors-i-Violes.jpg",640,554,false],"thumbnail":["https:\/\/florsivioles.marketingempresas.es\/wp-content\/uploads\/2022\/03\/Muesli-Krunchy-de-Avena-y-Chocolate-Negro-Flors-i-Violes-150x130.jpg",150,130,true],"medium":["https:\/\/florsivioles.marketingempresas.es\/wp-content\/uploads\/2022\/03\/Muesli-Krunchy-de-Avena-y-Chocolate-Negro-Flors-i-Violes-364x315.jpg",364,315,true],"medium_large":["https:\/\/florsivioles.marketingempresas.es\/wp-content\/uploads\/2022\/03\/Muesli-Krunchy-de-Avena-y-Chocolate-Negro-Flors-i-Violes.jpg",640,554,false],"large":["https:\/\/florsivioles.marketingempresas.es\/wp-content\/uploads\/2022\/03\/Muesli-Krunchy-de-Avena-y-Chocolate-Negro-Flors-i-Violes.jpg",640,554,false],"1536x1536":["https:\/\/florsivioles.marketingempresas.es\/wp-content\/uploads\/2022\/03\/Muesli-Krunchy-de-Avena-y-Chocolate-Negro-Flors-i-Violes.jpg",640,554,false],"2048x2048":["https:\/\/florsivioles.marketingempresas.es\/wp-content\/uploads\/2022\/03\/Muesli-Krunchy-de-Avena-y-Chocolate-Negro-Flors-i-Violes.jpg",640,554,false],"trp-custom-language-flag":["https:\/\/florsivioles.marketingempresas.es\/wp-content\/uploads\/2022\/03\/Muesli-Krunchy-de-Avena-y-Chocolate-Negro-Flors-i-Violes-14x12.jpg",14,12,true],"woocommerce_thumbnail":["https:\/\/florsivioles.marketingempresas.es\/wp-content\/uploads\/2022\/03\/Muesli-Krunchy-de-Avena-y-Chocolate-Negro-Flors-i-Violes-260x260.jpg",260,260,true],"woocommerce_single":["https:\/\/florsivioles.marketingempresas.es\/wp-content\/uploads\/2022\/03\/Muesli-Krunchy-de-Avena-y-Chocolate-Negro-Flors-i-Violes-360x312.jpg",360,312,true],"woocommerce_gallery_thumbnail":["https:\/\/florsivioles.marketingempresas.es\/wp-content\/uploads\/2022\/03\/Muesli-Krunchy-de-Avena-y-Chocolate-Negro-Flors-i-Violes-100x100.jpg",100,100,true]},"uagb_author_info":{"display_name":"Christian Roig Brown","author_link":"https:\/\/florsivioles.marketingempresas.es\/en\/author\/"},"uagb_comment_info":0,"uagb_excerpt":"Envase de 375 gr","_links":{"self":[{"href":"https:\/\/florsivioles.marketingempresas.es\/en\/wp-json\/wp\/v2\/product\/4174","targetHints":{"allow":["GET"]}}],"collection":[{"href":"https:\/\/florsivioles.marketingempresas.es\/en\/wp-json\/wp\/v2\/product"}],"about":[{"href":"https:\/\/florsivioles.marketingempresas.es\/en\/wp-json\/wp\/v2\/types\/product"}],"wp:featuredmedia":[{"embeddable":true,"href":"https:\/\/florsivioles.marketingempresas.es\/en\/wp-json\/wp\/v2\/media\/6669"}],"wp:attachment":[{"href":"https:\/\/florsivioles.marketingempresas.es\/en\/wp-json\/wp\/v2\/media?parent=4174"}],"wp:term":[{"taxonomy":"product_brand","embeddable":true,"href":"https:\/\/florsivioles.marketingempresas.es\/en\/wp-json\/wp\/v2\/product_brand?post=4174"},{"taxonomy":"product_cat","embeddable":true,"href":"https:\/\/florsivioles.marketingempresas.es\/en\/wp-json\/wp\/v2\/product_cat?post=4174"},{"taxonomy":"product_tag","embeddable":true,"href":"https:\/\/florsivioles.marketingempresas.es\/en\/wp-json\/wp\/v2\/product_tag?post=4174"},{"taxonomy":"receta","embeddable":true,"href":"https:\/\/florsivioles.marketingempresas.es\/en\/wp-json\/wp\/v2\/taxonomy\/receta?post=4174"}],"curies":[{"name":"wp","href":"https:\/\/api.w.org\/{rel}","templated":true}]}}