{"id":4165,"date":"2022-03-05T19:41:42","date_gmt":"2022-03-05T18:41:42","guid":{"rendered":"https:\/\/florsivioles.marketingempresas.es\/?post_type=product&#038;p=4165"},"modified":"2023-07-25T20:14:35","modified_gmt":"2023-07-25T18:14:35","slug":"muesli-krunchy-de-avena","status":"publish","type":"product","link":"https:\/\/florsivioles.marketingempresas.es\/en\/product\/muesli-krunchy-de-avena\/","title":{"rendered":"Organic Krunchy Oatmeal Muesli"},"content":{"rendered":"<p>Muesli Krunchy\u00a0 de avena es un muesli crujiente y simple. Copos crujientes horneados, endulzados con az\u00facar de ca\u00f1a en bruto. Ideal para combinar con otros cereales, frutos secos, granos o fruta fresca. Ideal para mezclar con zumo, leche, bebida vegetal o yogur, principalmente para el desayuno pero tambi\u00e9n como merienda. Se pueden a\u00f1adir frutas frescas si se desea.<\/p>\n<p>Ingredientes: Copos de AVENA integral* 53%, copos de TRIGO integral* 22%, az\u00facar de ca\u00f1a integral* 20%, grasa de palma*, copos de CEBADA integral* 2,6%, arroz inflado* 2%, canela*. *De agricultura biol\u00f3gica.<\/p>\n<p>Al\u00e9rgenos: Trazas : Frutos secos con c\u00e1scara Gluten Trazas : Leche y derivados Trazas : S\u00e9samo y prod. a base de s\u00e9samo<\/p>\n<p>Conservaci\u00f3n: Conservar en lugar fresco y seco. Una vez abierto el producto, para su mejor conservaci\u00f3n, guardar el envase bien cerrado.<\/p>","protected":false},"excerpt":{"rendered":"<p>375 gr container<\/p>","protected":false},"featured_media":6770,"template":"","meta":{"_uag_custom_page_level_css":""},"product_brand":[],"product_cat":[27,544],"product_tag":[876,633,879,878,877],"taxonomy\/receta":[],"class_list":{"0":"post-4165","1":"product","2":"type-product","3":"status-publish","4":"has-post-thumbnail","6":"product_cat-bio","7":"product_cat-muesli-galletas-chocolates-bio","8":"product_tag-barnhouse","9":"product_tag-desayuno-saludable","10":"product_tag-granola","11":"product_tag-krunchy-de-avena","12":"product_tag-muesli-de-avena","13":"product_shipping_class-envio-gratuito","15":"first","16":"instock","17":"taxable","18":"shipping-taxable","19":"purchasable","20":"product-type-simple"},"uagb_featured_image_src":{"full":["https:\/\/florsivioles.marketingempresas.es\/wp-content\/uploads\/2022\/03\/Muesli-Krunchy-de-Avena-Ecologico-Flors-i-Violes.jpg",640,554,false],"thumbnail":["https:\/\/florsivioles.marketingempresas.es\/wp-content\/uploads\/2022\/03\/Muesli-Krunchy-de-Avena-Ecologico-Flors-i-Violes-150x130.jpg",150,130,true],"medium":["https:\/\/florsivioles.marketingempresas.es\/wp-content\/uploads\/2022\/03\/Muesli-Krunchy-de-Avena-Ecologico-Flors-i-Violes-364x315.jpg",364,315,true],"medium_large":["https:\/\/florsivioles.marketingempresas.es\/wp-content\/uploads\/2022\/03\/Muesli-Krunchy-de-Avena-Ecologico-Flors-i-Violes.jpg",640,554,false],"large":["https:\/\/florsivioles.marketingempresas.es\/wp-content\/uploads\/2022\/03\/Muesli-Krunchy-de-Avena-Ecologico-Flors-i-Violes.jpg",640,554,false],"1536x1536":["https:\/\/florsivioles.marketingempresas.es\/wp-content\/uploads\/2022\/03\/Muesli-Krunchy-de-Avena-Ecologico-Flors-i-Violes.jpg",640,554,false],"2048x2048":["https:\/\/florsivioles.marketingempresas.es\/wp-content\/uploads\/2022\/03\/Muesli-Krunchy-de-Avena-Ecologico-Flors-i-Violes.jpg",640,554,false],"trp-custom-language-flag":["https:\/\/florsivioles.marketingempresas.es\/wp-content\/uploads\/2022\/03\/Muesli-Krunchy-de-Avena-Ecologico-Flors-i-Violes-14x12.jpg",14,12,true],"woocommerce_thumbnail":["https:\/\/florsivioles.marketingempresas.es\/wp-content\/uploads\/2022\/03\/Muesli-Krunchy-de-Avena-Ecologico-Flors-i-Violes-260x260.jpg",260,260,true],"woocommerce_single":["https:\/\/florsivioles.marketingempresas.es\/wp-content\/uploads\/2022\/03\/Muesli-Krunchy-de-Avena-Ecologico-Flors-i-Violes-360x312.jpg",360,312,true],"woocommerce_gallery_thumbnail":["https:\/\/florsivioles.marketingempresas.es\/wp-content\/uploads\/2022\/03\/Muesli-Krunchy-de-Avena-Ecologico-Flors-i-Violes-100x100.jpg",100,100,true]},"uagb_author_info":{"display_name":"Christian Roig Brown","author_link":"https:\/\/florsivioles.marketingempresas.es\/en\/author\/"},"uagb_comment_info":0,"uagb_excerpt":"Envase de 375 gr","_links":{"self":[{"href":"https:\/\/florsivioles.marketingempresas.es\/en\/wp-json\/wp\/v2\/product\/4165","targetHints":{"allow":["GET"]}}],"collection":[{"href":"https:\/\/florsivioles.marketingempresas.es\/en\/wp-json\/wp\/v2\/product"}],"about":[{"href":"https:\/\/florsivioles.marketingempresas.es\/en\/wp-json\/wp\/v2\/types\/product"}],"wp:featuredmedia":[{"embeddable":true,"href":"https:\/\/florsivioles.marketingempresas.es\/en\/wp-json\/wp\/v2\/media\/6770"}],"wp:attachment":[{"href":"https:\/\/florsivioles.marketingempresas.es\/en\/wp-json\/wp\/v2\/media?parent=4165"}],"wp:term":[{"taxonomy":"product_brand","embeddable":true,"href":"https:\/\/florsivioles.marketingempresas.es\/en\/wp-json\/wp\/v2\/product_brand?post=4165"},{"taxonomy":"product_cat","embeddable":true,"href":"https:\/\/florsivioles.marketingempresas.es\/en\/wp-json\/wp\/v2\/product_cat?post=4165"},{"taxonomy":"product_tag","embeddable":true,"href":"https:\/\/florsivioles.marketingempresas.es\/en\/wp-json\/wp\/v2\/product_tag?post=4165"},{"taxonomy":"receta","embeddable":true,"href":"https:\/\/florsivioles.marketingempresas.es\/en\/wp-json\/wp\/v2\/taxonomy\/receta?post=4165"}],"curies":[{"name":"wp","href":"https:\/\/api.w.org\/{rel}","templated":true}]}}