{"id":4145,"date":"2022-03-05T17:55:51","date_gmt":"2022-03-05T16:55:51","guid":{"rendered":"https:\/\/florsivioles.marketingempresas.es\/?post_type=product&#038;p=4145"},"modified":"2023-11-16T12:08:00","modified_gmt":"2023-11-16T11:08:00","slug":"crackers-de-castana","status":"publish","type":"product","link":"https:\/\/florsivioles.marketingempresas.es\/en\/product\/crackers-de-castana\/","title":{"rendered":"Organic Chestnut Crackers"},"content":{"rendered":"<p>Crujientes Crackers de Casta\u00f1a Ecol\u00f3gicas para comer a cualquier hora. Se pueden comer solas o combinarlas tanto en dulce como en salado. Fuente de fibra, sin az\u00facares a\u00f1adidos ya que contiene los az\u00facares naturalmente presentes.<\/p>\n<p>Ingredientes: Harina de arroz *, harina de casta\u00f1a * (30%), sal marina.* De agricultura ecol\u00f3gica<br \/>\nConservaci\u00f3n: Conservar en lugar fresco y seco. Alejado de la luz solar.<\/p>","protected":false},"excerpt":{"rendered":"<p>150 gr container<\/p>","protected":false},"featured_media":6850,"template":"","meta":{"_uag_custom_page_level_css":""},"product_brand":[],"product_cat":[445,27,1550,1209],"product_tag":[865,863,1274,633,864],"taxonomy\/receta":[],"class_list":{"0":"post-4145","1":"product","2":"type-product","3":"status-publish","4":"has-post-thumbnail","6":"product_cat-snacks-barritas-tortitas-bio","7":"product_cat-bio","8":"product_cat-dulces-y-salados-bio","9":"product_cat-sin-gluten-bio","10":"product_tag-castana","11":"product_tag-crackers","12":"product_tag-crackers-de-castana-ecologicas","13":"product_tag-desayuno-saludable","14":"product_tag-le-pain-des-fleurs","15":"product_shipping_class-envio-gratuito","17":"first","18":"instock","19":"taxable","20":"shipping-taxable","21":"purchasable","22":"product-type-simple"},"uagb_featured_image_src":{"full":["https:\/\/florsivioles.marketingempresas.es\/wp-content\/uploads\/2022\/03\/Crackers-de-Castana-Ecologicas-Flors-i-Violes.jpg",640,554,false],"thumbnail":["https:\/\/florsivioles.marketingempresas.es\/wp-content\/uploads\/2022\/03\/Crackers-de-Castana-Ecologicas-Flors-i-Violes-150x130.jpg",150,130,true],"medium":["https:\/\/florsivioles.marketingempresas.es\/wp-content\/uploads\/2022\/03\/Crackers-de-Castana-Ecologicas-Flors-i-Violes-364x315.jpg",364,315,true],"medium_large":["https:\/\/florsivioles.marketingempresas.es\/wp-content\/uploads\/2022\/03\/Crackers-de-Castana-Ecologicas-Flors-i-Violes.jpg",640,554,false],"large":["https:\/\/florsivioles.marketingempresas.es\/wp-content\/uploads\/2022\/03\/Crackers-de-Castana-Ecologicas-Flors-i-Violes.jpg",640,554,false],"1536x1536":["https:\/\/florsivioles.marketingempresas.es\/wp-content\/uploads\/2022\/03\/Crackers-de-Castana-Ecologicas-Flors-i-Violes.jpg",640,554,false],"2048x2048":["https:\/\/florsivioles.marketingempresas.es\/wp-content\/uploads\/2022\/03\/Crackers-de-Castana-Ecologicas-Flors-i-Violes.jpg",640,554,false],"trp-custom-language-flag":["https:\/\/florsivioles.marketingempresas.es\/wp-content\/uploads\/2022\/03\/Crackers-de-Castana-Ecologicas-Flors-i-Violes-14x12.jpg",14,12,true],"woocommerce_thumbnail":["https:\/\/florsivioles.marketingempresas.es\/wp-content\/uploads\/2022\/03\/Crackers-de-Castana-Ecologicas-Flors-i-Violes-260x260.jpg",260,260,true],"woocommerce_single":["https:\/\/florsivioles.marketingempresas.es\/wp-content\/uploads\/2022\/03\/Crackers-de-Castana-Ecologicas-Flors-i-Violes-360x312.jpg",360,312,true],"woocommerce_gallery_thumbnail":["https:\/\/florsivioles.marketingempresas.es\/wp-content\/uploads\/2022\/03\/Crackers-de-Castana-Ecologicas-Flors-i-Violes-100x100.jpg",100,100,true]},"uagb_author_info":{"display_name":"Christian Roig Brown","author_link":"https:\/\/florsivioles.marketingempresas.es\/en\/author\/"},"uagb_comment_info":0,"uagb_excerpt":"Envase de 150 gr.","_links":{"self":[{"href":"https:\/\/florsivioles.marketingempresas.es\/en\/wp-json\/wp\/v2\/product\/4145","targetHints":{"allow":["GET"]}}],"collection":[{"href":"https:\/\/florsivioles.marketingempresas.es\/en\/wp-json\/wp\/v2\/product"}],"about":[{"href":"https:\/\/florsivioles.marketingempresas.es\/en\/wp-json\/wp\/v2\/types\/product"}],"wp:featuredmedia":[{"embeddable":true,"href":"https:\/\/florsivioles.marketingempresas.es\/en\/wp-json\/wp\/v2\/media\/6850"}],"wp:attachment":[{"href":"https:\/\/florsivioles.marketingempresas.es\/en\/wp-json\/wp\/v2\/media?parent=4145"}],"wp:term":[{"taxonomy":"product_brand","embeddable":true,"href":"https:\/\/florsivioles.marketingempresas.es\/en\/wp-json\/wp\/v2\/product_brand?post=4145"},{"taxonomy":"product_cat","embeddable":true,"href":"https:\/\/florsivioles.marketingempresas.es\/en\/wp-json\/wp\/v2\/product_cat?post=4145"},{"taxonomy":"product_tag","embeddable":true,"href":"https:\/\/florsivioles.marketingempresas.es\/en\/wp-json\/wp\/v2\/product_tag?post=4145"},{"taxonomy":"receta","embeddable":true,"href":"https:\/\/florsivioles.marketingempresas.es\/en\/wp-json\/wp\/v2\/taxonomy\/receta?post=4145"}],"curies":[{"name":"wp","href":"https:\/\/api.w.org\/{rel}","templated":true}]}}