{"id":4133,"date":"2022-11-14T10:30:51","date_gmt":"2022-11-14T09:30:51","guid":{"rendered":"https:\/\/florsivioles.marketingempresas.es\/?post_type=product&#038;p=4133"},"modified":"2023-07-25T19:03:53","modified_gmt":"2023-07-25T17:03:53","slug":"azucar-demerara-ecologico","status":"publish","type":"product","link":"https:\/\/florsivioles.marketingempresas.es\/en\/product\/azucar-demerara-ecologico\/","title":{"rendered":"Organic Demerara Sugar"},"content":{"rendered":"<h2>Organic Demerara Sugar<\/h2>\n<p>El az\u00facar Demerara ecol\u00f3gico es un tipo de az\u00facar con grandes gr\u00e1nulos producidos a partir de la ca\u00f1a de az\u00facar. Es originario de Guyana, un pa\u00eds del norte de Sudam\u00e9rica que, antes de ser independiente, hab\u00eda estado formado por tres colonias holandesas. A pesar de haber heredado el nombre, la mayor parte del az\u00facar demerara proviene de Mauricio, \u00c1frica. Es muy utilizado para componer recetas y decorar dulces. Y su uso se ha considerado m\u00e1s saludable que el del az\u00facar blanco. La principal diferencia entre ellos es que el tipo demerara sufre menos procesamiento.<\/p>\n<p>En el proceso de producci\u00f3n de az\u00facar demerara, el jugo de la ca\u00f1a de az\u00facar se extrae aplicando presi\u00f3n sobre la ca\u00f1a de az\u00facar. Luego se cuece el caldo hasta que espese y forme un alm\u00edbar. El agua del alm\u00edbar se evapora y la sustancia se endurece, dando lugar al az\u00facar demerara. Este proceso permite que el az\u00facar demerara retenga vitaminas y minerales. Mientras que el procesamiento del az\u00facar blanco hace que est\u00e9 desprovisto de nutrientes.<\/p>\n<p>Aunque el az\u00facar demerara se procesa menos que el az\u00facar blanco, todav\u00eda se considera un az\u00facar agregado (el az\u00facar agregado es todo el az\u00facar agregado en el proceso de elaboraci\u00f3n de un producto, que no se encuentra en \u00e9l de forma natural). Y el exceso de az\u00facar agregado se asocia con un mayor riesgo de obesidad, enfermedades card\u00edacas y diabetes tipo 2. Por lo tanto, es importante consumir az\u00facar demerara solo ocasionalmente y en peque\u00f1as cantidades.<\/p>\n<p>El az\u00facar demerara contiene algunas vitaminas y minerales, como calcio, hierro, magnesio y vitaminas B3, B5 y B6. En general, cuanto m\u00e1s oscuro sea el color del az\u00facar, mayor ser\u00e1 la cantidad de estos nutrientes.\u00a0Sin embargo, un estudio encontr\u00f3 que los az\u00facares marrones oscuros, como la demerara, son una fuente pobre de vitaminas. Y no vale la pena comer m\u00e1s az\u00facar agregada para aumentar la ingesta de nutrientes; ya que, como ya se ha mencionado, el exceso de az\u00facar a\u00f1adido puede ser perjudicial.<\/p>\n<p>Al igual que en el caso del az\u00facar blanco, el az\u00facar demerara est\u00e1 compuesto principalmente por sacarosa (uni\u00f3n de glucosa y fructosa), que puede tener efectos nocivos para la salud, estando asociado a un mayor riesgo de diabetes tipo 2.\u00a0El az\u00facar blanco y la demerara son iguales en t\u00e9rminos de cantidad de calor\u00edas. Cada cucharadita (4 gramos) de cualquier az\u00facar tiene 15 calor\u00edas.<\/p>\n<p>Adem\u00e1s, cualquier az\u00facar del tipo agregado aumenta el sabor dulce de los alimentos, aumentando el deseo de comer, lo que puede conducir al desarrollo de enfermedades cr\u00f3nicas. Por lo tanto, aunque el az\u00facar demerara es un poco m\u00e1s saludable que el az\u00facar blanco, ya que retiene m\u00e1s nutrientes en su procesamiento, debe consumirse con moderaci\u00f3n de la misma manera que el blanco.<\/p>","protected":false},"excerpt":{"rendered":"<p>1Kg container<\/p>","protected":false},"featured_media":6818,"template":"","meta":{"_uag_custom_page_level_css":""},"product_brand":[],"product_cat":[27,852],"product_tag":[841,837,842,840,858,839,843],"taxonomy\/receta":[],"class_list":{"0":"post-4133","1":"product","2":"type-product","3":"status-publish","4":"has-post-thumbnail","6":"product_cat-bio","7":"product_cat-condimentos-especias-bio","8":"product_tag-azucar-de-cana-integral","9":"product_tag-azucar-integral","10":"product_tag-azucar-moreno","11":"product_tag-bolleria-saludable","12":"product_tag-demerara","13":"product_tag-pasteleria","14":"product_tag-vitaminas","15":"product_shipping_class-envio-gratuito","17":"first","18":"instock","19":"taxable","20":"shipping-taxable","21":"purchasable","22":"product-type-simple"},"uagb_featured_image_src":{"full":["https:\/\/florsivioles.marketingempresas.es\/wp-content\/uploads\/2022\/11\/Azucar-Demerara-Ecologico-Flors-i-Violes.jpg",640,554,false],"thumbnail":["https:\/\/florsivioles.marketingempresas.es\/wp-content\/uploads\/2022\/11\/Azucar-Demerara-Ecologico-Flors-i-Violes-150x130.jpg",150,130,true],"medium":["https:\/\/florsivioles.marketingempresas.es\/wp-content\/uploads\/2022\/11\/Azucar-Demerara-Ecologico-Flors-i-Violes-364x315.jpg",364,315,true],"medium_large":["https:\/\/florsivioles.marketingempresas.es\/wp-content\/uploads\/2022\/11\/Azucar-Demerara-Ecologico-Flors-i-Violes.jpg",640,554,false],"large":["https:\/\/florsivioles.marketingempresas.es\/wp-content\/uploads\/2022\/11\/Azucar-Demerara-Ecologico-Flors-i-Violes.jpg",640,554,false],"1536x1536":["https:\/\/florsivioles.marketingempresas.es\/wp-content\/uploads\/2022\/11\/Azucar-Demerara-Ecologico-Flors-i-Violes.jpg",640,554,false],"2048x2048":["https:\/\/florsivioles.marketingempresas.es\/wp-content\/uploads\/2022\/11\/Azucar-Demerara-Ecologico-Flors-i-Violes.jpg",640,554,false],"trp-custom-language-flag":["https:\/\/florsivioles.marketingempresas.es\/wp-content\/uploads\/2022\/11\/Azucar-Demerara-Ecologico-Flors-i-Violes-14x12.jpg",14,12,true],"woocommerce_thumbnail":["https:\/\/florsivioles.marketingempresas.es\/wp-content\/uploads\/2022\/11\/Azucar-Demerara-Ecologico-Flors-i-Violes-260x260.jpg",260,260,true],"woocommerce_single":["https:\/\/florsivioles.marketingempresas.es\/wp-content\/uploads\/2022\/11\/Azucar-Demerara-Ecologico-Flors-i-Violes-360x312.jpg",360,312,true],"woocommerce_gallery_thumbnail":["https:\/\/florsivioles.marketingempresas.es\/wp-content\/uploads\/2022\/11\/Azucar-Demerara-Ecologico-Flors-i-Violes-100x100.jpg",100,100,true]},"uagb_author_info":{"display_name":"Christian Roig Brown","author_link":"https:\/\/florsivioles.marketingempresas.es\/en\/author\/"},"uagb_comment_info":0,"uagb_excerpt":"Envase de 1 Kg.","_links":{"self":[{"href":"https:\/\/florsivioles.marketingempresas.es\/en\/wp-json\/wp\/v2\/product\/4133","targetHints":{"allow":["GET"]}}],"collection":[{"href":"https:\/\/florsivioles.marketingempresas.es\/en\/wp-json\/wp\/v2\/product"}],"about":[{"href":"https:\/\/florsivioles.marketingempresas.es\/en\/wp-json\/wp\/v2\/types\/product"}],"wp:featuredmedia":[{"embeddable":true,"href":"https:\/\/florsivioles.marketingempresas.es\/en\/wp-json\/wp\/v2\/media\/6818"}],"wp:attachment":[{"href":"https:\/\/florsivioles.marketingempresas.es\/en\/wp-json\/wp\/v2\/media?parent=4133"}],"wp:term":[{"taxonomy":"product_brand","embeddable":true,"href":"https:\/\/florsivioles.marketingempresas.es\/en\/wp-json\/wp\/v2\/product_brand?post=4133"},{"taxonomy":"product_cat","embeddable":true,"href":"https:\/\/florsivioles.marketingempresas.es\/en\/wp-json\/wp\/v2\/product_cat?post=4133"},{"taxonomy":"product_tag","embeddable":true,"href":"https:\/\/florsivioles.marketingempresas.es\/en\/wp-json\/wp\/v2\/product_tag?post=4133"},{"taxonomy":"receta","embeddable":true,"href":"https:\/\/florsivioles.marketingempresas.es\/en\/wp-json\/wp\/v2\/taxonomy\/receta?post=4133"}],"curies":[{"name":"wp","href":"https:\/\/api.w.org\/{rel}","templated":true}]}}