{"id":4091,"date":"2022-11-24T10:25:54","date_gmt":"2022-11-24T09:25:54","guid":{"rendered":"https:\/\/florsivioles.marketingempresas.es\/?post_type=product&#038;p=4091"},"modified":"2023-06-15T23:11:16","modified_gmt":"2023-06-15T21:11:16","slug":"sal-ecologica-del-delta-del-ebro","status":"publish","type":"product","link":"https:\/\/florsivioles.marketingempresas.es\/en\/product\/sal-ecologica-del-delta-del-ebro\/","title":{"rendered":"Organic Salt from the Ebro Delta"},"content":{"rendered":"<p>Sal ecol\u00f3gica\u00a0 del Delta del Ebro de origen natural y 100% ecol\u00f3gica. Perfecta para sazonar, cocinar e incluso cuidar de la piel. Tiene una textura fina y un formato pr\u00e1ctico en bolsa para rellenar cualquier envase o salero.<\/p>\n<p>La sal marina es un ingrediente cuya composici\u00f3n se mantiene intacta, dado que no se somete a procesamientos industriales. Se destaca por su alto contenido de minerales esenciales que, tras ser absorbidos, brindan una amplia variedad de beneficios en el cuerpo.<\/p>\n<p>La Sal fina ayuda al cuerpo a crear jugos g\u00e1stricos para que los alimentos que consumimos se digieran m\u00e1s r\u00e1pido. Por otro lado, ayuda a prevenir su acumulaci\u00f3n en el aparato digestivo. Se ha demostrado que la sal marina resulta efectiva en el tratamiento de varios tipos de depresi\u00f3n. La sal ayuda a preservar dos hormonas esenciales en el cuerpo que ayudan a tratar mejor el estr\u00e9s. Es vital para la contracci\u00f3n muscular y expansi\u00f3n, la estimulaci\u00f3n de los nervios, el buen funcionamiento de las gl\u00e1ndulas suprarrenales, y otros procesos biol\u00f3gicos, tambi\u00e9n.<\/p>\n<p>Ayuda a mantener los electrolitos en el cuerpo que son esenciales para el procesamiento de la informaci\u00f3n y la comunicaci\u00f3n de las c\u00e9lulas cerebrales. Por su acci\u00f3n antiinflamatoria y calmante, este tipo de sal es una soluci\u00f3n natural contra la irritaci\u00f3n de las v\u00edas respiratorias. Cuenta con un ligero efecto expectorante que ayuda a reducir el exceso de producci\u00f3n de flemas. As\u00ed, evita la obstrucci\u00f3n de los conductos.<\/p>\n<p>Ayuda a estabilizar los latidos card\u00edacos anormales que es contrario a la idea falsa com\u00fan de que hace que la presi\u00f3n arterial aumente, de hecho, la sal de mar junto con el agua y en la proporci\u00f3n adecuada, es esencial para la regulaci\u00f3n de la presi\u00f3n arterial. El efecto antioxidante y alcalino de este producto org\u00e1nico lo convierten en un gran apoyo contra el envejecimiento; adem\u00e1s, dado que apoya la desintoxicaci\u00f3n. Es un buen complemento para evitar las arrugas y otros signos cut\u00e1neos de la edad.<\/p>\n<p>Puede ayudar a reducir la necesidad de insulina para mantener los niveles de az\u00facar correctos en el cuerpo. Si tienes diabetes o tienes riesgo de padecer la enfermedad, la sal es una parte esencial de tu dieta. Si se toma con agua caliente, la sal marina ayuda a una persona obtener un sue\u00f1o m\u00e1s profundo y m\u00e1s largo, relajante y refrescante. Procura adquirirla en tiendas naturistas y cons\u00famela en peque\u00f1as dosis para aprovechar todas sus propiedades.<\/p>","protected":false},"excerpt":{"rendered":"<p>1kg container<\/p>","protected":false},"featured_media":6665,"template":"","meta":{"_uag_custom_page_level_css":""},"product_brand":[],"product_cat":[27,852],"product_tag":[846,848,845,847,844],"taxonomy\/receta":[],"class_list":{"0":"post-4091","1":"product","2":"type-product","3":"status-publish","4":"has-post-thumbnail","6":"product_cat-bio","7":"product_cat-condimentos-especias-bio","8":"product_tag-delta-del-ebro","9":"product_tag-minerales","10":"product_tag-sal-de-mesa","11":"product_tag-sal-ecologica","12":"product_tag-sal-fina","13":"product_shipping_class-envio-gratuito","15":"first","16":"instock","17":"taxable","18":"shipping-taxable","19":"purchasable","20":"product-type-simple"},"uagb_featured_image_src":{"full":["https:\/\/florsivioles.marketingempresas.es\/wp-content\/uploads\/2022\/11\/Sal-ecologica-del-Delta-del-Ebro-Flors-i-Violes.jpg",640,554,false],"thumbnail":["https:\/\/florsivioles.marketingempresas.es\/wp-content\/uploads\/2022\/11\/Sal-ecologica-del-Delta-del-Ebro-Flors-i-Violes-150x130.jpg",150,130,true],"medium":["https:\/\/florsivioles.marketingempresas.es\/wp-content\/uploads\/2022\/11\/Sal-ecologica-del-Delta-del-Ebro-Flors-i-Violes-364x315.jpg",364,315,true],"medium_large":["https:\/\/florsivioles.marketingempresas.es\/wp-content\/uploads\/2022\/11\/Sal-ecologica-del-Delta-del-Ebro-Flors-i-Violes.jpg",640,554,false],"large":["https:\/\/florsivioles.marketingempresas.es\/wp-content\/uploads\/2022\/11\/Sal-ecologica-del-Delta-del-Ebro-Flors-i-Violes.jpg",640,554,false],"1536x1536":["https:\/\/florsivioles.marketingempresas.es\/wp-content\/uploads\/2022\/11\/Sal-ecologica-del-Delta-del-Ebro-Flors-i-Violes.jpg",640,554,false],"2048x2048":["https:\/\/florsivioles.marketingempresas.es\/wp-content\/uploads\/2022\/11\/Sal-ecologica-del-Delta-del-Ebro-Flors-i-Violes.jpg",640,554,false],"trp-custom-language-flag":["https:\/\/florsivioles.marketingempresas.es\/wp-content\/uploads\/2022\/11\/Sal-ecologica-del-Delta-del-Ebro-Flors-i-Violes-14x12.jpg",14,12,true],"woocommerce_thumbnail":["https:\/\/florsivioles.marketingempresas.es\/wp-content\/uploads\/2022\/11\/Sal-ecologica-del-Delta-del-Ebro-Flors-i-Violes-260x260.jpg",260,260,true],"woocommerce_single":["https:\/\/florsivioles.marketingempresas.es\/wp-content\/uploads\/2022\/11\/Sal-ecologica-del-Delta-del-Ebro-Flors-i-Violes-360x312.jpg",360,312,true],"woocommerce_gallery_thumbnail":["https:\/\/florsivioles.marketingempresas.es\/wp-content\/uploads\/2022\/11\/Sal-ecologica-del-Delta-del-Ebro-Flors-i-Violes-100x100.jpg",100,100,true]},"uagb_author_info":{"display_name":"Christian Roig Brown","author_link":"https:\/\/florsivioles.marketingempresas.es\/en\/author\/"},"uagb_comment_info":0,"uagb_excerpt":"Envase de 1 kg.","_links":{"self":[{"href":"https:\/\/florsivioles.marketingempresas.es\/en\/wp-json\/wp\/v2\/product\/4091","targetHints":{"allow":["GET"]}}],"collection":[{"href":"https:\/\/florsivioles.marketingempresas.es\/en\/wp-json\/wp\/v2\/product"}],"about":[{"href":"https:\/\/florsivioles.marketingempresas.es\/en\/wp-json\/wp\/v2\/types\/product"}],"wp:featuredmedia":[{"embeddable":true,"href":"https:\/\/florsivioles.marketingempresas.es\/en\/wp-json\/wp\/v2\/media\/6665"}],"wp:attachment":[{"href":"https:\/\/florsivioles.marketingempresas.es\/en\/wp-json\/wp\/v2\/media?parent=4091"}],"wp:term":[{"taxonomy":"product_brand","embeddable":true,"href":"https:\/\/florsivioles.marketingempresas.es\/en\/wp-json\/wp\/v2\/product_brand?post=4091"},{"taxonomy":"product_cat","embeddable":true,"href":"https:\/\/florsivioles.marketingempresas.es\/en\/wp-json\/wp\/v2\/product_cat?post=4091"},{"taxonomy":"product_tag","embeddable":true,"href":"https:\/\/florsivioles.marketingempresas.es\/en\/wp-json\/wp\/v2\/product_tag?post=4091"},{"taxonomy":"receta","embeddable":true,"href":"https:\/\/florsivioles.marketingempresas.es\/en\/wp-json\/wp\/v2\/taxonomy\/receta?post=4091"}],"curies":[{"name":"wp","href":"https:\/\/api.w.org\/{rel}","templated":true}]}}