{"id":4088,"date":"2022-11-24T10:29:34","date_gmt":"2022-11-24T09:29:34","guid":{"rendered":"https:\/\/florsivioles.marketingempresas.es\/?post_type=product&#038;p=4088"},"modified":"2023-09-28T19:31:52","modified_gmt":"2023-09-28T17:31:52","slug":"azucar-mascabado-ecologico","status":"publish","type":"product","link":"https:\/\/florsivioles.marketingempresas.es\/en\/product\/azucar-mascabado-ecologico\/","title":{"rendered":"Organic Mascovado Sugar"},"content":{"rendered":"<p>El az\u00facar mascabado ecol\u00f3gico es un az\u00facar integral. Es decir, que para fabricarla, se extrae el zumo de la ca\u00f1a de az\u00facar y se deja evaporar hasta obtener un producto seco que posteriormente es molido. No es igual que el az\u00facar moreno, ya que \u00e9sta es refinada y se le ha incorporado cierta cantidad de melaza. As\u00ed que el az\u00facar mascabado al ser m\u00e1s puro, cuenta con peque\u00f1as cantidades de nutrientes propios del zumo de ca\u00f1a, por lo que sus beneficios para la salud resultan significativos.<\/p>\n<p>Una de las grandes virtudes del az\u00facar mascabado, es que al ser un az\u00facar procesado que no usa productos qu\u00edmicos agresivos, no pierde los componentes nutricionales originales. As\u00ed que este az\u00facar aporta vitaminas y minerales, que ayuda a mejorar el metabolismo y fortalecer el sistema inmunitario. Asimismo, mantiene los niveles de glucosa en sangre estables. Esto se debe porque se asimila de forma m\u00e1s lenta que el az\u00facar refinado, siendo una propuesta para las personas con diabetes.<\/p>\n<p>De lo m\u00e1s sobresaliente, es que no contiene elementos t\u00f3xicos, por lo que es mejor para el organismo e incluso sus componentes son desechados por completo despu\u00e9s de ser ingeridos. Tambi\u00e9n protege a las c\u00e9lulas de los radicales libres, ya que aporta antioxidantes al organismo.\u00a0Adem\u00e1s, al tener un valor cal\u00f3rico menor, resulta una gran alternativa para las personas que quieren bajar de peso y no desean la ingesta de edulcorantes que la mayor\u00eda resultan nocivos para la salud.<\/p>\n<p>En conclusi\u00f3n, el uso de az\u00facar mascabado puede sustituir el az\u00facar refinado en la dieta y tener una dosis de dulzura natural. Sin embargo, esta debe consumirse con moderaci\u00f3n para que no resulte contraproducente.<\/p>","protected":false},"excerpt":{"rendered":"<p>500gr package<\/p>","protected":false},"featured_media":6816,"template":"","meta":{"_uag_custom_page_level_css":""},"product_brand":[],"product_cat":[27,852],"product_tag":[841,837,842,840,838,839,843],"taxonomy\/receta":[],"class_list":{"0":"post-4088","1":"product","2":"type-product","3":"status-publish","4":"has-post-thumbnail","6":"product_cat-bio","7":"product_cat-condimentos-especias-bio","8":"product_tag-azucar-de-cana-integral","9":"product_tag-azucar-integral","10":"product_tag-azucar-moreno","11":"product_tag-bolleria-saludable","12":"product_tag-mascabado","13":"product_tag-pasteleria","14":"product_tag-vitaminas","15":"product_shipping_class-envio-gratuito","17":"first","18":"instock","19":"taxable","20":"shipping-taxable","21":"purchasable","22":"product-type-simple"},"uagb_featured_image_src":{"full":["https:\/\/florsivioles.marketingempresas.es\/wp-content\/uploads\/2022\/11\/Azucar-Mascabado-Ecologico-Flors-i-Violes.jpg",640,554,false],"thumbnail":["https:\/\/florsivioles.marketingempresas.es\/wp-content\/uploads\/2022\/11\/Azucar-Mascabado-Ecologico-Flors-i-Violes-150x130.jpg",150,130,true],"medium":["https:\/\/florsivioles.marketingempresas.es\/wp-content\/uploads\/2022\/11\/Azucar-Mascabado-Ecologico-Flors-i-Violes-364x315.jpg",364,315,true],"medium_large":["https:\/\/florsivioles.marketingempresas.es\/wp-content\/uploads\/2022\/11\/Azucar-Mascabado-Ecologico-Flors-i-Violes.jpg",640,554,false],"large":["https:\/\/florsivioles.marketingempresas.es\/wp-content\/uploads\/2022\/11\/Azucar-Mascabado-Ecologico-Flors-i-Violes.jpg",640,554,false],"1536x1536":["https:\/\/florsivioles.marketingempresas.es\/wp-content\/uploads\/2022\/11\/Azucar-Mascabado-Ecologico-Flors-i-Violes.jpg",640,554,false],"2048x2048":["https:\/\/florsivioles.marketingempresas.es\/wp-content\/uploads\/2022\/11\/Azucar-Mascabado-Ecologico-Flors-i-Violes.jpg",640,554,false],"trp-custom-language-flag":["https:\/\/florsivioles.marketingempresas.es\/wp-content\/uploads\/2022\/11\/Azucar-Mascabado-Ecologico-Flors-i-Violes-14x12.jpg",14,12,true],"woocommerce_thumbnail":["https:\/\/florsivioles.marketingempresas.es\/wp-content\/uploads\/2022\/11\/Azucar-Mascabado-Ecologico-Flors-i-Violes-260x260.jpg",260,260,true],"woocommerce_single":["https:\/\/florsivioles.marketingempresas.es\/wp-content\/uploads\/2022\/11\/Azucar-Mascabado-Ecologico-Flors-i-Violes-360x312.jpg",360,312,true],"woocommerce_gallery_thumbnail":["https:\/\/florsivioles.marketingempresas.es\/wp-content\/uploads\/2022\/11\/Azucar-Mascabado-Ecologico-Flors-i-Violes-100x100.jpg",100,100,true]},"uagb_author_info":{"display_name":"Christian Roig Brown","author_link":"https:\/\/florsivioles.marketingempresas.es\/en\/author\/"},"uagb_comment_info":0,"uagb_excerpt":"Envase de 500 gr.","_links":{"self":[{"href":"https:\/\/florsivioles.marketingempresas.es\/en\/wp-json\/wp\/v2\/product\/4088","targetHints":{"allow":["GET"]}}],"collection":[{"href":"https:\/\/florsivioles.marketingempresas.es\/en\/wp-json\/wp\/v2\/product"}],"about":[{"href":"https:\/\/florsivioles.marketingempresas.es\/en\/wp-json\/wp\/v2\/types\/product"}],"wp:featuredmedia":[{"embeddable":true,"href":"https:\/\/florsivioles.marketingempresas.es\/en\/wp-json\/wp\/v2\/media\/6816"}],"wp:attachment":[{"href":"https:\/\/florsivioles.marketingempresas.es\/en\/wp-json\/wp\/v2\/media?parent=4088"}],"wp:term":[{"taxonomy":"product_brand","embeddable":true,"href":"https:\/\/florsivioles.marketingempresas.es\/en\/wp-json\/wp\/v2\/product_brand?post=4088"},{"taxonomy":"product_cat","embeddable":true,"href":"https:\/\/florsivioles.marketingempresas.es\/en\/wp-json\/wp\/v2\/product_cat?post=4088"},{"taxonomy":"product_tag","embeddable":true,"href":"https:\/\/florsivioles.marketingempresas.es\/en\/wp-json\/wp\/v2\/product_tag?post=4088"},{"taxonomy":"receta","embeddable":true,"href":"https:\/\/florsivioles.marketingempresas.es\/en\/wp-json\/wp\/v2\/taxonomy\/receta?post=4088"}],"curies":[{"name":"wp","href":"https:\/\/api.w.org\/{rel}","templated":true}]}}