{"id":4045,"date":"2022-11-24T10:24:56","date_gmt":"2022-11-24T09:24:56","guid":{"rendered":"https:\/\/florsivioles.marketingempresas.es\/?post_type=product&#038;p=4045"},"modified":"2023-06-15T23:11:23","modified_gmt":"2023-06-15T21:11:23","slug":"bebida-de-almendras-ecologica","status":"publish","type":"product","link":"https:\/\/florsivioles.marketingempresas.es\/en\/product\/bebida-de-almendras-ecologica\/","title":{"rendered":"Organic Almond Beverage"},"content":{"rendered":"<p>La bebida de almendras cada d\u00eda es m\u00e1s demandada gracias a sus infinitos beneficios.\u00a0Una de las razones por las cuales la leche de almendras es muy solicitada es por su bajo aporte cal\u00f3rico. Sin embargo, este tipo de leche puede ser un poco m\u00e1s amarga que el resto, por lo que algunas veces se le a\u00f1ade un toque extra de az\u00facar.<\/p>\n<p>A diferencia de otros tipos de leche, la lecha de almendras no contiene calcio ni prote\u00ednas. Seg\u00fan indica un estudio comparativo entre las bebidas vegetales y las leches de otros mam\u00edferos, la bebida de almendra es la m\u00e1s rica en vitaminas, magnesio, \u00e1cidos grasos y otros, y esto la convierte en la opci\u00f3n m\u00e1s nutritiva.\u00a0Sin embargo, el mismo estudio indica que no es recomendable para lactantes ni para ni\u00f1os, dado que puede ser peligrosa.<\/p>\n<p>Entre los m\u00faltiples beneficios de esta leche, encontramos los siguientes:<\/p>\n<p>Bajo aporte cal\u00f3rico; Libre de colesterol; Sin grasas saturadas; Algunas preparaciones contienen vitaminas como la D y la A; Es libre de lactosa; Rica en vitamina E, lo cual la convierte en una mezcla potente con antioxidantes que ayudan a conservar la juventud; No necesita refrigeraci\u00f3n constante como otras leches en el mercado; Alto contenido de fibra; Facilita la digesti\u00f3n; Mejora el sistema cardiovascular.<\/p>\n<p>Estas son las principales ventajas o beneficios del consumo de esta leche. No obstante, quienes padecen de osteoporosis quiz\u00e1 requieran consumir otro tipo de leche, debido a que no posee calcio, a menos que la etiqueta indique claramente que el fabricante lo ha a\u00f1adido.<\/p>\n<p>Aunque la leche de almendras est\u00e1 libre de lactosa, y quienes son intolerantes a ella podr\u00edan sentirse a gusto al consumirla, es mejor cerciorarse que la persona no es al\u00e9rgica a los frutos secos, sobre todo a las almendras, ya que podr\u00eda afectar su salud.<\/p>\n<p>Este tipo de leche, al trabajar nivelando el colesterol bueno, contribuye a que el sistema cardiovascular funcione bien, ya que el colesterol LDL, o llamado \u201cmalo\u201d, queda a raya con el consumo de la leche de almendras.\u00a0Las personas que sufren de padecimientos gastrointestinales tambi\u00e9n podr\u00e1n encontrar alivio al ingerir este producto, en tanto que la cantidad de fibras que contiene protege el colon y los intestinos.\u00a0Este nivel alto de fibra tambi\u00e9n permite que los az\u00facares sean absorbidos de forma eficiente.<\/p>\n<p>Igualmente, la leche de almendras es consumida por un gran n\u00famero de mujeres gracias a que contiene vitamina B12, la cual es ideal para el fortalecimiento del cabello, las u\u00f1as y el cuidado de la piel.\u00a0Quiz\u00e1, una de las mejores ganancias que podemos obtener de este producto natural, es que tambi\u00e9n lo podemos hacer en casa y esta opci\u00f3n reduce los costos.<\/p>","protected":false},"excerpt":{"rendered":"<p>1L container<\/p>","protected":false},"featured_media":6840,"template":"","meta":{"_uag_custom_page_level_css":""},"product_brand":[],"product_cat":[27,524],"product_tag":[800,796,794,801,793,713,795,797],"taxonomy\/receta":[],"class_list":{"0":"post-4045","1":"product","2":"type-product","3":"status-publish","4":"has-post-thumbnail","6":"product_cat-bio","7":"product_cat-bebidas-vegetales-bio","8":"product_tag-bebida-de-almendras","9":"product_tag-bebida-saludable","10":"product_tag-bebida-vegetal","11":"product_tag-leche-de-almendras","12":"product_tag-leches-vegetales-ecologicas","13":"product_tag-sin-lactosa","14":"product_tag-sustituto-de-la-leche","15":"product_tag-vegano","16":"product_shipping_class-envio-gratuito","18":"first","19":"instock","20":"taxable","21":"shipping-taxable","22":"purchasable","23":"product-type-simple"},"uagb_featured_image_src":{"full":["https:\/\/florsivioles.marketingempresas.es\/wp-content\/uploads\/2022\/11\/Bebida-de-Almendras-Ecologica-Flors-i-Violes.jpg",640,554,false],"thumbnail":["https:\/\/florsivioles.marketingempresas.es\/wp-content\/uploads\/2022\/11\/Bebida-de-Almendras-Ecologica-Flors-i-Violes-150x130.jpg",150,130,true],"medium":["https:\/\/florsivioles.marketingempresas.es\/wp-content\/uploads\/2022\/11\/Bebida-de-Almendras-Ecologica-Flors-i-Violes-364x315.jpg",364,315,true],"medium_large":["https:\/\/florsivioles.marketingempresas.es\/wp-content\/uploads\/2022\/11\/Bebida-de-Almendras-Ecologica-Flors-i-Violes.jpg",640,554,false],"large":["https:\/\/florsivioles.marketingempresas.es\/wp-content\/uploads\/2022\/11\/Bebida-de-Almendras-Ecologica-Flors-i-Violes.jpg",640,554,false],"1536x1536":["https:\/\/florsivioles.marketingempresas.es\/wp-content\/uploads\/2022\/11\/Bebida-de-Almendras-Ecologica-Flors-i-Violes.jpg",640,554,false],"2048x2048":["https:\/\/florsivioles.marketingempresas.es\/wp-content\/uploads\/2022\/11\/Bebida-de-Almendras-Ecologica-Flors-i-Violes.jpg",640,554,false],"trp-custom-language-flag":["https:\/\/florsivioles.marketingempresas.es\/wp-content\/uploads\/2022\/11\/Bebida-de-Almendras-Ecologica-Flors-i-Violes-14x12.jpg",14,12,true],"woocommerce_thumbnail":["https:\/\/florsivioles.marketingempresas.es\/wp-content\/uploads\/2022\/11\/Bebida-de-Almendras-Ecologica-Flors-i-Violes-260x260.jpg",260,260,true],"woocommerce_single":["https:\/\/florsivioles.marketingempresas.es\/wp-content\/uploads\/2022\/11\/Bebida-de-Almendras-Ecologica-Flors-i-Violes-360x312.jpg",360,312,true],"woocommerce_gallery_thumbnail":["https:\/\/florsivioles.marketingempresas.es\/wp-content\/uploads\/2022\/11\/Bebida-de-Almendras-Ecologica-Flors-i-Violes-100x100.jpg",100,100,true]},"uagb_author_info":{"display_name":"Christian Roig Brown","author_link":"https:\/\/florsivioles.marketingempresas.es\/en\/author\/"},"uagb_comment_info":0,"uagb_excerpt":"Envase de 1L.","_links":{"self":[{"href":"https:\/\/florsivioles.marketingempresas.es\/en\/wp-json\/wp\/v2\/product\/4045","targetHints":{"allow":["GET"]}}],"collection":[{"href":"https:\/\/florsivioles.marketingempresas.es\/en\/wp-json\/wp\/v2\/product"}],"about":[{"href":"https:\/\/florsivioles.marketingempresas.es\/en\/wp-json\/wp\/v2\/types\/product"}],"wp:featuredmedia":[{"embeddable":true,"href":"https:\/\/florsivioles.marketingempresas.es\/en\/wp-json\/wp\/v2\/media\/6840"}],"wp:attachment":[{"href":"https:\/\/florsivioles.marketingempresas.es\/en\/wp-json\/wp\/v2\/media?parent=4045"}],"wp:term":[{"taxonomy":"product_brand","embeddable":true,"href":"https:\/\/florsivioles.marketingempresas.es\/en\/wp-json\/wp\/v2\/product_brand?post=4045"},{"taxonomy":"product_cat","embeddable":true,"href":"https:\/\/florsivioles.marketingempresas.es\/en\/wp-json\/wp\/v2\/product_cat?post=4045"},{"taxonomy":"product_tag","embeddable":true,"href":"https:\/\/florsivioles.marketingempresas.es\/en\/wp-json\/wp\/v2\/product_tag?post=4045"},{"taxonomy":"receta","embeddable":true,"href":"https:\/\/florsivioles.marketingempresas.es\/en\/wp-json\/wp\/v2\/taxonomy\/receta?post=4045"}],"curies":[{"name":"wp","href":"https:\/\/api.w.org\/{rel}","templated":true}]}}