{"id":4043,"date":"2022-11-24T10:23:34","date_gmt":"2022-11-24T09:23:34","guid":{"rendered":"https:\/\/florsivioles.marketingempresas.es\/?post_type=product&#038;p=4043"},"modified":"2024-02-12T10:50:23","modified_gmt":"2024-02-12T09:50:23","slug":"bebida-de-arroz-integral-ecologica","status":"publish","type":"product","link":"https:\/\/florsivioles.marketingempresas.es\/en\/product\/bebida-de-arroz-integral-ecologica\/","title":{"rendered":"Ecological Wholesome Rice Beverage"},"content":{"rendered":"<p>La bebida de arroz ecol\u00f3gica es un producto de muy buen sabor, refrescante y saludable para el organismo y adem\u00e1s, es una opci\u00f3n nutricional para acompa\u00f1ar tus comidas y dejar de lado las bebidas da\u00f1inas. Esta refrescante bebida est\u00e1 hecha a base de arroz, agua y otros ingredientes agregados para mejorar la textura, proporcionar estabilidad y conservar el producto.<\/p>\n<p>Sin duda alguna trae muchos beneficios, y el hecho de que su producci\u00f3n sea buena para el medio ambiente, no quiere decir que no ayude a tu organismo. La bebida de arroz ecol\u00f3gica posee muchos beneficios que ayudan al cuerpo a mantenerse en forma y saludable.\u00a0Ya que por cuidar el ambiente no tenemos que poner en riesgo nuestro organismo. Tenemos que conseguir el equilibrio de manera que ninguno de los dos salgamos perjudicado.<\/p>\n<p>Aporta energ\u00eda al cuerpo ya que proporciona al organismo buenos nutrientes que ayudan a evitar la deshidrataci\u00f3n. Es bueno consumirlo cuando se esta enfermo y se pierde el apetito.<\/p>\n<p>Esta bebida vegetal es una bebida perfecta contra la anemia ya que contiene una alta cantidad de hierro. As\u00ed que si sufres de anemia, o has sufrido de este padecimiento alguna siendo propenso a una reca\u00edda, te recomendamos tomar estos productos.<\/p>\n<p>Retrasa el envejecimiento gracias a su contenido de inositol. Que es un compuesto que aumenta la circulaci\u00f3n sangu\u00ednea y permite un crecimiento celular de manera saludable.\u00a0Previene derrames cerebrales y enfermedades cardiovasculares: es uno de los grandes beneficios de la bebida de arroz ecol\u00f3gica, debido a que los flavonoides que contiene.<\/p>\n<p>Ayuda a una mejor funci\u00f3n del sistema digestivo: Por su contenido en fibra, esta bebida ayuda al crecimiento de bacterias saludables, las cuales a su vez ayudan a descomponer los alimentos.<\/p>\n<p>Ayuda adelgazar: Es una bebida baja en grasas, por lo que incluirlo en una dieta para adelgazar traer\u00e1 buenos resultados.<\/p>\n<p>&nbsp;<\/p>","protected":false},"excerpt":{"rendered":"<p>1L container<\/p>","protected":false},"featured_media":6837,"template":"","meta":{"_uag_custom_page_level_css":""},"product_brand":[],"product_cat":[27,524],"product_tag":[799,796,794,798,793,713,795,797],"taxonomy\/receta":[],"class_list":{"0":"post-4043","1":"product","2":"type-product","3":"status-publish","4":"has-post-thumbnail","6":"product_cat-bio","7":"product_cat-bebidas-vegetales-bio","8":"product_tag-bebida-de-arroz","9":"product_tag-bebida-saludable","10":"product_tag-bebida-vegetal","11":"product_tag-leche-de-arroz","12":"product_tag-leches-vegetales-ecologicas","13":"product_tag-sin-lactosa","14":"product_tag-sustituto-de-la-leche","15":"product_tag-vegano","16":"product_shipping_class-envio-gratuito","18":"first","19":"instock","20":"taxable","21":"shipping-taxable","22":"purchasable","23":"product-type-simple"},"uagb_featured_image_src":{"full":["https:\/\/florsivioles.marketingempresas.es\/wp-content\/uploads\/2022\/11\/Bebida-de-Arroz-Integral-Ecologica-Flors-i-Violes.jpg",640,554,false],"thumbnail":["https:\/\/florsivioles.marketingempresas.es\/wp-content\/uploads\/2022\/11\/Bebida-de-Arroz-Integral-Ecologica-Flors-i-Violes-150x130.jpg",150,130,true],"medium":["https:\/\/florsivioles.marketingempresas.es\/wp-content\/uploads\/2022\/11\/Bebida-de-Arroz-Integral-Ecologica-Flors-i-Violes-364x315.jpg",364,315,true],"medium_large":["https:\/\/florsivioles.marketingempresas.es\/wp-content\/uploads\/2022\/11\/Bebida-de-Arroz-Integral-Ecologica-Flors-i-Violes.jpg",640,554,false],"large":["https:\/\/florsivioles.marketingempresas.es\/wp-content\/uploads\/2022\/11\/Bebida-de-Arroz-Integral-Ecologica-Flors-i-Violes.jpg",640,554,false],"1536x1536":["https:\/\/florsivioles.marketingempresas.es\/wp-content\/uploads\/2022\/11\/Bebida-de-Arroz-Integral-Ecologica-Flors-i-Violes.jpg",640,554,false],"2048x2048":["https:\/\/florsivioles.marketingempresas.es\/wp-content\/uploads\/2022\/11\/Bebida-de-Arroz-Integral-Ecologica-Flors-i-Violes.jpg",640,554,false],"trp-custom-language-flag":["https:\/\/florsivioles.marketingempresas.es\/wp-content\/uploads\/2022\/11\/Bebida-de-Arroz-Integral-Ecologica-Flors-i-Violes-14x12.jpg",14,12,true],"woocommerce_thumbnail":["https:\/\/florsivioles.marketingempresas.es\/wp-content\/uploads\/2022\/11\/Bebida-de-Arroz-Integral-Ecologica-Flors-i-Violes-260x260.jpg",260,260,true],"woocommerce_single":["https:\/\/florsivioles.marketingempresas.es\/wp-content\/uploads\/2022\/11\/Bebida-de-Arroz-Integral-Ecologica-Flors-i-Violes-360x312.jpg",360,312,true],"woocommerce_gallery_thumbnail":["https:\/\/florsivioles.marketingempresas.es\/wp-content\/uploads\/2022\/11\/Bebida-de-Arroz-Integral-Ecologica-Flors-i-Violes-100x100.jpg",100,100,true]},"uagb_author_info":{"display_name":"Christian Roig Brown","author_link":"https:\/\/florsivioles.marketingempresas.es\/en\/author\/"},"uagb_comment_info":0,"uagb_excerpt":"Envase de 1L.","_links":{"self":[{"href":"https:\/\/florsivioles.marketingempresas.es\/en\/wp-json\/wp\/v2\/product\/4043","targetHints":{"allow":["GET"]}}],"collection":[{"href":"https:\/\/florsivioles.marketingempresas.es\/en\/wp-json\/wp\/v2\/product"}],"about":[{"href":"https:\/\/florsivioles.marketingempresas.es\/en\/wp-json\/wp\/v2\/types\/product"}],"wp:featuredmedia":[{"embeddable":true,"href":"https:\/\/florsivioles.marketingempresas.es\/en\/wp-json\/wp\/v2\/media\/6837"}],"wp:attachment":[{"href":"https:\/\/florsivioles.marketingempresas.es\/en\/wp-json\/wp\/v2\/media?parent=4043"}],"wp:term":[{"taxonomy":"product_brand","embeddable":true,"href":"https:\/\/florsivioles.marketingempresas.es\/en\/wp-json\/wp\/v2\/product_brand?post=4043"},{"taxonomy":"product_cat","embeddable":true,"href":"https:\/\/florsivioles.marketingempresas.es\/en\/wp-json\/wp\/v2\/product_cat?post=4043"},{"taxonomy":"product_tag","embeddable":true,"href":"https:\/\/florsivioles.marketingempresas.es\/en\/wp-json\/wp\/v2\/product_tag?post=4043"},{"taxonomy":"receta","embeddable":true,"href":"https:\/\/florsivioles.marketingempresas.es\/en\/wp-json\/wp\/v2\/taxonomy\/receta?post=4043"}],"curies":[{"name":"wp","href":"https:\/\/api.w.org\/{rel}","templated":true}]}}