{"id":4012,"date":"2022-12-02T09:15:14","date_gmt":"2022-12-02T08:15:14","guid":{"rendered":"https:\/\/florsivioles.marketingempresas.es\/?post_type=product&#038;p=4012"},"modified":"2023-12-08T11:46:20","modified_gmt":"2023-12-08T10:46:20","slug":"cerveza-ocean-beer","status":"publish","type":"product","link":"https:\/\/florsivioles.marketingempresas.es\/en\/product\/cerveza-ocean-beer\/","title":{"rendered":"Lager Ocean Beer"},"content":{"rendered":"<p>La cerveza lager de Ocean Beer es una cerveza de baja fermentaci\u00f3n hecha \u00fanicamente con ingredientes naturales, que se elabora utilizando calderas tradicionales, tanques de fermentaci\u00f3n abiertos sin presi\u00f3n y largos periodos de maduraci\u00f3n.<\/p>\n<p>Es una Cerveza limpia que destaca por su color dorado, su espuma blanca y estable, con un ligero aroma a nuez y una agradable sensaci\u00f3n\u00a0 en boca. Muy equilibrada, sin retrogusto, ligera y refrescante. En cada trago hay un amargor suave y agradable, con notas c\u00edtricas y un suave<br \/>\ntoque de canela. Cerveza de gran cuerpo y extremadamente refrescante.<\/p>\n<p>Recientemente galardonada con una medalla de oro en Concours International de Lyon 2021.<\/p>\n<p>Ocean Beer es una cerveza artesanal, cuyo prop\u00f3sito es velar por la limpieza y conservaci\u00f3n de los oc\u00e9anos: se trata de una cerveza con un prop\u00f3sito.\u00a0Ofrecemos a los consumidores que hagan una donaci\u00f3n directa a los oc\u00e9anos con cada cerveza que compran. Ocean Beer es mucho m\u00e1s que una cerveza de gran consumo; es una llamada a la acci\u00f3n. Es la oportunidad de realizar un consumo responsable que ayude directamente a devolver la salud a nuestros oc\u00e9anos.<\/p>\n<p>Estamos en un momento de la historia donde ya no hay posibilidad de mirar a otro lado , se necesita un cambio con determinaci\u00f3n que empiece a transformar nuestros h\u00e1bitos de consumo inmediatamente. Esto es lo que perseguimos con Ocean Beer, crear y liderar<br \/>\nla categor\u00eda de cervezas responsables.<\/p>\n<p>Para lograrlo hemos creado la Fundaci\u00f3n Ocean Born, que financia proyectos dedicados a la limpieza y recuperaci\u00f3n de nuestros oc\u00e9anos\u00a0 mediante la donaci\u00f3n del 100% de los beneficios que Ocean Beer genera.\u00a0Ocean Beer es una nueva forma de beber cerveza y al mismo tiempo comprometerte con el medioambiente. Es \u00fanica por su calidad y su total compromiso con el oc\u00e9ano.<\/p>\n<p>Y no solo es una cerveza con un prop\u00f3sito; ha sido galardonada en numerosos cert\u00e1menes internacionales.\u00a0Ocean Beer es sin\u00f3nimo de una calidad fuera de serie.\u00a0En muy poco tiempo han sido galardonados internacionalmente con tres medallas que dan testimonio de su gran calidad y sabor \u00fanico.<\/p>\n<p>Hasta la fecha se han obtenido la &#8220;Gold Medal&#8221; for Surfer IPA Meininger&#8217;s International Craft Beer Award 2018 &amp; 2021; &#8220;Gold Medal&#8221; for Ocean Lager Concours International de Lyon 2021 y &#8220;Silver Medal&#8221; for Surfer IPA Concours International de Lyon 2021.<\/p>\n<p>Todo gracias a la pasi\u00f3n y el saber hacer de su maestro cervecero ,Fernando Escribano, el verdadero padre de estas fant\u00e1sticas cervezas.<\/p>\n<p>Esta historia comienza con tres amigos amantes del surf, un espa\u00f1ol, un portugu\u00e9s y un sudafricano que compart\u00edan las mismas pasiones: el oc\u00e9ano y cerveza.\u00a0Alertados por el imparable deterioro de las playas y el mar adonde sol\u00edan acudir , deciden poner en marcha un proyecto para tratar de revertir la situaci\u00f3n. Se plantean c\u00f3mo hacerlo de manera divertida, directa y transparente, y ah\u00ed es donde nace el germen de Ocean Beer.<\/p>\n<p>Despu\u00e9s de mucho trabajo, cari\u00f1o y pasi\u00f3n acaban lanzando al mercado una cerveza de gran calidad para financiar proyectos enfocados en la limpieza y conservaci\u00f3n del oc\u00e9ano.<\/p>\n<p>Para Ocean Beer la sostenibilidad es una prioridad y siguen trabajando incansablemente por seguir mejorando d\u00eda a d\u00eda.\u00a0Se esfuerzan por reducir el desperdicio en todos sus\u00a0productos; desde la producci\u00f3n (uso de agua, eficiencia energ\u00e9tica, etc.) hasta la postproducci\u00f3n<br \/>\n(embalaje, transporte, etc.).<\/p>\n<p>Miden constantemente su huella de carbono con el objetivo de reducir y compensar las emisiones al final de cada a\u00f1o. Son una organizaci\u00f3n justa y transparente, no solo en el \u00e1mbito de su misi\u00f3n; sino tambi\u00e9n en las relaciones con clientes, distribuidores, proveedores y otros socios comerciales.<\/p>\n<p>Quieren asegurarse de que todos comprendan el poder que tenemos como consumidores para marcar la diferencia a trav\u00e9s de nuestras\u00a0 decisiones de compra.<\/p>","protected":false},"excerpt":{"rendered":"<p>330 ml bottle<\/p>","protected":false},"featured_media":3999,"template":"","meta":{"_uag_custom_page_level_css":""},"product_brand":[],"product_cat":[1231,549,16],"product_tag":[772,771,773,776,778,775,779,777,774],"taxonomy\/receta":[],"class_list":{"0":"post-4012","1":"product","2":"type-product","3":"status-publish","4":"has-post-thumbnail","6":"product_cat-bodega","7":"product_cat-cervezas-bio","8":"product_cat-convencional","9":"product_tag-cerveza-artesanal","10":"product_tag-cerveza-con-proposito","11":"product_tag-lager","12":"product_tag-limpieza-oceanos","13":"product_tag-medio-ambiente","14":"product_tag-ocean-beer","15":"product_tag-ocean-born-foundation","16":"product_tag-solidario","17":"product_tag-surfer","18":"product_shipping_class-envio-gratuito","20":"first","21":"instock","22":"taxable","23":"shipping-taxable","24":"purchasable","25":"product-type-simple"},"uagb_featured_image_src":{"full":["https:\/\/florsivioles.marketingempresas.es\/wp-content\/uploads\/2022\/02\/bodega-cerveza-ocean-lager.jpeg",682,1024,false],"thumbnail":["https:\/\/florsivioles.marketingempresas.es\/wp-content\/uploads\/2022\/02\/bodega-cerveza-ocean-lager-100x150.jpeg",100,150,true],"medium":["https:\/\/florsivioles.marketingempresas.es\/wp-content\/uploads\/2022\/02\/bodega-cerveza-ocean-lager-242x364.jpeg",242,364,true],"medium_large":["https:\/\/florsivioles.marketingempresas.es\/wp-content\/uploads\/2022\/02\/bodega-cerveza-ocean-lager.jpeg",682,1024,false],"large":["https:\/\/florsivioles.marketingempresas.es\/wp-content\/uploads\/2022\/02\/bodega-cerveza-ocean-lager.jpeg",682,1024,false],"1536x1536":["https:\/\/florsivioles.marketingempresas.es\/wp-content\/uploads\/2022\/02\/bodega-cerveza-ocean-lager.jpeg",682,1024,false],"2048x2048":["https:\/\/florsivioles.marketingempresas.es\/wp-content\/uploads\/2022\/02\/bodega-cerveza-ocean-lager.jpeg",682,1024,false],"trp-custom-language-flag":["https:\/\/florsivioles.marketingempresas.es\/wp-content\/uploads\/2022\/02\/bodega-cerveza-ocean-lager-8x12.jpeg",8,12,true],"woocommerce_thumbnail":["https:\/\/florsivioles.marketingempresas.es\/wp-content\/uploads\/2022\/02\/bodega-cerveza-ocean-lager-260x260.jpeg",260,260,true],"woocommerce_single":["https:\/\/florsivioles.marketingempresas.es\/wp-content\/uploads\/2022\/02\/bodega-cerveza-ocean-lager-360x541.jpeg",360,541,true],"woocommerce_gallery_thumbnail":["https:\/\/florsivioles.marketingempresas.es\/wp-content\/uploads\/2022\/02\/bodega-cerveza-ocean-lager-100x100.jpeg",100,100,true]},"uagb_author_info":{"display_name":"Christian Roig Brown","author_link":"https:\/\/florsivioles.marketingempresas.es\/en\/author\/"},"uagb_comment_info":0,"uagb_excerpt":"Envase de 33 Cl.","_links":{"self":[{"href":"https:\/\/florsivioles.marketingempresas.es\/en\/wp-json\/wp\/v2\/product\/4012","targetHints":{"allow":["GET"]}}],"collection":[{"href":"https:\/\/florsivioles.marketingempresas.es\/en\/wp-json\/wp\/v2\/product"}],"about":[{"href":"https:\/\/florsivioles.marketingempresas.es\/en\/wp-json\/wp\/v2\/types\/product"}],"wp:featuredmedia":[{"embeddable":true,"href":"https:\/\/florsivioles.marketingempresas.es\/en\/wp-json\/wp\/v2\/media\/3999"}],"wp:attachment":[{"href":"https:\/\/florsivioles.marketingempresas.es\/en\/wp-json\/wp\/v2\/media?parent=4012"}],"wp:term":[{"taxonomy":"product_brand","embeddable":true,"href":"https:\/\/florsivioles.marketingempresas.es\/en\/wp-json\/wp\/v2\/product_brand?post=4012"},{"taxonomy":"product_cat","embeddable":true,"href":"https:\/\/florsivioles.marketingempresas.es\/en\/wp-json\/wp\/v2\/product_cat?post=4012"},{"taxonomy":"product_tag","embeddable":true,"href":"https:\/\/florsivioles.marketingempresas.es\/en\/wp-json\/wp\/v2\/product_tag?post=4012"},{"taxonomy":"receta","embeddable":true,"href":"https:\/\/florsivioles.marketingempresas.es\/en\/wp-json\/wp\/v2\/taxonomy\/receta?post=4012"}],"curies":[{"name":"wp","href":"https:\/\/api.w.org\/{rel}","templated":true}]}}