{"id":3972,"date":"2022-02-07T17:25:37","date_gmt":"2022-02-07T16:25:37","guid":{"rendered":"https:\/\/florsivioles.marketingempresas.es\/?post_type=product&#038;p=3972"},"modified":"2023-11-16T11:54:02","modified_gmt":"2023-11-16T10:54:02","slug":"crema-de-puerro-ecologico","status":"publish","type":"product","link":"https:\/\/florsivioles.marketingempresas.es\/en\/product\/crema-de-puerro-ecologico\/","title":{"rendered":"Organic Leek Cream Soup"},"content":{"rendered":"<div class=\"product-title-price\">\n<div class=\"product-wrapper-precio col-xs-4 col-md-6 nopadding\">\n<p>La crema de Puerro es un plato muy saludable que forma parte de nuestra gastronom\u00eda tradicional, de manera que debemos de aprovechar e incluirlas en nuestro men\u00fa.<\/p>\n<p>Las cremas de verduras son alimentos que vale la pena reivindicar, especialmente durante los meses m\u00e1s fr\u00edos del a\u00f1o (ya que nos ayudan a estar confortables), y porque aportan m\u00faltiples beneficios para la salud.<\/p>\n<p>En primer lugar, cabe destacar que las cremas y pur\u00e9s poseen una gran concentraci\u00f3n de vitaminas y minerales, as\u00ed como una gran cantidad de fibra. Estas dos cosas resultan muy interesantes a nivel nutricional. Resultan un primer plato fant\u00e1stico, ya que acompa\u00f1ados de alguna carne o pescado, se obtiene un men\u00fa muy completo.<\/p>\n<p>Las cremas, adem\u00e1s, son una gran opci\u00f3n para aquellas personas que no pueden masticar bien o que tienen problemas para tragar alimentos s\u00f3lidos. No te olvides de usar verduras de temporada para preparar tus cremas, as\u00ed te saldr\u00e1n mucho m\u00e1s sabrosas y econ\u00f3micas. En este articulo te explicamos las verduras t\u00edpicas del invierno, para que puedas elegir las que m\u00e1s te gusten. Comer verdura es esencial para una buena alimentaci\u00f3n<\/p>\n<p>Las cremas de verduras, al ser un plato triturado, entra dentro de la categor\u00eda de alimentos predigeridos. Esto significa que el proceso de digesti\u00f3n ser\u00e1 mucho m\u00e1s ligero. Adem\u00e1s, la prote\u00edna vegetal es mucho m\u00e1s digestiva que la de origen animal, lo cual se traduce en digestiones mucho menos costosas. Las verduras tambi\u00e9n aportan enzimas que ayudan a nuestro cuerpo a realizar el proceso de digesti\u00f3n. Por eso, son una muy buena opci\u00f3n para cenar, ya que nos aseguraremos que una digesti\u00f3n pesada no nos moleste durante el sue\u00f1o.<\/p>\n<p>&nbsp;<\/p>\n<\/div>\n<div class=\"product-wrapper-attributos-desktop\">\n<div class=\"product-wrapper-attributos col-md-6 col-xs-12 nopadding\">\n<div id=\"product-options-wrapper\" class=\"product-options-wrapper\"><\/div>\n<\/div>\n<\/div>\n<\/div>\n<p>&nbsp;<\/p>\n<p>&nbsp;<\/p>\n<p>&nbsp;<\/p>\n<p>&nbsp;<\/p>","protected":false},"excerpt":{"rendered":"<p>485 ml bottle<\/p>","protected":false},"featured_media":6825,"template":"","meta":{"_uag_custom_page_level_css":""},"product_brand":[],"product_cat":[539,27,1547,1209],"product_tag":[745,748,741,742,680,743,744,184],"taxonomy\/receta":[],"class_list":{"0":"post-3972","1":"product","2":"type-product","3":"status-publish","4":"has-post-thumbnail","6":"product_cat-caldos-cremas-bio","7":"product_cat-bio","8":"product_cat-conservas-ecologicas","9":"product_cat-sin-gluten-bio","10":"product_tag-alimentos-predigeridos","11":"product_tag-crema-de-puerro","12":"product_tag-crema-de-verdura","13":"product_tag-crema-ecologica","14":"product_tag-fuente-de-fibra","15":"product_tag-hidratacion","16":"product_tag-hipocalorico","17":"product_tag-verduras-ecologicas","18":"product_shipping_class-envio-gratuito","20":"first","21":"instock","22":"taxable","23":"shipping-taxable","24":"purchasable","25":"product-type-simple"},"uagb_featured_image_src":{"full":["https:\/\/florsivioles.marketingempresas.es\/wp-content\/uploads\/2022\/02\/Crema-de-Puerro-Ecologico-Flors-i-Violes.jpg",640,554,false],"thumbnail":["https:\/\/florsivioles.marketingempresas.es\/wp-content\/uploads\/2022\/02\/Crema-de-Puerro-Ecologico-Flors-i-Violes-150x130.jpg",150,130,true],"medium":["https:\/\/florsivioles.marketingempresas.es\/wp-content\/uploads\/2022\/02\/Crema-de-Puerro-Ecologico-Flors-i-Violes-364x315.jpg",364,315,true],"medium_large":["https:\/\/florsivioles.marketingempresas.es\/wp-content\/uploads\/2022\/02\/Crema-de-Puerro-Ecologico-Flors-i-Violes.jpg",640,554,false],"large":["https:\/\/florsivioles.marketingempresas.es\/wp-content\/uploads\/2022\/02\/Crema-de-Puerro-Ecologico-Flors-i-Violes.jpg",640,554,false],"1536x1536":["https:\/\/florsivioles.marketingempresas.es\/wp-content\/uploads\/2022\/02\/Crema-de-Puerro-Ecologico-Flors-i-Violes.jpg",640,554,false],"2048x2048":["https:\/\/florsivioles.marketingempresas.es\/wp-content\/uploads\/2022\/02\/Crema-de-Puerro-Ecologico-Flors-i-Violes.jpg",640,554,false],"trp-custom-language-flag":["https:\/\/florsivioles.marketingempresas.es\/wp-content\/uploads\/2022\/02\/Crema-de-Puerro-Ecologico-Flors-i-Violes-14x12.jpg",14,12,true],"woocommerce_thumbnail":["https:\/\/florsivioles.marketingempresas.es\/wp-content\/uploads\/2022\/02\/Crema-de-Puerro-Ecologico-Flors-i-Violes-260x260.jpg",260,260,true],"woocommerce_single":["https:\/\/florsivioles.marketingempresas.es\/wp-content\/uploads\/2022\/02\/Crema-de-Puerro-Ecologico-Flors-i-Violes-360x312.jpg",360,312,true],"woocommerce_gallery_thumbnail":["https:\/\/florsivioles.marketingempresas.es\/wp-content\/uploads\/2022\/02\/Crema-de-Puerro-Ecologico-Flors-i-Violes-100x100.jpg",100,100,true]},"uagb_author_info":{"display_name":"Christian Roig Brown","author_link":"https:\/\/florsivioles.marketingempresas.es\/en\/author\/"},"uagb_comment_info":0,"uagb_excerpt":"Envase de 485 ml.","_links":{"self":[{"href":"https:\/\/florsivioles.marketingempresas.es\/en\/wp-json\/wp\/v2\/product\/3972","targetHints":{"allow":["GET"]}}],"collection":[{"href":"https:\/\/florsivioles.marketingempresas.es\/en\/wp-json\/wp\/v2\/product"}],"about":[{"href":"https:\/\/florsivioles.marketingempresas.es\/en\/wp-json\/wp\/v2\/types\/product"}],"wp:featuredmedia":[{"embeddable":true,"href":"https:\/\/florsivioles.marketingempresas.es\/en\/wp-json\/wp\/v2\/media\/6825"}],"wp:attachment":[{"href":"https:\/\/florsivioles.marketingempresas.es\/en\/wp-json\/wp\/v2\/media?parent=3972"}],"wp:term":[{"taxonomy":"product_brand","embeddable":true,"href":"https:\/\/florsivioles.marketingempresas.es\/en\/wp-json\/wp\/v2\/product_brand?post=3972"},{"taxonomy":"product_cat","embeddable":true,"href":"https:\/\/florsivioles.marketingempresas.es\/en\/wp-json\/wp\/v2\/product_cat?post=3972"},{"taxonomy":"product_tag","embeddable":true,"href":"https:\/\/florsivioles.marketingempresas.es\/en\/wp-json\/wp\/v2\/product_tag?post=3972"},{"taxonomy":"receta","embeddable":true,"href":"https:\/\/florsivioles.marketingempresas.es\/en\/wp-json\/wp\/v2\/taxonomy\/receta?post=3972"}],"curies":[{"name":"wp","href":"https:\/\/api.w.org\/{rel}","templated":true}]}}