{"id":3965,"date":"2022-02-07T17:15:31","date_gmt":"2022-02-07T16:15:31","guid":{"rendered":"https:\/\/florsivioles.marketingempresas.es\/?post_type=product&#038;p=3965"},"modified":"2023-07-25T20:20:50","modified_gmt":"2023-07-25T18:20:50","slug":"fumet-de-pescado-ecologico","status":"publish","type":"product","link":"https:\/\/florsivioles.marketingempresas.es\/en\/product\/fumet-de-pescado-ecologico\/","title":{"rendered":"Organic Fish Fumet"},"content":{"rendered":"<div class=\"product-title-price\">\n<div class=\"product-wrapper-precio col-xs-4 col-md-6 nopadding\"><\/div>\n<div class=\"product-wrapper-attributos-desktop\">\n<div class=\"product-wrapper-attributos col-md-6 col-xs-12 nopadding\">\n<div id=\"product-options-wrapper\" class=\"product-options-wrapper\">\n<div class=\"fieldset\" tabindex=\"0\">Fumet de pescado ideal para formar parte de tus comidas y de tus cenas, su composici\u00f3n se basa en la utilizaci\u00f3n de ingredientes 100% naturales, sin conservantes, ni colorantes qu\u00edmicos. Tiene el sabor caracter\u00edstico del pescado, y adem\u00e1s, esta buen\u00edsimo. Ideal para toda la familia al completo.<\/div>\n<\/div>\n<\/div>\n<\/div>\n<\/div>\n<p>Es fuente de Vitamina B12, un componente esencial para que el cuerpo pueda seguir el ritmo y est\u00e9 siempre activo. Se encuentra en el pescado y, por tanto, en todos los platos que lo contienen, como las sopas y caldos que lo llevan como ingrediente esencial de su base.<br \/>\nEl Fumet de pescado tiene un gran aporte de Hierro. El Hierro es vital para combatir problemas como la anemia que nos deja d\u00e9biles y sin fuerzas para aguantar el duro invierno y, adem\u00e1s, propicia la ca\u00edda del cabello, la rotura de las u\u00f1as\u2026 Asimismo, contiene grasa vital para el desarrollo del cerebro. El pescado es rico en minerales y grasas que son buenos para estimular la actividad del cerebro y, por tanto, tu inteligencia y memoria.<\/p>\n<p>Muy saludable cuando tenemos los niveles de colesterol altos. Para todas esas personas que tienen el colesterol alto, es un alimento que ayuda a controlarlo y que incluso ayuda a compensarlo. Adem\u00e1s, ayuda a luchar contra la diabetes. La diabetes no se cura, pero si se puede controlar. Y el pescado, rico en nutrientes de todo tipo, es uno de los mejores remedios para ello.<\/p>\n<p>Aporta pocas calor\u00edas. Es lo mejor para una dieta. Un alimento que llena mucho y sacia tremendamente, pero que tiene un aporte cal\u00f3rico tan bajo, que se hace imprescindible en cualquier plan de adelgazamiento que hagamos.<br \/>\nFuente de Vitamina A, D, f\u00f3sforo, magnesio, yodo y calcio. Buenas para los huesos, especialmente. Por ello, resulta muy beneficioso para toda la gente que tiene los huesos d\u00e9biles o que tiene falta de calcio. Su aporte de \u00e1cido graso es para las mujeres embarazadas un punto clave. Sus niveles de \u00e1cido graso bajan considerablemente en el per\u00edodo de gestaci\u00f3n y tomar platos que contengan pescado ayuda a subirlos y contrarestar todas las faltas.<\/p>\n<p>Hidrata el cuerpo. Es un buen remedio para la hidrataci\u00f3n del cuerpo, que tanta falta nos hace en \u00e9pocas duras como el invierno\u2026 E incluso el verano. \u00a1Nunca est\u00e1 de m\u00e1s una buena sopita! Sano y nutritivo. Es sencillo y, nos guste o no, el pescado es uno de los alimentos m\u00e1s completos de la dieta Atl\u00e1ntica.<\/p>\n<p>&nbsp;<\/p>\n<p>&nbsp;<\/p>\n<p>&nbsp;<\/p>","protected":false},"excerpt":{"rendered":"<p>1L container<\/p>","protected":false},"featured_media":6829,"template":"","meta":{"_uag_custom_page_level_css":""},"product_brand":[],"product_cat":[27,539],"product_tag":[642,733,740,738,737,734,739],"taxonomy\/receta":[],"class_list":{"0":"post-3965","1":"product","2":"type-product","3":"status-publish","4":"has-post-thumbnail","6":"product_cat-bio","7":"product_cat-caldos-cremas-bio","8":"product_tag-biocop","9":"product_tag-caldo-ecologico","10":"product_tag-caldo-pescado-domicilio","11":"product_tag-fondo-de-roca","12":"product_tag-fumet-de-pescado","13":"product_tag-sopas","14":"product_tag-vitamina-b12","15":"product_shipping_class-envio-gratuito","17":"first","18":"instock","19":"taxable","20":"shipping-taxable","21":"purchasable","22":"product-type-simple"},"uagb_featured_image_src":{"full":["https:\/\/florsivioles.marketingempresas.es\/wp-content\/uploads\/2022\/02\/Fumet-de-Pescado-Ecologico-Flors-i-Violes.jpg",640,554,false],"thumbnail":["https:\/\/florsivioles.marketingempresas.es\/wp-content\/uploads\/2022\/02\/Fumet-de-Pescado-Ecologico-Flors-i-Violes-150x130.jpg",150,130,true],"medium":["https:\/\/florsivioles.marketingempresas.es\/wp-content\/uploads\/2022\/02\/Fumet-de-Pescado-Ecologico-Flors-i-Violes-364x315.jpg",364,315,true],"medium_large":["https:\/\/florsivioles.marketingempresas.es\/wp-content\/uploads\/2022\/02\/Fumet-de-Pescado-Ecologico-Flors-i-Violes.jpg",640,554,false],"large":["https:\/\/florsivioles.marketingempresas.es\/wp-content\/uploads\/2022\/02\/Fumet-de-Pescado-Ecologico-Flors-i-Violes.jpg",640,554,false],"1536x1536":["https:\/\/florsivioles.marketingempresas.es\/wp-content\/uploads\/2022\/02\/Fumet-de-Pescado-Ecologico-Flors-i-Violes.jpg",640,554,false],"2048x2048":["https:\/\/florsivioles.marketingempresas.es\/wp-content\/uploads\/2022\/02\/Fumet-de-Pescado-Ecologico-Flors-i-Violes.jpg",640,554,false],"trp-custom-language-flag":["https:\/\/florsivioles.marketingempresas.es\/wp-content\/uploads\/2022\/02\/Fumet-de-Pescado-Ecologico-Flors-i-Violes-14x12.jpg",14,12,true],"woocommerce_thumbnail":["https:\/\/florsivioles.marketingempresas.es\/wp-content\/uploads\/2022\/02\/Fumet-de-Pescado-Ecologico-Flors-i-Violes-260x260.jpg",260,260,true],"woocommerce_single":["https:\/\/florsivioles.marketingempresas.es\/wp-content\/uploads\/2022\/02\/Fumet-de-Pescado-Ecologico-Flors-i-Violes-360x312.jpg",360,312,true],"woocommerce_gallery_thumbnail":["https:\/\/florsivioles.marketingempresas.es\/wp-content\/uploads\/2022\/02\/Fumet-de-Pescado-Ecologico-Flors-i-Violes-100x100.jpg",100,100,true]},"uagb_author_info":{"display_name":"Christian Roig Brown","author_link":"https:\/\/florsivioles.marketingempresas.es\/en\/author\/"},"uagb_comment_info":0,"uagb_excerpt":"Envase de 1L.","_links":{"self":[{"href":"https:\/\/florsivioles.marketingempresas.es\/en\/wp-json\/wp\/v2\/product\/3965","targetHints":{"allow":["GET"]}}],"collection":[{"href":"https:\/\/florsivioles.marketingempresas.es\/en\/wp-json\/wp\/v2\/product"}],"about":[{"href":"https:\/\/florsivioles.marketingempresas.es\/en\/wp-json\/wp\/v2\/types\/product"}],"wp:featuredmedia":[{"embeddable":true,"href":"https:\/\/florsivioles.marketingempresas.es\/en\/wp-json\/wp\/v2\/media\/6829"}],"wp:attachment":[{"href":"https:\/\/florsivioles.marketingempresas.es\/en\/wp-json\/wp\/v2\/media?parent=3965"}],"wp:term":[{"taxonomy":"product_brand","embeddable":true,"href":"https:\/\/florsivioles.marketingempresas.es\/en\/wp-json\/wp\/v2\/product_brand?post=3965"},{"taxonomy":"product_cat","embeddable":true,"href":"https:\/\/florsivioles.marketingempresas.es\/en\/wp-json\/wp\/v2\/product_cat?post=3965"},{"taxonomy":"product_tag","embeddable":true,"href":"https:\/\/florsivioles.marketingempresas.es\/en\/wp-json\/wp\/v2\/product_tag?post=3965"},{"taxonomy":"receta","embeddable":true,"href":"https:\/\/florsivioles.marketingempresas.es\/en\/wp-json\/wp\/v2\/taxonomy\/receta?post=3965"}],"curies":[{"name":"wp","href":"https:\/\/api.w.org\/{rel}","templated":true}]}}