{"id":3961,"date":"2022-02-07T17:40:47","date_gmt":"2022-02-07T16:40:47","guid":{"rendered":"https:\/\/florsivioles.marketingempresas.es\/?post_type=product&#038;p=3961"},"modified":"2023-07-25T20:20:17","modified_gmt":"2023-07-25T18:20:17","slug":"caldo-de-verdura-ecologica","status":"publish","type":"product","link":"https:\/\/florsivioles.marketingempresas.es\/en\/product\/caldo-de-verdura-ecologica\/","title":{"rendered":"Organic Vegetables Broth"},"content":{"rendered":"<p>Caldo de verdura ecol\u00f3gica, listo para consumir, obtenido haciendo hervir durante m\u00e1s de 3 horas hortalizas de temporada. Al terminar la cocci\u00f3n se sazona ligeramente con sal atl\u00e1ntica Biocop. El colado (no filtrado) maximiza la concentraci\u00f3n de los nutrientes y proporciona una textura y sabor \u00fanicos. Elaborado con verdura reci\u00e9n recolectada.<\/p>\n<p>Ingredientes: Agua, cebolla*, zanahoria*, col*, nabo*, puerro* APIO*, aceite de oliva virgen extra* 0.4%, sal marina. *De agricultura biol\u00f3gica.<br \/>\nAl\u00e9rgenos: Apio y derivados Trazas : Gluten<br \/>\nUso: Listo para consumir. Agitar antes de usar. Para disfrutar de un reconfortante caldo a cualquier hora del d\u00eda y como comod\u00edn en la cocina para preparar variados platos.<\/p>\n<p>Los caldos de verdura son un alimento indispensable en la dieta mediterr\u00e1nea, como lo demuestra su papel destacado en mil y una recetas. Adem\u00e1s, son un plato sano y nutritivo para cualquier etapa de la vida, ya que aportan vitaminas, minerales y fibra. Sus beneficios no se acaban aqu\u00ed porque tambi\u00e9n nos hidratan y sacian, son f\u00e1ciles de digerir y nos permiten mantener un mayor control sobre nuestro peso.<\/p>\n<p>Los caldos de verdura forman parte de la tradici\u00f3n culinaria universal y mediterr\u00e1nea. Cuando el hombre descubri\u00f3 el fuego, 500.000 a.C, empez\u00f3 a sumergir los alimentos en agua caliente para que se ablandaran antes de ingerirlos. Hab\u00eda nacido la sopa. Esta preparaci\u00f3n culinaria se empez\u00f3 a consumir en el mediterr\u00e1neo desde el siglo I, y se populariz\u00f3 en la Edad Media hasta hoy.<\/p>\n<p>Contribuyen a una alimentaci\u00f3n variada. El caldo es un alimento muy vers\u00e1til y equilibrado ya que permite que se puedan combinar con distintos ingredientes como pescado, carne, arroz&#8230; De hecho, es una preparaci\u00f3n en la que podemos incorporar todos los alimentos de la Dieta Mediterr\u00e1nea, que combinados de forma adecuada y en cantidades peque\u00f1as, contribuyen a una dieta equilibrada, variada y saludable.<\/p>\n<p>Hidrata el organismo y ayuda a recuperar los minerales esenciales. Cuando consumimos caldos contribuimos a la ingesta de l\u00edquido, y cubrimos las necesidades de hidrataci\u00f3n, a la vez que recuperamos los minerales perdidos para el correcto funcionamiento de nuestro organismo.<\/p>\n<p>Es un alimento econ\u00f3mico y sobrio. La sopa es un plato humilde y ha sido la forma m\u00e1s habitual de alimentarse de aquellas personas con escasos recursos econ\u00f3micos. La idiosincrasia de la sopa permite aprovechar el l\u00edquido de cocci\u00f3n de vegetales, agregar ingredientes que se tengan a mano y de esta manera reducir el coste de la sopa, consiguiendo un plato abundante y nutritivo.<\/p>\n<p>Rica en vitaminas y minerales. El caldo ayuda a que aprovechemos los micronutrientes -vitaminas y minerales, que se encuentran en vegetales en su preparaci\u00f3n.<\/p>\n<p>Tiene un gran poder saciante. Consumir caldo de verduras tambi\u00e9n contribuye a sentirnos saciados, y disminuye as\u00ed la posible ingesta de otros alimentos. Esto implica una disminuci\u00f3n total de energ\u00eda y permite mantener un correcto control de peso.<\/p>\n<p>Son f\u00e1cil de digerir. Como los alimentos con los que se hace la sopa se calientan a altas temperaturas, se ablandan y son m\u00e1s f\u00e1ciles de digerir. Gracias a esta caracter\u00edstica es un alimento perfecto para los ni\u00f1os y personas mayores con problemas para ingerir alimentos s\u00f3lidos.<\/p>\n<p>Es un alimento sano y seguro. A la hora de elaborar el caldo los alimentos y el agua se someten a temperaturas de 100\u00baC (punto de ebullici\u00f3n), y as\u00ed se logran destruir los microorganismos. De esta manera, aumenta la higiene y seguridad por la eliminaci\u00f3n de posibles bacterias de los alimentos que la componen es total.<\/p>\n<p>Se puede consumir todo el a\u00f1o. Aunque asociamos el consumo de este caldo al invierno, podemos tomarla todo el a\u00f1o. La estacionalidad de los distintos ingredientes nos permite elaborar caldos sabrosos, variados y adecuados a las temporadas de los alimentos, aprovechando al m\u00e1ximo sus propiedades.<\/p>\n<p>Buena para todas las edades, embarazadas y deportistas. Tanto en ni\u00f1os, adultos y en personas mayores los caldos permiten conseguir parte de las recomendaciones diarias nutritivas en cada una de las etapas de la vida -ni\u00f1os, adultos y en personas mayores-, y tambi\u00e9n es muy recomendable para embarazadas y deportistas.<\/p>\n<p>&nbsp;<\/p>\n<p>&nbsp;<\/p>","protected":false},"excerpt":{"rendered":"<p>1L container<\/p>","protected":false},"featured_media":6832,"template":"","meta":{"_uag_custom_page_level_css":""},"product_brand":[],"product_cat":[27,539],"product_tag":[642,736,733,735,734],"taxonomy\/receta":[],"class_list":{"0":"post-3961","1":"product","2":"type-product","3":"status-publish","4":"has-post-thumbnail","6":"product_cat-bio","7":"product_cat-caldos-cremas-bio","8":"product_tag-biocop","9":"product_tag-caldo-de-verdura","10":"product_tag-caldo-ecologico","11":"product_tag-caldo-ecologico-a-domicilio","12":"product_tag-sopas","13":"product_shipping_class-envio-gratuito","15":"first","16":"instock","17":"taxable","18":"shipping-taxable","19":"purchasable","20":"product-type-simple"},"uagb_featured_image_src":{"full":["https:\/\/florsivioles.marketingempresas.es\/wp-content\/uploads\/2022\/02\/Crema-de-Verduras-Ecologicas-Flors-i-Violes.jpg",640,554,false],"thumbnail":["https:\/\/florsivioles.marketingempresas.es\/wp-content\/uploads\/2022\/02\/Crema-de-Verduras-Ecologicas-Flors-i-Violes-150x130.jpg",150,130,true],"medium":["https:\/\/florsivioles.marketingempresas.es\/wp-content\/uploads\/2022\/02\/Crema-de-Verduras-Ecologicas-Flors-i-Violes-364x315.jpg",364,315,true],"medium_large":["https:\/\/florsivioles.marketingempresas.es\/wp-content\/uploads\/2022\/02\/Crema-de-Verduras-Ecologicas-Flors-i-Violes.jpg",640,554,false],"large":["https:\/\/florsivioles.marketingempresas.es\/wp-content\/uploads\/2022\/02\/Crema-de-Verduras-Ecologicas-Flors-i-Violes.jpg",640,554,false],"1536x1536":["https:\/\/florsivioles.marketingempresas.es\/wp-content\/uploads\/2022\/02\/Crema-de-Verduras-Ecologicas-Flors-i-Violes.jpg",640,554,false],"2048x2048":["https:\/\/florsivioles.marketingempresas.es\/wp-content\/uploads\/2022\/02\/Crema-de-Verduras-Ecologicas-Flors-i-Violes.jpg",640,554,false],"trp-custom-language-flag":["https:\/\/florsivioles.marketingempresas.es\/wp-content\/uploads\/2022\/02\/Crema-de-Verduras-Ecologicas-Flors-i-Violes-14x12.jpg",14,12,true],"woocommerce_thumbnail":["https:\/\/florsivioles.marketingempresas.es\/wp-content\/uploads\/2022\/02\/Crema-de-Verduras-Ecologicas-Flors-i-Violes-260x260.jpg",260,260,true],"woocommerce_single":["https:\/\/florsivioles.marketingempresas.es\/wp-content\/uploads\/2022\/02\/Crema-de-Verduras-Ecologicas-Flors-i-Violes-360x312.jpg",360,312,true],"woocommerce_gallery_thumbnail":["https:\/\/florsivioles.marketingempresas.es\/wp-content\/uploads\/2022\/02\/Crema-de-Verduras-Ecologicas-Flors-i-Violes-100x100.jpg",100,100,true]},"uagb_author_info":{"display_name":"Christian Roig Brown","author_link":"https:\/\/florsivioles.marketingempresas.es\/en\/author\/"},"uagb_comment_info":0,"uagb_excerpt":"Envase de 1L.","_links":{"self":[{"href":"https:\/\/florsivioles.marketingempresas.es\/en\/wp-json\/wp\/v2\/product\/3961","targetHints":{"allow":["GET"]}}],"collection":[{"href":"https:\/\/florsivioles.marketingempresas.es\/en\/wp-json\/wp\/v2\/product"}],"about":[{"href":"https:\/\/florsivioles.marketingempresas.es\/en\/wp-json\/wp\/v2\/types\/product"}],"wp:featuredmedia":[{"embeddable":true,"href":"https:\/\/florsivioles.marketingempresas.es\/en\/wp-json\/wp\/v2\/media\/6832"}],"wp:attachment":[{"href":"https:\/\/florsivioles.marketingempresas.es\/en\/wp-json\/wp\/v2\/media?parent=3961"}],"wp:term":[{"taxonomy":"product_brand","embeddable":true,"href":"https:\/\/florsivioles.marketingempresas.es\/en\/wp-json\/wp\/v2\/product_brand?post=3961"},{"taxonomy":"product_cat","embeddable":true,"href":"https:\/\/florsivioles.marketingempresas.es\/en\/wp-json\/wp\/v2\/product_cat?post=3961"},{"taxonomy":"product_tag","embeddable":true,"href":"https:\/\/florsivioles.marketingempresas.es\/en\/wp-json\/wp\/v2\/product_tag?post=3961"},{"taxonomy":"receta","embeddable":true,"href":"https:\/\/florsivioles.marketingempresas.es\/en\/wp-json\/wp\/v2\/taxonomy\/receta?post=3961"}],"curies":[{"name":"wp","href":"https:\/\/api.w.org\/{rel}","templated":true}]}}