{"id":3943,"date":"2022-11-24T09:34:55","date_gmt":"2022-11-24T08:34:55","guid":{"rendered":"https:\/\/florsivioles.marketingempresas.es\/?post_type=product&#038;p=3943"},"modified":"2023-07-25T18:51:01","modified_gmt":"2023-07-25T16:51:01","slug":"salsa-tamari-ecologica","status":"publish","type":"product","link":"https:\/\/florsivioles.marketingempresas.es\/en\/product\/salsa-tamari-ecologica\/","title":{"rendered":"\"Biocoop\" Organic Tamari Sauce"},"content":{"rendered":"<p>La salsa tamari suele confundirse con mucha frecuencia con la salsa de soja, ya que su apariencia, aspecto y sabor es muy similar, aunque esta suele ser m\u00e1s espesa, oscura y de un sabor mucho m\u00e1s suave. As\u00ed que para que no quede la menor duda, conozcamos qu\u00e9 es este condimento asi\u00e1tico.<\/p>\n<p>Condimento de la cocina asi\u00e1tica que procede de la fermentaci\u00f3n de los granos de soja a partir del l\u00edquido que sus granos exudan en dicho proceso. Esto quiere decir que es una salsa de soja pura que se fermenta con agua y sal. El tiempo de elaboraci\u00f3n es mayor que la de soja, por lo que podr\u00eda oscilar entre los 18 a los 24 meses. Siendo de un costo m\u00e1s elevado por todo su proceso.<\/p>\n<p>Dado que es una salsa de soja pura cuenta con mucho m\u00e1s nutrientes esenciales con un porcentaje significativo de hidratos de carbono, hierro y enzimas. Incluso aporta 12 amino\u00e1cidos esenciales, antioxidantes naturales y \u00e1cido ac\u00e9tico. Dichas enzimas y amino\u00e1cidos promueven a que el sistema digestivo absorba mejor otros tipos de prote\u00ednas como las de las carnes. Es m\u00e1s, ayuda a digerir mejor los alimentos y elimina las mucosidades de todo el cuerpo.<\/p>\n<p>Adem\u00e1s, el contenido de sal es bajo, por lo que muchos nutricionistas la recomiendan como un excelente sustituto de la sal en las dietas de adelgazamiento. Por si fuera poco, potencia y mejora el sabor de las comidas, aportando m\u00e1s de 300 matices arom\u00e1ticos sin enmascarar los sabores originales.<\/p>\n<p>As\u00ed que la pr\u00f3xima vez que veas esta salsa, no dudes en probarla para que compruebes todas sus virtudes. Solo recuerda que la ingesta siempre debe ser con moderaci\u00f3n para que no resulte contraproducente y m\u00e1s a\u00fan si presentas alg\u00fan padecimiento.<\/p>\n<p>Uno de los mayores beneficios del tamari es que se produce a partir de la pasta fermentada de soja y no contiene trigo, por lo que es un gran sustituto de la salsa de soja para quienes siguen una dieta libre de gluten.<\/p>\n<p>Para las personas con enfermedad cel\u00edaca o sensibilidad al gluten, el cambio a alternativas sin granos puede ayudar a aliviar los s\u00edntomas gastrointestinales y prevenir el da\u00f1o al sistema digestivo, lo que resulta en una mejor absorci\u00f3n de nutrientes y un menor riesgo de deficiencias de vitaminas y minerales. No solo eso, sino que los estudios en animales y humanos tambi\u00e9n demuestran que ir sin gluten podr\u00eda disminuir la inflamaci\u00f3n y ayudar a prevenir el aumento de peso tambi\u00e9n.<\/p>\n<p>Dale la vuelta a casi cualquier botella de salsa de soya normal y casi te garantizamos que ver\u00e1s una larga lista de ingredientes de salsa de soja, muchos de ellos con nombres que parecen estar en un laboratorio de ciencias en lugar de en tu plato. Tamari, por otro lado, es menos probable que contenga aditivos alimentarios, conservantes e ingredientes adicionales que no son buenos para la salud. En su lugar, la mayor\u00eda de los productos de Tamari contienen solo lo m\u00ednimo, como agua, soja y sal.<\/p>\n<p>Puedes cambiar f\u00e1cilmente el tamari por salsa de soja en casi cualquier receta, y se puede usar en todo, desde salteados hasta salsas para mojar y m\u00e1s. Adem\u00e1s, a diferencia de la salsa de soja, mantiene su sabor con mucho cuerpo, incluso cuando se somete a una cocci\u00f3n de alto calor, por lo que es ideal para usar en casi cualquier plato.<\/p>\n<p>Cambiar su salsa de soja regular por los beneficios del tamari puede ayudar a aumentar su ingesta de prote\u00ednas. De hecho, tamari contiene casi el doble de la cantidad de prote\u00edna que la salsa de soja regular, marcando casi dos gramos por porci\u00f3n de una cucharada. Si bien esto puede no parecer mucho, ya que este condimento se consume normalmente en peque\u00f1as cantidades, realmente puede comenzar a acumularse con el tiempo. Adem\u00e1s de desarrollar m\u00fasculo y mantener su piel, articulaciones y huesos saludables, los alimentos con prote\u00ednas tambi\u00e9n son esenciales cuando se trata de reparaci\u00f3n de tejidos, producci\u00f3n de enzimas y hormonas, e incluso control de peso.<\/p>\n<p>Los beneficios del Tamari contienen una buena cantidad de manganeso, con un contenido del 4% del valor diario recomendado en una cucharada. El manganeso es un mineral importante, especialmente por su capacidad de actuar como un antioxidante dentro del cuerpo.<\/p>\n<p>Los antioxidantes son compuestos que combaten los radicales libres y previenen el estr\u00e9s oxidativo para proteger las c\u00e9lulas contra el da\u00f1o. La investigaci\u00f3n muestra que los antioxidantes como el manganeso pueden desempe\u00f1ar un papel central en la salud y pueden ser especialmente beneficiosos para reducir el riesgo de padecimientos como enfermedades card\u00edacas, diabetes, c\u00e1ncer y enfermedades autoinmunes.<\/p>\n<p>Los beneficios del tamari a menudo se ven favorecidos por la salsa de soja por su sabor rico y sabor suave, gracias a su mayor concentraci\u00f3n de soja. Su sabor tambi\u00e9n se describe a veces como menos fuerte y m\u00e1s equilibrado que la salsa de soja normal, por lo que es m\u00e1s f\u00e1cil de usar e incorporar en una variedad de platos. Debido a su sabor m\u00e1s rico, las recetas a menudo requieren menos cantidad, lo que tambi\u00e9n puede facilitar el control de la ingesta de sodio.<\/p>","protected":false},"excerpt":{"rendered":"<p>140ml container<\/p>","protected":false},"featured_media":6694,"template":"","meta":{"_uag_custom_page_level_css":""},"product_brand":[],"product_cat":[27,47],"product_tag":[721,722,724,720,505,718,723],"taxonomy\/receta":[],"class_list":{"0":"post-3943","1":"product","2":"type-product","3":"status-publish","4":"has-post-thumbnail","6":"product_cat-bio","7":"product_cat-pastas-ecologicas","8":"product_tag-agridulce","9":"product_tag-comida-thai","10":"product_tag-larga-fermentacion","11":"product_tag-salsas","12":"product_tag-sushi","13":"product_tag-sustituto-de-la-sal","14":"product_tag-tamari","15":"product_shipping_class-envio-gratuito","17":"first","18":"instock","19":"taxable","20":"shipping-taxable","21":"purchasable","22":"product-type-simple"},"uagb_featured_image_src":{"full":["https:\/\/florsivioles.marketingempresas.es\/wp-content\/uploads\/2022\/11\/Salsa-de-Soja-Ecologica-Flors-i-Violes.jpg",640,554,false],"thumbnail":["https:\/\/florsivioles.marketingempresas.es\/wp-content\/uploads\/2022\/11\/Salsa-de-Soja-Ecologica-Flors-i-Violes-150x130.jpg",150,130,true],"medium":["https:\/\/florsivioles.marketingempresas.es\/wp-content\/uploads\/2022\/11\/Salsa-de-Soja-Ecologica-Flors-i-Violes-364x315.jpg",364,315,true],"medium_large":["https:\/\/florsivioles.marketingempresas.es\/wp-content\/uploads\/2022\/11\/Salsa-de-Soja-Ecologica-Flors-i-Violes.jpg",640,554,false],"large":["https:\/\/florsivioles.marketingempresas.es\/wp-content\/uploads\/2022\/11\/Salsa-de-Soja-Ecologica-Flors-i-Violes.jpg",640,554,false],"1536x1536":["https:\/\/florsivioles.marketingempresas.es\/wp-content\/uploads\/2022\/11\/Salsa-de-Soja-Ecologica-Flors-i-Violes.jpg",640,554,false],"2048x2048":["https:\/\/florsivioles.marketingempresas.es\/wp-content\/uploads\/2022\/11\/Salsa-de-Soja-Ecologica-Flors-i-Violes.jpg",640,554,false],"trp-custom-language-flag":["https:\/\/florsivioles.marketingempresas.es\/wp-content\/uploads\/2022\/11\/Salsa-de-Soja-Ecologica-Flors-i-Violes-14x12.jpg",14,12,true],"woocommerce_thumbnail":["https:\/\/florsivioles.marketingempresas.es\/wp-content\/uploads\/2022\/11\/Salsa-de-Soja-Ecologica-Flors-i-Violes-260x260.jpg",260,260,true],"woocommerce_single":["https:\/\/florsivioles.marketingempresas.es\/wp-content\/uploads\/2022\/11\/Salsa-de-Soja-Ecologica-Flors-i-Violes-360x312.jpg",360,312,true],"woocommerce_gallery_thumbnail":["https:\/\/florsivioles.marketingempresas.es\/wp-content\/uploads\/2022\/11\/Salsa-de-Soja-Ecologica-Flors-i-Violes-100x100.jpg",100,100,true]},"uagb_author_info":{"display_name":"Christian Roig Brown","author_link":"https:\/\/florsivioles.marketingempresas.es\/en\/author\/"},"uagb_comment_info":0,"uagb_excerpt":"Envase de 140 ml.","_links":{"self":[{"href":"https:\/\/florsivioles.marketingempresas.es\/en\/wp-json\/wp\/v2\/product\/3943","targetHints":{"allow":["GET"]}}],"collection":[{"href":"https:\/\/florsivioles.marketingempresas.es\/en\/wp-json\/wp\/v2\/product"}],"about":[{"href":"https:\/\/florsivioles.marketingempresas.es\/en\/wp-json\/wp\/v2\/types\/product"}],"wp:featuredmedia":[{"embeddable":true,"href":"https:\/\/florsivioles.marketingempresas.es\/en\/wp-json\/wp\/v2\/media\/6694"}],"wp:attachment":[{"href":"https:\/\/florsivioles.marketingempresas.es\/en\/wp-json\/wp\/v2\/media?parent=3943"}],"wp:term":[{"taxonomy":"product_brand","embeddable":true,"href":"https:\/\/florsivioles.marketingempresas.es\/en\/wp-json\/wp\/v2\/product_brand?post=3943"},{"taxonomy":"product_cat","embeddable":true,"href":"https:\/\/florsivioles.marketingempresas.es\/en\/wp-json\/wp\/v2\/product_cat?post=3943"},{"taxonomy":"product_tag","embeddable":true,"href":"https:\/\/florsivioles.marketingempresas.es\/en\/wp-json\/wp\/v2\/product_tag?post=3943"},{"taxonomy":"receta","embeddable":true,"href":"https:\/\/florsivioles.marketingempresas.es\/en\/wp-json\/wp\/v2\/taxonomy\/receta?post=3943"}],"curies":[{"name":"wp","href":"https:\/\/api.w.org\/{rel}","templated":true}]}}