{"id":3933,"date":"2022-11-24T09:38:35","date_gmt":"2022-11-24T08:38:35","guid":{"rendered":"https:\/\/florsivioles.marketingempresas.es\/?post_type=product&#038;p=3933"},"modified":"2023-07-25T18:50:30","modified_gmt":"2023-07-25T16:50:30","slug":"crema-de-avena-ecologica","status":"publish","type":"product","link":"https:\/\/florsivioles.marketingempresas.es\/en\/product\/crema-de-avena-ecologica\/","title":{"rendered":"Organic Oat Cream"},"content":{"rendered":"<p>La crema de avena es ligera, cremosa y suave. Se puede utilizar como sustituto de la nata o de la bechamel. Rica en vitaminas B6 y K, pero, sobre todo, en vitamina B6 (tiamina), lo que la convierte en un alimento estupendo durante el embarazo y la lactancia.<\/p>\n<p>La avena es uno de los cereales m\u00e1s comunes en los hogares, puesto que no es muy costosa, es f\u00e1cil de cocinar y va muy bien cuando se acompa\u00f1a de varios alimentos sin importar el momento del d\u00eda en que se consuma.\u00a0Adem\u00e1s, cuenta con un alto porcentaje de fibra, que ayuda a dar una mayor sensaci\u00f3n de saciedad. El consumo de este cereal a diario puede ayudar a disminuir el nivel de colesterol malo en el cuerpo, pues es tambi\u00e9n rica en \u00e1cido linoleico.<\/p>\n<p>Este \u00e1cido es importante pues contiene omega 6, un mineral que no produce el organismo y que por lo tanto, debe ser consumido a trav\u00e9s de la comida. As\u00ed mismo, seg\u00fan expertos, la crema de avena, gracias a sus altos componentes de Beta-glucano, ayuda a las personas que tienen el colesterol alto, es una buena forma de bajar los niveles de triglic\u00e9ridos y por lo tanto, buena para el coraz\u00f3n por su gran cantidad de \u00e1cidos omega 3, los cuales, aumentan el buen colesterol.<\/p>\n<p>Los expertos en salud, indican que \u201cla avena contiene fibra soluble, que reduce el colesterol de lipoprote\u00edna de baja densidad (LDL), el colesterol malo\u201d y agregan que la fibra soluble tambi\u00e9n puede ser encontrada en alimentos como los fr\u00edjoles, coles de Bruselas, manzanas y peras.<\/p>\n<p>La crema de avena tambi\u00e9n es uno de los productos m\u00e1s recomendados al iniciar una dieta, no solo por sus propiedades, sino tambi\u00e9n por la facilidad con la que puede prepararse o incluirse en los men\u00fa diarios. Tiene grandes beneficios para adelgazar, pues al ser un cereal, adquiere volumen en el est\u00f3mago y da mayor sensaci\u00f3n de saciedad a quien la consume.<\/p>\n<p>Cuando se consume avena, en cualquiera de sus presentaciones, el cuerpo absorbe sus vitaminas y sus prote\u00ednas. Sin embargo, desde el mismo centro m\u00e9dico se advierte que todas las preparaciones, como la crema, pueden potenciar sus cualidades y depender\u00e1 de cada persona elegir la mejor forma en la que pueda consumirla.<\/p>\n<p>La avena ayuda al crecimiento de las bacterias buenas en el intestino. Este producto contribuye al crecimiento de la flora intestinal y por ende evita problemas como el estre\u00f1imiento y el s\u00edndrome de intestino irritable.\u00a0Por otra parte, la avena ayuda a regular los niveles de az\u00facar en la sangre.<\/p>\n<p>La avena se considera uno de los cereales m\u00e1s nutritivos. Adem\u00e1s, los carbohidratos disponibles en la avena contienen un \u00edndice gluc\u00e9mico bajo y por eso ayudan a evitar el aumento de az\u00facar en la sangre.<\/p>\n<p>A esto se le suma que gracias al contenido de \u00e1cidos grasos monoinsaturados y yodo reduce el riesgo de sufrir de enfermedades vasculares y ayuda a la tiroides a funcionar en forma correcta, previniendo el hipotiroidismo o cualquier enfermedad que se desarrolle en la tiroides.<\/p>\n<p>Ahora que conoces un poco mas sobre las virtudes de este noble producto, te invitamos a que le des un toque distinto a tu cocina con la ayuda de la Crema de avena ecol\u00f3gica. Su suave y fina textura har\u00e1 que este producto resulte indispensable en tu despensa. Sabrosa en tus platos de pasta o ba\u00f1ando tus guisos. T\u00fa eliges como disfrutar de esta deliciosa crema. Renueva tus recetas y sorprende a tus amigos.<\/p>\n<p>Es una alternativa a la nata l\u00edquida y sin lecitina. Apta para las personas al\u00e9rgicas a la soja, de f\u00e1cil digesti\u00f3n ya que no contiene lactosa. Sin az\u00facares a\u00f1adidos. Contiene az\u00facares naturales. Bajo contenido de sal, Bajo contenido de grasas saturadas y Alto contenido en grasas insaturadas.<\/p>\n<p>&nbsp;<\/p>","protected":false},"excerpt":{"rendered":"<p>250ml container<\/p>","protected":false},"featured_media":6687,"template":"","meta":{"_uag_custom_page_level_css":""},"product_brand":[],"product_cat":[27,47],"product_tag":[712,709,133,710,711,658,443,713],"taxonomy\/receta":[],"class_list":{"0":"post-3933","1":"product","2":"type-product","3":"status-publish","4":"has-post-thumbnail","6":"product_cat-bio","7":"product_cat-pastas-ecologicas","8":"product_tag-cocina-vegana","9":"product_tag-crema-de-avena","10":"product_tag-free-delivery","11":"product_tag-nata-de-avena","12":"product_tag-oat-cream","13":"product_tag-reposteria-vegana","14":"product_tag-sin-gluten","15":"product_tag-sin-lactosa","16":"product_shipping_class-envio-gratuito","18":"first","19":"instock","20":"taxable","21":"shipping-taxable","22":"purchasable","23":"product-type-simple"},"uagb_featured_image_src":{"full":["https:\/\/florsivioles.marketingempresas.es\/wp-content\/uploads\/2022\/11\/Crema-de-Avena-Ecologica-Flors-i-Violes.jpg",640,554,false],"thumbnail":["https:\/\/florsivioles.marketingempresas.es\/wp-content\/uploads\/2022\/11\/Crema-de-Avena-Ecologica-Flors-i-Violes-150x130.jpg",150,130,true],"medium":["https:\/\/florsivioles.marketingempresas.es\/wp-content\/uploads\/2022\/11\/Crema-de-Avena-Ecologica-Flors-i-Violes-364x315.jpg",364,315,true],"medium_large":["https:\/\/florsivioles.marketingempresas.es\/wp-content\/uploads\/2022\/11\/Crema-de-Avena-Ecologica-Flors-i-Violes.jpg",640,554,false],"large":["https:\/\/florsivioles.marketingempresas.es\/wp-content\/uploads\/2022\/11\/Crema-de-Avena-Ecologica-Flors-i-Violes.jpg",640,554,false],"1536x1536":["https:\/\/florsivioles.marketingempresas.es\/wp-content\/uploads\/2022\/11\/Crema-de-Avena-Ecologica-Flors-i-Violes.jpg",640,554,false],"2048x2048":["https:\/\/florsivioles.marketingempresas.es\/wp-content\/uploads\/2022\/11\/Crema-de-Avena-Ecologica-Flors-i-Violes.jpg",640,554,false],"trp-custom-language-flag":["https:\/\/florsivioles.marketingempresas.es\/wp-content\/uploads\/2022\/11\/Crema-de-Avena-Ecologica-Flors-i-Violes-14x12.jpg",14,12,true],"woocommerce_thumbnail":["https:\/\/florsivioles.marketingempresas.es\/wp-content\/uploads\/2022\/11\/Crema-de-Avena-Ecologica-Flors-i-Violes-260x260.jpg",260,260,true],"woocommerce_single":["https:\/\/florsivioles.marketingempresas.es\/wp-content\/uploads\/2022\/11\/Crema-de-Avena-Ecologica-Flors-i-Violes-360x312.jpg",360,312,true],"woocommerce_gallery_thumbnail":["https:\/\/florsivioles.marketingempresas.es\/wp-content\/uploads\/2022\/11\/Crema-de-Avena-Ecologica-Flors-i-Violes-100x100.jpg",100,100,true]},"uagb_author_info":{"display_name":"Christian Roig Brown","author_link":"https:\/\/florsivioles.marketingempresas.es\/en\/author\/"},"uagb_comment_info":0,"uagb_excerpt":"Envase de 250 ml.","_links":{"self":[{"href":"https:\/\/florsivioles.marketingempresas.es\/en\/wp-json\/wp\/v2\/product\/3933","targetHints":{"allow":["GET"]}}],"collection":[{"href":"https:\/\/florsivioles.marketingempresas.es\/en\/wp-json\/wp\/v2\/product"}],"about":[{"href":"https:\/\/florsivioles.marketingempresas.es\/en\/wp-json\/wp\/v2\/types\/product"}],"wp:featuredmedia":[{"embeddable":true,"href":"https:\/\/florsivioles.marketingempresas.es\/en\/wp-json\/wp\/v2\/media\/6687"}],"wp:attachment":[{"href":"https:\/\/florsivioles.marketingempresas.es\/en\/wp-json\/wp\/v2\/media?parent=3933"}],"wp:term":[{"taxonomy":"product_brand","embeddable":true,"href":"https:\/\/florsivioles.marketingempresas.es\/en\/wp-json\/wp\/v2\/product_brand?post=3933"},{"taxonomy":"product_cat","embeddable":true,"href":"https:\/\/florsivioles.marketingempresas.es\/en\/wp-json\/wp\/v2\/product_cat?post=3933"},{"taxonomy":"product_tag","embeddable":true,"href":"https:\/\/florsivioles.marketingempresas.es\/en\/wp-json\/wp\/v2\/product_tag?post=3933"},{"taxonomy":"receta","embeddable":true,"href":"https:\/\/florsivioles.marketingempresas.es\/en\/wp-json\/wp\/v2\/taxonomy\/receta?post=3933"}],"curies":[{"name":"wp","href":"https:\/\/api.w.org\/{rel}","templated":true}]}}