{"id":3921,"date":"2022-11-24T09:36:51","date_gmt":"2022-11-24T08:36:51","guid":{"rendered":"https:\/\/florsivioles.marketingempresas.es\/?post_type=product&#038;p=3921"},"modified":"2023-09-30T22:27:26","modified_gmt":"2023-09-30T20:27:26","slug":"crema-de-coco","status":"publish","type":"product","link":"https:\/\/florsivioles.marketingempresas.es\/en\/product\/crema-de-coco\/","title":{"rendered":"Coconut Cream"},"content":{"rendered":"<p>La crema de coco ecol\u00f3gico es un alimento ideal para cocinar. Se obtiene de mezclar agua con la \u00abcarne\u00bb del coco ya madura y triturada. Es importante distinguir entre esta leche y el \u00abagua de coco\u00bb. La leche se hace con la pulpa triturada y el agua es el jugo natural que se encuentra dentro del coco.<\/p>\n<p>La crema de coco tiene much\u00edsimo uso en las zonas asi\u00e1ticas y en muchos pa\u00edses de Latinoam\u00e9rica. Adem\u00e1s de para cocinar, en otros sitios la gente le encuentra utilidad a la leche de coco en est\u00e9tica y en jardiner\u00eda. En sentido est\u00e9tico, esta leche tiene propiedades para nutrir la piel, exfoliarla y se puede utilizar como acondicionador de cabello. Posee much\u00edsimos nutrientes. Entre ellos, es una gran fuente de vitaminas C, E, B1, B3, B5 y B6. Tambi\u00e9n posee una gran cantidad de minerales como hierro, selenio, sodio, magnesio, f\u00f3sforo y, sobre todo, calcio.<\/p>\n<p>Esta crema no tiene lactosa, por lo que a la hora de tener una intolerancia no hay problema de consumirla. Adem\u00e1s, es una muy buena opci\u00f3n para aquellas personas que sigan un r\u00e9gimen vegano.<\/p>\n<p>La crema de coco tambi\u00e9n es un alimento pol\u00e9mico debido a su porcentaje de grasa y el n\u00famero de calor\u00edas. Por cada 100 gramos, posee 123 calor\u00edas. Por supuesto, la leche enlatada es mucho peor que la casera. Es por ello que debemos intentar hacerla en casa siempre que podamos. La leche de coco baja en grasa se puede consumir con moderaci\u00f3n, una o dos veces por semana. A\u00fan as\u00ed, algunas fundaciones del coraz\u00f3n aconsejan no cocinar con ella.<\/p>\n<p>Ahora que se ha vuelto una pol\u00e9mica beber leche de vaca, la de coco puede ser una alternativa. Tiene pr\u00e1cticamente las mismas propiedades y tiene muchos beneficios para el organismo. Fortalece los huesos y los dientes. Este beneficio se debe a que la leche de coco es una gran fuente de calcio.<\/p>\n<p>Hidrata la piel. La leche de coco tiene la propiedad de hidratar la piel tanto ingiri\u00e9ndola como us\u00e1ndola de crema. De hecho, este beneficio es el que deriva en usar la leche de coco en el mundo de la est\u00e9tica. Con la crema se elimina el exceso de suciedad y de sebo, las c\u00e9lulas muertas de la piel y es un buen remedio para las quemaduras. En la cara previene las arrugas y las manchas que salen con la edad.<\/p>\n<p>&nbsp;<\/p>\n<h2>Antibacteriano y antiviral<\/h2>\n<p>El \u00e1cido l\u00e1urico que posee es el encargado de combatir infecciones.<\/p>\n<p>&nbsp;<\/p>\n<h2>Sensaci\u00f3n de saciedad<\/h2>\n<p>Gracias a la alta cantidad de fibra que contiene esta leche, el est\u00f3mago se siente m\u00e1s saciado cuando se consume.<\/p>\n<p>&nbsp;<\/p>\n<h2>Estimula la tiroides hipoactiva<\/h2>\n<p>La leche de coco ayuda a la tiroides a producir los niveles correctos de la hormona tiroidea. Adem\u00e1s, alivia el insomnio, la piel seca, cansancio, dolores musculares y el estre\u00f1imiento.<\/p>\n<h2>Colesterol<\/h2>\n<p>La gran cantidad de grasa que tiene la leche de coco puede hacer que aumente el colesterol malo. Sin embargo, si se consume como se deber\u00eda, esta puede influir de manera positiva en el colesterol bueno.<\/p>\n<p>La crema de coco tiene pocas contraindicaciones, pero muy fuertes. Para empezar, hay que estar seguros de no ser al\u00e9rgicos a los frutos secos. Aunque el coco no sea un fruto seco, posee un al\u00e9rgeno en com\u00fan y puede hacerte reacci\u00f3n.<\/p>\n<p>Las dem\u00e1s contraindicaciones se deben al nivel de grasa y el n\u00famero de calor\u00edas. Los nutricionistas aconsejan a aquellas personas con sobrepeso (y a las embarazadas) controlar much\u00edsimo la ingesta de esta leche. Esto se debe a que, si se ingiere una gran cantidad de esta leche, las personas tienden a coger peso en lugar de bajarlo.<\/p>\n<p>Adem\u00e1s, se aconseja evitar la crema de coco si se padece alguna diarrea o algo parecido debido a la alta cantidad de fibra que posee. Y por supuesto, nada de consumirla si se posee el colesterol alto.<\/p>\n<p>&nbsp;<\/p>\n<p>#env\u00edo a domicilio en Ibiza #Tienda online en Ibiza #Supermercado online en Ibiza #Free delivery in Ibiza<\/p>","protected":false},"excerpt":{"rendered":"<p>400gr unit<\/p>","protected":false},"featured_media":3931,"template":"","meta":{"_uag_custom_page_level_css":""},"product_brand":[],"product_cat":[27,47],"product_tag":[707,706,1508,708,113,133,130,705,658,1418,123],"taxonomy\/receta":[],"class_list":{"0":"post-3921","1":"product","2":"type-product","3":"status-publish","4":"has-post-thumbnail","6":"product_cat-bio","7":"product_cat-pastas-ecologicas","8":"product_tag-cocina-thai","9":"product_tag-coco-ecologico","10":"product_tag-crema-de-coco","11":"product_tag-currys","12":"product_tag-envio-a-domicilio-en-ibiza","13":"product_tag-free-delivery","14":"product_tag-free-delivery-in-ibiza","15":"product_tag-leche-de-coco","16":"product_tag-reposteria-vegana","17":"product_tag-supermercado-online-en-ibiza","18":"product_tag-tienda-online-en-ibiza","19":"product_shipping_class-envio-gratuito","21":"first","22":"instock","23":"taxable","24":"shipping-taxable","25":"purchasable","26":"product-type-simple"},"uagb_featured_image_src":{"full":["https:\/\/florsivioles.marketingempresas.es\/wp-content\/uploads\/2022\/02\/salsa-leche-de-coco.jpg",1000,662,false],"thumbnail":["https:\/\/florsivioles.marketingempresas.es\/wp-content\/uploads\/2022\/02\/salsa-leche-de-coco-150x99.jpg",150,99,true],"medium":["https:\/\/florsivioles.marketingempresas.es\/wp-content\/uploads\/2022\/02\/salsa-leche-de-coco-364x241.jpg",364,241,true],"medium_large":["https:\/\/florsivioles.marketingempresas.es\/wp-content\/uploads\/2022\/02\/salsa-leche-de-coco-768x508.jpg",768,508,true],"large":["https:\/\/florsivioles.marketingempresas.es\/wp-content\/uploads\/2022\/02\/salsa-leche-de-coco.jpg",1000,662,false],"1536x1536":["https:\/\/florsivioles.marketingempresas.es\/wp-content\/uploads\/2022\/02\/salsa-leche-de-coco.jpg",1000,662,false],"2048x2048":["https:\/\/florsivioles.marketingempresas.es\/wp-content\/uploads\/2022\/02\/salsa-leche-de-coco.jpg",1000,662,false],"trp-custom-language-flag":["https:\/\/florsivioles.marketingempresas.es\/wp-content\/uploads\/2022\/02\/salsa-leche-de-coco-18x12.jpg",18,12,true],"woocommerce_thumbnail":["https:\/\/florsivioles.marketingempresas.es\/wp-content\/uploads\/2022\/02\/salsa-leche-de-coco-260x260.jpg",260,260,true],"woocommerce_single":["https:\/\/florsivioles.marketingempresas.es\/wp-content\/uploads\/2022\/02\/salsa-leche-de-coco-360x238.jpg",360,238,true],"woocommerce_gallery_thumbnail":["https:\/\/florsivioles.marketingempresas.es\/wp-content\/uploads\/2022\/02\/salsa-leche-de-coco-100x100.jpg",100,100,true]},"uagb_author_info":{"display_name":"Christian Roig Brown","author_link":"https:\/\/florsivioles.marketingempresas.es\/en\/author\/"},"uagb_comment_info":0,"uagb_excerpt":"Envase de 400 gr.","_links":{"self":[{"href":"https:\/\/florsivioles.marketingempresas.es\/en\/wp-json\/wp\/v2\/product\/3921","targetHints":{"allow":["GET"]}}],"collection":[{"href":"https:\/\/florsivioles.marketingempresas.es\/en\/wp-json\/wp\/v2\/product"}],"about":[{"href":"https:\/\/florsivioles.marketingempresas.es\/en\/wp-json\/wp\/v2\/types\/product"}],"wp:featuredmedia":[{"embeddable":true,"href":"https:\/\/florsivioles.marketingempresas.es\/en\/wp-json\/wp\/v2\/media\/3931"}],"wp:attachment":[{"href":"https:\/\/florsivioles.marketingempresas.es\/en\/wp-json\/wp\/v2\/media?parent=3921"}],"wp:term":[{"taxonomy":"product_brand","embeddable":true,"href":"https:\/\/florsivioles.marketingempresas.es\/en\/wp-json\/wp\/v2\/product_brand?post=3921"},{"taxonomy":"product_cat","embeddable":true,"href":"https:\/\/florsivioles.marketingempresas.es\/en\/wp-json\/wp\/v2\/product_cat?post=3921"},{"taxonomy":"product_tag","embeddable":true,"href":"https:\/\/florsivioles.marketingempresas.es\/en\/wp-json\/wp\/v2\/product_tag?post=3921"},{"taxonomy":"receta","embeddable":true,"href":"https:\/\/florsivioles.marketingempresas.es\/en\/wp-json\/wp\/v2\/taxonomy\/receta?post=3921"}],"curies":[{"name":"wp","href":"https:\/\/api.w.org\/{rel}","templated":true}]}}