{"id":3885,"date":"2022-11-24T10:12:00","date_gmt":"2022-11-24T09:12:00","guid":{"rendered":"https:\/\/florsivioles.marketingempresas.es\/?post_type=product&#038;p=3885"},"modified":"2023-11-16T12:00:35","modified_gmt":"2023-11-16T11:00:35","slug":"compota-ecologica-de-naranja-y-jengibre","status":"publish","type":"product","link":"https:\/\/florsivioles.marketingempresas.es\/en\/product\/compota-ecologica-de-naranja-y-jengibre\/","title":{"rendered":"Organic Orange and Ginger Jam"},"content":{"rendered":"<div id=\"short_description_block\">\n<div id=\"short_description_content\" class=\"rte align_justify\"><\/div>\n<\/div>\n<div class=\"col-xs-12 div-info-producto\">\n<div id=\"short_description_content\" class=\"rte align_justify div-content-aleing\">\n<p>Compota ecol\u00f3gica de naranja con jengibre elaborada con naranjas maduras mediante cocci\u00f3n m\u00ednima para garantizar todo el sabor y aroma de la fruta. Endulzado con concentrado de zumo de manzana.<\/p>\n<p>Ingredientes: Zumo de manzana concentrado* 53), naranja con trozos de c\u00e1scara* 40%, gelificante: pectina, jengibre en polvo* 1%. *De agricultura biol\u00f3gica.<\/p>\n<\/div>\n<\/div>\n<p>Uso: Para untar sobre tostadas o tortitas, tambi\u00e9n para la elaboraci\u00f3n de postres.<br \/>\nConservaci\u00f3n: Conservar en lugar fresco y seco. Una vez abierto, conservar en el frigor\u00edfico y consumir en 10 d\u00edas.<\/p>\n<p>Las compotas de frutas poseen propiedades reconstituyentes, no pesan al est\u00f3mago y aportan energ\u00eda f\u00e1cil de asimilar, de digesti\u00f3n corta. Nos proporcionan el az\u00facar natural de la fruta, adem\u00e1s de ser muy ricas en fibra soluble<\/p>","protected":false},"excerpt":{"rendered":"<p>280gr container<\/p>","protected":false},"featured_media":6771,"template":"","meta":{"_uag_custom_page_level_css":""},"product_brand":[],"product_cat":[540,27,1547,1209],"product_tag":[642,666,611,220,667,674,668],"taxonomy\/receta":[],"class_list":{"0":"post-3885","1":"product","2":"type-product","3":"status-publish","4":"has-post-thumbnail","6":"product_cat-mermeladas-compotas-bio","7":"product_cat-bio","8":"product_cat-conservas-ecologicas","9":"product_cat-sin-gluten-bio","10":"product_tag-biocop","11":"product_tag-compota","12":"product_tag-desayunos-sanos","13":"product_tag-fruta-ecologica","14":"product_tag-mermelada","15":"product_tag-naranja-y-jengibre","16":"product_tag-tostadas","17":"product_shipping_class-envio-gratuito","19":"first","20":"instock","21":"taxable","22":"shipping-taxable","23":"purchasable","24":"product-type-simple"},"uagb_featured_image_src":{"full":["https:\/\/florsivioles.marketingempresas.es\/wp-content\/uploads\/2022\/11\/Compota-Ecologica-de-Naranja-y-Jengibre-Flors-i-Violes.jpg",640,554,false],"thumbnail":["https:\/\/florsivioles.marketingempresas.es\/wp-content\/uploads\/2022\/11\/Compota-Ecologica-de-Naranja-y-Jengibre-Flors-i-Violes-150x130.jpg",150,130,true],"medium":["https:\/\/florsivioles.marketingempresas.es\/wp-content\/uploads\/2022\/11\/Compota-Ecologica-de-Naranja-y-Jengibre-Flors-i-Violes-364x315.jpg",364,315,true],"medium_large":["https:\/\/florsivioles.marketingempresas.es\/wp-content\/uploads\/2022\/11\/Compota-Ecologica-de-Naranja-y-Jengibre-Flors-i-Violes.jpg",640,554,false],"large":["https:\/\/florsivioles.marketingempresas.es\/wp-content\/uploads\/2022\/11\/Compota-Ecologica-de-Naranja-y-Jengibre-Flors-i-Violes.jpg",640,554,false],"1536x1536":["https:\/\/florsivioles.marketingempresas.es\/wp-content\/uploads\/2022\/11\/Compota-Ecologica-de-Naranja-y-Jengibre-Flors-i-Violes.jpg",640,554,false],"2048x2048":["https:\/\/florsivioles.marketingempresas.es\/wp-content\/uploads\/2022\/11\/Compota-Ecologica-de-Naranja-y-Jengibre-Flors-i-Violes.jpg",640,554,false],"trp-custom-language-flag":["https:\/\/florsivioles.marketingempresas.es\/wp-content\/uploads\/2022\/11\/Compota-Ecologica-de-Naranja-y-Jengibre-Flors-i-Violes-14x12.jpg",14,12,true],"woocommerce_thumbnail":["https:\/\/florsivioles.marketingempresas.es\/wp-content\/uploads\/2022\/11\/Compota-Ecologica-de-Naranja-y-Jengibre-Flors-i-Violes-260x260.jpg",260,260,true],"woocommerce_single":["https:\/\/florsivioles.marketingempresas.es\/wp-content\/uploads\/2022\/11\/Compota-Ecologica-de-Naranja-y-Jengibre-Flors-i-Violes-360x312.jpg",360,312,true],"woocommerce_gallery_thumbnail":["https:\/\/florsivioles.marketingempresas.es\/wp-content\/uploads\/2022\/11\/Compota-Ecologica-de-Naranja-y-Jengibre-Flors-i-Violes-100x100.jpg",100,100,true]},"uagb_author_info":{"display_name":"Christian Roig Brown","author_link":"https:\/\/florsivioles.marketingempresas.es\/en\/author\/"},"uagb_comment_info":0,"uagb_excerpt":"Envase de 280 gr.","_links":{"self":[{"href":"https:\/\/florsivioles.marketingempresas.es\/en\/wp-json\/wp\/v2\/product\/3885","targetHints":{"allow":["GET"]}}],"collection":[{"href":"https:\/\/florsivioles.marketingempresas.es\/en\/wp-json\/wp\/v2\/product"}],"about":[{"href":"https:\/\/florsivioles.marketingempresas.es\/en\/wp-json\/wp\/v2\/types\/product"}],"wp:featuredmedia":[{"embeddable":true,"href":"https:\/\/florsivioles.marketingempresas.es\/en\/wp-json\/wp\/v2\/media\/6771"}],"wp:attachment":[{"href":"https:\/\/florsivioles.marketingempresas.es\/en\/wp-json\/wp\/v2\/media?parent=3885"}],"wp:term":[{"taxonomy":"product_brand","embeddable":true,"href":"https:\/\/florsivioles.marketingempresas.es\/en\/wp-json\/wp\/v2\/product_brand?post=3885"},{"taxonomy":"product_cat","embeddable":true,"href":"https:\/\/florsivioles.marketingempresas.es\/en\/wp-json\/wp\/v2\/product_cat?post=3885"},{"taxonomy":"product_tag","embeddable":true,"href":"https:\/\/florsivioles.marketingempresas.es\/en\/wp-json\/wp\/v2\/product_tag?post=3885"},{"taxonomy":"receta","embeddable":true,"href":"https:\/\/florsivioles.marketingempresas.es\/en\/wp-json\/wp\/v2\/taxonomy\/receta?post=3885"}],"curies":[{"name":"wp","href":"https:\/\/api.w.org\/{rel}","templated":true}]}}