{"id":3861,"date":"2022-01-28T12:34:52","date_gmt":"2022-01-28T11:34:52","guid":{"rendered":"https:\/\/florsivioles.marketingempresas.es\/?post_type=product&#038;p=3861"},"modified":"2023-11-16T11:48:48","modified_gmt":"2023-11-16T10:48:48","slug":"coco-rallado-ecologico","status":"publish","type":"product","link":"https:\/\/florsivioles.marketingempresas.es\/en\/product\/coco-rallado-ecologico\/","title":{"rendered":"Organic Shredded Coconut"},"content":{"rendered":"<p>El coco es una fruta tropical y un tesoro nutricional que est\u00e1 viviendo un buen momento. Parece que el coco vuelve a estar en todas partes, y es que de pocas frutas se sacan tantos productos beneficiosos para la salud. Del coco se puede beber el agua que guarda en su interior o se puede comer la pulpa, fresca o deshidratada y rallada, incluso se puede obtener aceite, manteca, leche y harina.<\/p>\n<p>De c\u00e1scara gruesa y peluda, la pulpa del coco es blanca y con un aroma inconfundible. 100 gramos de pulpa nos aportan 342 calor\u00edas; s\u00ed, es una de las frutas m\u00e1s cal\u00f3ricas pero con un sinf\u00edn de propiedades nutritivas. Entre las m\u00faltiples beneficios del coco destacan sus propiedades antioxidantes, su capacidad para regular la presi\u00f3n sangu\u00ednea y disminuir los triglic\u00e9ridos. Adem\u00e1s es rico en fibras y minerales (potasio, f\u00f3sforo, magnesio, hierro y vitaminas E, C, y B).<\/p>\n<p>Teniendo en cuenta sus propiedades nutritivas, su consumo ocasional y en cantidades moderadas, la OMS lo recomienda para todos: ni\u00f1os, j\u00f3venes, adultos, deportistas, mujeres embarazadas, madres lactantes y personas mayores.<\/p>\n<p>El coco crece en los cocoteros, la palmera m\u00e1s cultivada del mundo. Su origen lo encontramos en las islas de clima tropical, y hay distintos tipos de cocoteros que se clasifican en gigantes, enanos e h\u00edbridos. Pero, \u00bfc\u00f3mo podemos saber si el coco est\u00e1 en su punto? Pues agit\u00e1ndolo. Si no se oye el t\u00edpico chapoteo del agua en su interior es porque el coco est\u00e1 seco y con la pulpa rancia. El coco se conserva durante dos meses. Despu\u00e9s de abierto, se ha de consumir en el mismo d\u00eda o guardarse en un recipiente tapado con agua, no m\u00e1s de cinco d\u00edas. El coco atesora un mont\u00f3n de propiedades beneficiosas para nuestro organismo: bactericida, antioxidante, anti parasitario, protege nuestro h\u00edgado, estimula nuestro sistema inmunol\u00f3gico y protege el coraz\u00f3n seg\u00fan la Fundaci\u00f3n Espa\u00f1ola del Coraz\u00f3n.<\/p>\n<p>Los beneficios principales de este fruto est\u00e1n en su semilla, la cual, cuando alcanza su madurez, contiene muchas vitaminas, minerales y oligoelementos, o sea, nutrientes esenciales para nuestro organismo.<\/p>\n<p>Es un alimento indicado en las dietas de aumento de peso, para la osteoporosis, para la salud cardiovascular y para evitar la retenci\u00f3n de l\u00edquidos.<\/p>\n<p>A modo de resumen, podr\u00edamos indicar que el Coco es:<\/p>\n<p>Remineralizante. Ayuda a regular la tonicidad de los m\u00fasculos y mejorar las funciones del coraz\u00f3n.<\/p>\n<p>Antioxidante. Algunos de los minerales con los que est\u00e1 compuesto el coco (selenio y zinc) son unos antioxidantes maravillosos; por ello se utiliza mucho para fabricar productos cosm\u00e9ticos.<\/p>\n<p>Energ\u00e9tico. Ideal para consumir en un d\u00eda agitado, de mucha actividad f\u00edsica o en d\u00edas de mucho calor. Para beneficiarnos de su poder energ\u00e9tico podemos a\u00f1adir coco a los batidos.<\/p>\n<p>Desintoxicante. Limpia el ri\u00f1\u00f3n y tambi\u00e9n es bueno para la higiene interna del cuerpo, es recomendable para los ni\u00f1os, porque contiene vitamina C, az\u00facar natural y muchos minerales. Sirve para aliviar v\u00f3mitos, gases y problemas urinarios.<\/p>","protected":false},"excerpt":{"rendered":"<p>100gr container<\/p>","protected":false},"featured_media":3822,"template":"","meta":{"_uag_custom_page_level_css":""},"product_brand":[],"product_cat":[1545,27,533],"product_tag":[641,665,653,637,655,162,656,658],"taxonomy\/receta":[],"class_list":{"0":"post-3861","1":"product","2":"type-product","3":"status-publish","4":"has-post-thumbnail","6":"product_cat-frutos-secos-ecologicos","7":"product_cat-bio","8":"product_cat-frutos-secos-semillas-bio","9":"product_tag-alimentacion-saludable","10":"product_tag-coco-rallado","11":"product_tag-frutos-secos","12":"product_tag-fuente-de-proteinas","13":"product_tag-grasas-sanas","14":"product_tag-productos-ecologicos","15":"product_tag-proteinas","16":"product_tag-reposteria-vegana","17":"product_shipping_class-envio-gratuito","19":"first","20":"instock","21":"taxable","22":"shipping-taxable","23":"purchasable","24":"product-type-simple"},"uagb_featured_image_src":{"full":["https:\/\/florsivioles.marketingempresas.es\/wp-content\/uploads\/2022\/01\/FS-coco-rallado.jpeg",1024,1024,false],"thumbnail":["https:\/\/florsivioles.marketingempresas.es\/wp-content\/uploads\/2022\/01\/FS-coco-rallado-150x150.jpeg",150,150,true],"medium":["https:\/\/florsivioles.marketingempresas.es\/wp-content\/uploads\/2022\/01\/FS-coco-rallado-364x364.jpeg",364,364,true],"medium_large":["https:\/\/florsivioles.marketingempresas.es\/wp-content\/uploads\/2022\/01\/FS-coco-rallado-768x768.jpeg",768,768,true],"large":["https:\/\/florsivioles.marketingempresas.es\/wp-content\/uploads\/2022\/01\/FS-coco-rallado-1024x1024.jpeg",1024,1024,true],"1536x1536":["https:\/\/florsivioles.marketingempresas.es\/wp-content\/uploads\/2022\/01\/FS-coco-rallado.jpeg",1024,1024,false],"2048x2048":["https:\/\/florsivioles.marketingempresas.es\/wp-content\/uploads\/2022\/01\/FS-coco-rallado.jpeg",1024,1024,false],"trp-custom-language-flag":["https:\/\/florsivioles.marketingempresas.es\/wp-content\/uploads\/2022\/01\/FS-coco-rallado-12x12.jpeg",12,12,true],"woocommerce_thumbnail":["https:\/\/florsivioles.marketingempresas.es\/wp-content\/uploads\/2022\/01\/FS-coco-rallado-260x260.jpeg",260,260,true],"woocommerce_single":["https:\/\/florsivioles.marketingempresas.es\/wp-content\/uploads\/2022\/01\/FS-coco-rallado-360x360.jpeg",360,360,true],"woocommerce_gallery_thumbnail":["https:\/\/florsivioles.marketingempresas.es\/wp-content\/uploads\/2022\/01\/FS-coco-rallado-100x100.jpeg",100,100,true]},"uagb_author_info":{"display_name":"Christian Roig Brown","author_link":"https:\/\/florsivioles.marketingempresas.es\/en\/author\/"},"uagb_comment_info":0,"uagb_excerpt":"Envase de 100 gr.","_links":{"self":[{"href":"https:\/\/florsivioles.marketingempresas.es\/en\/wp-json\/wp\/v2\/product\/3861","targetHints":{"allow":["GET"]}}],"collection":[{"href":"https:\/\/florsivioles.marketingempresas.es\/en\/wp-json\/wp\/v2\/product"}],"about":[{"href":"https:\/\/florsivioles.marketingempresas.es\/en\/wp-json\/wp\/v2\/types\/product"}],"wp:featuredmedia":[{"embeddable":true,"href":"https:\/\/florsivioles.marketingempresas.es\/en\/wp-json\/wp\/v2\/media\/3822"}],"wp:attachment":[{"href":"https:\/\/florsivioles.marketingempresas.es\/en\/wp-json\/wp\/v2\/media?parent=3861"}],"wp:term":[{"taxonomy":"product_brand","embeddable":true,"href":"https:\/\/florsivioles.marketingempresas.es\/en\/wp-json\/wp\/v2\/product_brand?post=3861"},{"taxonomy":"product_cat","embeddable":true,"href":"https:\/\/florsivioles.marketingempresas.es\/en\/wp-json\/wp\/v2\/product_cat?post=3861"},{"taxonomy":"product_tag","embeddable":true,"href":"https:\/\/florsivioles.marketingempresas.es\/en\/wp-json\/wp\/v2\/product_tag?post=3861"},{"taxonomy":"receta","embeddable":true,"href":"https:\/\/florsivioles.marketingempresas.es\/en\/wp-json\/wp\/v2\/taxonomy\/receta?post=3861"}],"curies":[{"name":"wp","href":"https:\/\/api.w.org\/{rel}","templated":true}]}}