{"id":3856,"date":"2022-01-28T12:28:25","date_gmt":"2022-01-28T11:28:25","guid":{"rendered":"https:\/\/florsivioles.marketingempresas.es\/?post_type=product&#038;p=3856"},"modified":"2023-11-16T11:49:46","modified_gmt":"2023-11-16T10:49:46","slug":"pasas-sultanas-ecologica","status":"publish","type":"product","link":"https:\/\/florsivioles.marketingempresas.es\/en\/product\/pasas-sultanas-ecologica\/","title":{"rendered":"Ecological Sultanas Grape Raisins"},"content":{"rendered":"<p>Las pasas sultanas ecol\u00f3gicas son un fruto seco, que sirve como acompa\u00f1ante perfecto para las ensaladas, los cereales, los batidos (entre otros alimentos), adem\u00e1s de un excelente complemento para la alimentaci\u00f3n cuyo sabor te encantar\u00e1. Las pasas son recomendadas por los nutricionistas debido a que, como la gran mayor\u00eda de frutos secos, aportan beneficios extraordinarios a la salud, adem\u00e1s de que representan un muy bajo nivel de calor\u00edas.<\/p>\n<p>Es un producto ecol\u00f3gico y saludable elaborado especialmente para el consumo de las personas veganas o de aquellas que busquen mejorar su alimentaci\u00f3n y su salud siendo ecofriendly.<\/p>\n<p>Las personas que cuidan su salud saben que las pasas sultanas ecol\u00f3gicas representan un alimento ideal debido a la gran cantidad de vitaminas y minerales que aportan al organismo.<\/p>\n<p>Las pasas sultanas ecol\u00f3gicas contienen:<\/p>\n<p>Hierro: Este mineral es fundamental en el desarrollo del organismo. Es vital para la producci\u00f3n de gl\u00f3bulos rojos que son los encargados de transportar el ox\u00edgeno a nuestros pulmones y as\u00ed nuestro cuerpo se encuentre siempre bien oxigenado.<br \/>\nCalcio: El calcio fortalece, en primer lugar, los m\u00fasculos y los huesos. El calcio es fundamental para el desarrollo y el fortalecimiento \u00f3seo. Adem\u00e1s, tiene una incidencia importante en el buen funcionamiento del coraz\u00f3n.<br \/>\nVitamina A: La visi\u00f3n puede verse muy favorecida con el consumo de vitamina A. Aquellas personas que presenten problemas visuales, con un consumo adecuado de vitamina A pueden mejorar considerablemente. Adem\u00e1s, favorece a otros \u00f3rganos como los ri\u00f1ones, el coraz\u00f3n y los pulmones.<br \/>\nPotasio: Este mineral regula el agua en el organismo y es vital para el buen funcionamiento del sistema nervioso. Es tambi\u00e9n conocido como vitamina K.<br \/>\nAz\u00facar: El az\u00facar, ciertamente, se ha desestimado mucho, sin embargo, es una realidad que el organismo necesita az\u00facar para realizar correctamente muchas funciones. Y las pasas sultanas ecol\u00f3gicas tienen una porci\u00f3n perfecta para beneficiar a tu cuerpo.<br \/>\nSelenio: Este oligoelemento contribuye activamente a retrasar el envejecimiento prematuro. El cabello y la piel mejoran much\u00edsimo su aspecto y, por si fuera poco, aporta importantes beneficios a la visi\u00f3n la gl\u00e1ndula tiroides y el sistema inmunol\u00f3gico.<\/p>\n<p>Muchos son los beneficios que proporciona al organismo el consumo de las pasas sultanas ecol\u00f3gicas. Entre los beneficios m\u00e1s destacados, que nos brinda el consumo de las pasas sultanas ecol\u00f3gicas se encuentran:<\/p>\n<p>Eliminaci\u00f3n de toxinas: Aunque llevemos una alimentaci\u00f3n adecuada y balanceada, nuestro cuerpo no est\u00e1 exento de acumular toxinas que son da\u00f1inas para el organismo. La misma contaminaci\u00f3n ambiental hace que nuestro cuerpo se vea afectado. El consumo de estas pasas contribuye activamente en la eliminaci\u00f3n de toxinas de manera natural.<br \/>\nMejoran la digesti\u00f3n: Por su alto contenido de fibra, estas pasas son muy efectivas para mejorar r\u00e1pidamente el proceso digestivo y ayudar con los problemas del estre\u00f1imiento. Muchas personas han obtenido resultados excelentes y duraderos en este sentido.<br \/>\nNo afecta el peso: Estos frutos secos se caracterizan por poseer un muy bajo nivel de calor\u00edas. Por ello, son ideales cuando las personas se encuentran siguiendo un r\u00e9gimen diet\u00e9tico que ha sido indicado por un nutricionista.<br \/>\nMejoran la salud estomacal: Gracias a la fibra, las personas que tienen afecciones estomacales pueden verse favorecidas por el consumo de este producto pues pueden ayudar a reducir la acidez y la sensaci\u00f3n de pesadez despu\u00e9s de las comidas.<br \/>\nMejoran el aspecto de la piel, el cabello y de las u\u00f1as: Gracias al selenio, podr\u00e1s notar cambios positivos en el aspecto de tu piel, cabello y u\u00f1as.<br \/>\nDepuran el organismo: Son un alimento perfecto para depurar nuestro organismo sin recurrir a otro tipo de alimentos. Cuando nuestro cuerpo se encuentra libre de toxinas, nuestra salud mejora considerablemente y las vitaminas y los minerales son absorbidos con mayor rapidez.<br \/>\nAyuda al control de peso: Su bajo contenido cal\u00f3rico convierte a las pasas sultanas ecol\u00f3gicas es uno de los productos m\u00e1s indicados para controlar el peso pues su consumo proporciona una sensaci\u00f3n de satisfacci\u00f3n que evita que la persona desee seguir comiendo, tiene efecto saciante.<br \/>\nPueden consumirlas los celiacos: los frutos secos como las pasas sultanas ecol\u00f3gicas son de grandes beneficios para el consumo de las personas que padecen de intolerancia del gluten. Por lo cu\u00e1l si sufres de intolerancia al gluten te recomendamos a\u00f1adirlas a tu dieta.<\/p>","protected":false},"excerpt":{"rendered":"<p>250ml container<\/p>","protected":false},"featured_media":3829,"template":"","meta":{"_uag_custom_page_level_css":""},"product_brand":[],"product_cat":[1545,27,533],"product_tag":[653,637,655,657,661,663,162,656,658],"taxonomy\/receta":[],"class_list":{"0":"post-3856","1":"product","2":"type-product","3":"status-publish","4":"has-post-thumbnail","6":"product_cat-frutos-secos-ecologicos","7":"product_cat-bio","8":"product_cat-frutos-secos-semillas-bio","9":"product_tag-frutos-secos","10":"product_tag-fuente-de-proteinas","11":"product_tag-grasas-sanas","12":"product_tag-leche-vegetal","13":"product_tag-nuez-pecana","14":"product_tag-pasas-sultanas","15":"product_tag-productos-ecologicos","16":"product_tag-proteinas","17":"product_tag-reposteria-vegana","18":"product_shipping_class-envio-gratuito","20":"first","21":"instock","22":"taxable","23":"shipping-taxable","24":"purchasable","25":"product-type-simple"},"uagb_featured_image_src":{"full":["https:\/\/florsivioles.marketingempresas.es\/wp-content\/uploads\/2022\/01\/FS-Pasas-Sultanas.jpg",1200,630,false],"thumbnail":["https:\/\/florsivioles.marketingempresas.es\/wp-content\/uploads\/2022\/01\/FS-Pasas-Sultanas-150x79.jpg",150,79,true],"medium":["https:\/\/florsivioles.marketingempresas.es\/wp-content\/uploads\/2022\/01\/FS-Pasas-Sultanas-364x191.jpg",364,191,true],"medium_large":["https:\/\/florsivioles.marketingempresas.es\/wp-content\/uploads\/2022\/01\/FS-Pasas-Sultanas-768x403.jpg",768,403,true],"large":["https:\/\/florsivioles.marketingempresas.es\/wp-content\/uploads\/2022\/01\/FS-Pasas-Sultanas-1024x538.jpg",1024,538,true],"1536x1536":["https:\/\/florsivioles.marketingempresas.es\/wp-content\/uploads\/2022\/01\/FS-Pasas-Sultanas.jpg",1200,630,false],"2048x2048":["https:\/\/florsivioles.marketingempresas.es\/wp-content\/uploads\/2022\/01\/FS-Pasas-Sultanas.jpg",1200,630,false],"trp-custom-language-flag":["https:\/\/florsivioles.marketingempresas.es\/wp-content\/uploads\/2022\/01\/FS-Pasas-Sultanas-18x9.jpg",18,9,true],"woocommerce_thumbnail":["https:\/\/florsivioles.marketingempresas.es\/wp-content\/uploads\/2022\/01\/FS-Pasas-Sultanas-260x260.jpg",260,260,true],"woocommerce_single":["https:\/\/florsivioles.marketingempresas.es\/wp-content\/uploads\/2022\/01\/FS-Pasas-Sultanas-360x189.jpg",360,189,true],"woocommerce_gallery_thumbnail":["https:\/\/florsivioles.marketingempresas.es\/wp-content\/uploads\/2022\/01\/FS-Pasas-Sultanas-100x100.jpg",100,100,true]},"uagb_author_info":{"display_name":"Christian Roig Brown","author_link":"https:\/\/florsivioles.marketingempresas.es\/en\/author\/"},"uagb_comment_info":0,"uagb_excerpt":"Envase de 250 gr.","_links":{"self":[{"href":"https:\/\/florsivioles.marketingempresas.es\/en\/wp-json\/wp\/v2\/product\/3856","targetHints":{"allow":["GET"]}}],"collection":[{"href":"https:\/\/florsivioles.marketingempresas.es\/en\/wp-json\/wp\/v2\/product"}],"about":[{"href":"https:\/\/florsivioles.marketingempresas.es\/en\/wp-json\/wp\/v2\/types\/product"}],"wp:featuredmedia":[{"embeddable":true,"href":"https:\/\/florsivioles.marketingempresas.es\/en\/wp-json\/wp\/v2\/media\/3829"}],"wp:attachment":[{"href":"https:\/\/florsivioles.marketingempresas.es\/en\/wp-json\/wp\/v2\/media?parent=3856"}],"wp:term":[{"taxonomy":"product_brand","embeddable":true,"href":"https:\/\/florsivioles.marketingempresas.es\/en\/wp-json\/wp\/v2\/product_brand?post=3856"},{"taxonomy":"product_cat","embeddable":true,"href":"https:\/\/florsivioles.marketingempresas.es\/en\/wp-json\/wp\/v2\/product_cat?post=3856"},{"taxonomy":"product_tag","embeddable":true,"href":"https:\/\/florsivioles.marketingempresas.es\/en\/wp-json\/wp\/v2\/product_tag?post=3856"},{"taxonomy":"receta","embeddable":true,"href":"https:\/\/florsivioles.marketingempresas.es\/en\/wp-json\/wp\/v2\/taxonomy\/receta?post=3856"}],"curies":[{"name":"wp","href":"https:\/\/api.w.org\/{rel}","templated":true}]}}