{"id":3854,"date":"2022-01-28T12:33:52","date_gmt":"2022-01-28T11:33:52","guid":{"rendered":"https:\/\/florsivioles.marketingempresas.es\/?post_type=product&#038;p=3854"},"modified":"2023-11-16T11:49:00","modified_gmt":"2023-11-16T10:49:00","slug":"datil-medjool-ecologico","status":"publish","type":"product","link":"https:\/\/florsivioles.marketingempresas.es\/en\/product\/datil-medjool-ecologico\/","title":{"rendered":"Organic Medjool Dates"},"content":{"rendered":"<section class=\"elementor-section elementor-top-section elementor-element elementor-element-5c95083 elementor-section-boxed elementor-section-height-default elementor-section-height-default\" data-particle_enable=\"false\" data-particle-mobile-disabled=\"false\" data-id=\"5c95083\" data-element_type=\"section\">\n<div class=\"elementor-container elementor-column-gap-no\">\n<div class=\"elementor-column elementor-col-33 elementor-top-column elementor-element elementor-element-0129416\" data-id=\"0129416\" data-element_type=\"column\">\n<div class=\"elementor-widget-wrap elementor-element-populated\">\n<div class=\"elementor-element elementor-element-2905574 elementor-widget elementor-widget-text-editor\" data-id=\"2905574\" data-element_type=\"widget\" data-widget_type=\"text-editor.default\">\n<div class=\"elementor-widget-container\">\n<div class=\"elementor-text-editor elementor-clearfix\">\n<p>El d\u00e1til del Medjool es el fruto que ofrecen las palmeras datileras (Phoenix dactylifera). Se destaca por encima de otras variedades de d\u00e1tiles, dado que es m\u00e1s jugoso, tierno y dulce. Proviene de Irak y la antigua Persia, aunque hoy en d\u00eda se cultiva en muchas regiones como el Norte de \u00c1frica, Estados Unidos o M\u00e9xico.<\/p>\n<p>A menudo, este alimento se asocia con las frutas deshidratadas como las ciruelas o las pasas. No obstante, el d\u00e1til es un fruto fresco que se madura y se seca en la propia planta. Despu\u00e9s de esto, no necesita ning\u00fan procesado antes de envasarlo y venderlo. De todos modos, existen en el mercado d\u00e1tiles confitados y en otras preparaciones.<\/p>\n<p>Con un sabor parecido al caramelo, estos dan mucho juego en la cocina, ya que se combinan bien en preparaciones saladas y dulces. Se pueden introducir en ensaladas, macedonias, tartas o un sinf\u00edn de canap\u00e9s y aperitivos. \u00bfQuieres saber m\u00e1s sobre su valor nutritivo y sus beneficios? A continuaci\u00f3n, te compartimos todos los detalles.<\/p>\n<p>De acuerdo con las principales bases de datos alimentarios, en los d\u00e1tiles se destacan varios componentes como la fibra, las vitaminas del grupo B y los minerales como el potasio, el magnesio y el f\u00f3sforo.<\/p>\n<p>Por todas sus caracter\u00edsticas, la ingesta habitual de d\u00e1tiles presenta efectos positivos para el organismo. Sin embargo, cabe recordar que esto solo es \u00fatil cuando el consumo se realiza dentro de una dieta balanceada y saludable.<\/p>\n<p>Usar d\u00e1tiles en algunas preparaciones aporta un sabor dulce mientras se aprovechan todos sus nutrientes. Por este motivo, tambi\u00e9n son una de las mejores opciones para comer cuando apetece algo dulce. As\u00ed, se evitan otros productos como las chucher\u00edas o los snacks chocolateados.<\/p>\n<p>Los d\u00e1tiles aportan una buena cantidad de az\u00facares y carbohidratos que el cuerpo puede usar como fuente de energ\u00eda. Por esto, pueden ayudar en muchas circunstancias; por ejemplo, en personas convalecientes, ni\u00f1os en edad de crecimiento o en dietas con una gran demanda de calor\u00edas.<\/p>\n<p>Adem\u00e1s, consumir d\u00e1tiles es una opci\u00f3n c\u00f3moda y saludable antes y despu\u00e9s de los entrenamientos, o bien, como un snack en las excursiones y actividades deportivas.<\/p>\n<p>Aumentar el consumo de fibra diet\u00e9tica es una de las recomendaciones para prevenir y tratar el estre\u00f1imiento. Por un lado, favorece el paso de las heces por el tracto intestinal, a la vez que aporta viscosidad y volumen.<\/p>\n<p>Los d\u00e1tiles son una interesante fuente de antioxidantes, en su mayor parte carotenos, flavonoides y compuestos fen\u00f3licos. Suelen estar m\u00e1s concentrados en las semillas que en la pulpa.<\/p>\n<p>La funci\u00f3n principal de estos componentes es proteger al organismo frente a la acci\u00f3n de los radicales libres. Cuando se encuentran en exceso, estos pueden conducir a la aparici\u00f3n de algunas enfermedades, como problemas cardiovasculares, neurodegenerativos, diabetes o c\u00e1ncer.<\/p>\n<p>Tanto la fibra como los antioxidantes presentes en este fruto son positivos para el coraz\u00f3n. El consumo de fibra diet\u00e9tica proveniente de cereales, frutas o verduras est\u00e1 inversamente relacionado con el riesgo de padecer enfermedades coronarias.<\/p>\n<p>El d\u00e1til Medjool es un fruto grande, dulce y carnoso, que muchas personas comparan con un bomb\u00f3n. Por lo tanto, en realidad no es necesario prepararlo ni a\u00f1adir otros ingredientes para poder disfrutar de su sabor. La primera recomendaci\u00f3n es comerlo solo, como un tentempi\u00e9 o una golosina natural.<\/p>\n<p>Incluso, en los \u00faltimos a\u00f1os se ha vuelto un sustituto habitual del az\u00facar y otros endulzantes. Entero o triturado se usa para elaborar batidos, brownies, galletas, barritas energ\u00e9ticas y todo tipo de dulces y postres.<\/p>\n<p>Tambi\u00e9n es muy rico cuando se combina con ingredientes salados. Cortado en trozos peque\u00f1os aporta a las ensaladas y a las cremas de verduras un extraordinario contraste.<\/p>\n<\/div>\n<\/div>\n<\/div>\n<\/div>\n<\/div>\n<\/div>\n<\/section>\n<section class=\"elementor-section elementor-top-section elementor-element elementor-element-60e991f elementor-section-boxed elementor-section-height-default elementor-section-height-default\" data-particle_enable=\"false\" data-particle-mobile-disabled=\"false\" data-id=\"60e991f\" data-element_type=\"section\">\n<div class=\"elementor-container elementor-column-gap-no\">\n<div class=\"elementor-column elementor-col-100 elementor-top-column elementor-element elementor-element-ead24a9\" data-id=\"ead24a9\" data-element_type=\"column\">\n<div class=\"elementor-widget-wrap elementor-element-populated\">\n<div class=\"elementor-element elementor-element-96d625b elementor-hidden-phone elementor-widget elementor-widget-spacer\" data-id=\"96d625b\" data-element_type=\"widget\" data-widget_type=\"spacer.default\">\n<div class=\"elementor-widget-container\">\n<div class=\"elementor-spacer\"><\/div>\n<\/div>\n<\/div>\n<\/div>\n<\/div>\n<\/div>\n<\/section>","protected":false},"excerpt":{"rendered":"<p>200gr jar<\/p>","protected":false},"featured_media":3823,"template":"","meta":{"_uag_custom_page_level_css":""},"product_brand":[],"product_cat":[1545,27,533],"product_tag":[662,654,653,637,655,657,661,656,658],"taxonomy\/receta":[],"class_list":{"0":"post-3854","1":"product","2":"type-product","3":"status-publish","4":"has-post-thumbnail","6":"product_cat-frutos-secos-ecologicos","7":"product_cat-bio","8":"product_cat-frutos-secos-semillas-bio","9":"product_tag-datil","10":"product_tag-fritos-secos-ecologicos","11":"product_tag-frutos-secos","12":"product_tag-fuente-de-proteinas","13":"product_tag-grasas-sanas","14":"product_tag-leche-vegetal","15":"product_tag-nuez-pecana","16":"product_tag-proteinas","17":"product_tag-reposteria-vegana","18":"product_shipping_class-envio-gratuito","20":"first","21":"instock","22":"taxable","23":"shipping-taxable","24":"purchasable","25":"product-type-simple"},"uagb_featured_image_src":{"full":["https:\/\/florsivioles.marketingempresas.es\/wp-content\/uploads\/2022\/01\/FS-Datil-medjool.jpg",910,512,false],"thumbnail":["https:\/\/florsivioles.marketingempresas.es\/wp-content\/uploads\/2022\/01\/FS-Datil-medjool-150x84.jpg",150,84,true],"medium":["https:\/\/florsivioles.marketingempresas.es\/wp-content\/uploads\/2022\/01\/FS-Datil-medjool-364x205.jpg",364,205,true],"medium_large":["https:\/\/florsivioles.marketingempresas.es\/wp-content\/uploads\/2022\/01\/FS-Datil-medjool-768x432.jpg",768,432,true],"large":["https:\/\/florsivioles.marketingempresas.es\/wp-content\/uploads\/2022\/01\/FS-Datil-medjool.jpg",910,512,false],"1536x1536":["https:\/\/florsivioles.marketingempresas.es\/wp-content\/uploads\/2022\/01\/FS-Datil-medjool.jpg",910,512,false],"2048x2048":["https:\/\/florsivioles.marketingempresas.es\/wp-content\/uploads\/2022\/01\/FS-Datil-medjool.jpg",910,512,false],"trp-custom-language-flag":["https:\/\/florsivioles.marketingempresas.es\/wp-content\/uploads\/2022\/01\/FS-Datil-medjool-18x10.jpg",18,10,true],"woocommerce_thumbnail":["https:\/\/florsivioles.marketingempresas.es\/wp-content\/uploads\/2022\/01\/FS-Datil-medjool-260x260.jpg",260,260,true],"woocommerce_single":["https:\/\/florsivioles.marketingempresas.es\/wp-content\/uploads\/2022\/01\/FS-Datil-medjool-360x203.jpg",360,203,true],"woocommerce_gallery_thumbnail":["https:\/\/florsivioles.marketingempresas.es\/wp-content\/uploads\/2022\/01\/FS-Datil-medjool-100x100.jpg",100,100,true]},"uagb_author_info":{"display_name":"Christian Roig Brown","author_link":"https:\/\/florsivioles.marketingempresas.es\/en\/author\/"},"uagb_comment_info":0,"uagb_excerpt":"Envase de 200 gr.","_links":{"self":[{"href":"https:\/\/florsivioles.marketingempresas.es\/en\/wp-json\/wp\/v2\/product\/3854","targetHints":{"allow":["GET"]}}],"collection":[{"href":"https:\/\/florsivioles.marketingempresas.es\/en\/wp-json\/wp\/v2\/product"}],"about":[{"href":"https:\/\/florsivioles.marketingempresas.es\/en\/wp-json\/wp\/v2\/types\/product"}],"wp:featuredmedia":[{"embeddable":true,"href":"https:\/\/florsivioles.marketingempresas.es\/en\/wp-json\/wp\/v2\/media\/3823"}],"wp:attachment":[{"href":"https:\/\/florsivioles.marketingempresas.es\/en\/wp-json\/wp\/v2\/media?parent=3854"}],"wp:term":[{"taxonomy":"product_brand","embeddable":true,"href":"https:\/\/florsivioles.marketingempresas.es\/en\/wp-json\/wp\/v2\/product_brand?post=3854"},{"taxonomy":"product_cat","embeddable":true,"href":"https:\/\/florsivioles.marketingempresas.es\/en\/wp-json\/wp\/v2\/product_cat?post=3854"},{"taxonomy":"product_tag","embeddable":true,"href":"https:\/\/florsivioles.marketingempresas.es\/en\/wp-json\/wp\/v2\/product_tag?post=3854"},{"taxonomy":"receta","embeddable":true,"href":"https:\/\/florsivioles.marketingempresas.es\/en\/wp-json\/wp\/v2\/taxonomy\/receta?post=3854"}],"curies":[{"name":"wp","href":"https:\/\/api.w.org\/{rel}","templated":true}]}}