{"id":3849,"date":"2022-01-28T12:30:17","date_gmt":"2022-01-28T11:30:17","guid":{"rendered":"https:\/\/florsivioles.marketingempresas.es\/?post_type=product&#038;p=3849"},"modified":"2023-11-16T11:49:16","modified_gmt":"2023-11-16T10:49:16","slug":"nuez-chandler-ecologica-pelada","status":"publish","type":"product","link":"https:\/\/florsivioles.marketingempresas.es\/en\/product\/nuez-chandler-ecologica-pelada\/","title":{"rendered":"Organic peeled Chandler Walnuts"},"content":{"rendered":"<section class=\"elementor-section elementor-top-section elementor-element elementor-element-5c95083 elementor-section-boxed elementor-section-height-default elementor-section-height-default\" data-particle_enable=\"false\" data-particle-mobile-disabled=\"false\" data-id=\"5c95083\" data-element_type=\"section\">\n<div class=\"elementor-container elementor-column-gap-no\">\n<div class=\"elementor-column elementor-col-33 elementor-top-column elementor-element elementor-element-0129416\" data-id=\"0129416\" data-element_type=\"column\">\n<div class=\"elementor-widget-wrap elementor-element-populated\">\n<div class=\"elementor-element elementor-element-2905574 elementor-widget elementor-widget-text-editor\" data-id=\"2905574\" data-element_type=\"widget\" data-widget_type=\"text-editor.default\">\n<div class=\"elementor-widget-container\">\n<div class=\"elementor-text-editor elementor-clearfix\">\n<div class=\"term-image\">La nuez Chandler es el fruto del nogal y se caracteriza por su forma redondeada y su c\u00e1scara rugosa y r\u00edgida. Su fruto en el interior es la parte comestible y a continuaci\u00f3n te contamos sus propiedades, beneficios, tipolog\u00edas, usos terap\u00e9uticos,\u2026 de las nueces.<\/div>\n<div class=\"term-description\">\n<p>La ciencia atribuye numerosos beneficios para la salud al consumo de nueces. Favorece los sistemas cardiovascular, nervioso, digestivo y reproductivo, y mejora el sue\u00f1o y la memoria. Es un alimento muy nutritivo y energ\u00e9tico, siendo adecuado en dietas para bajar de peso por su capacidad para sustituir otros alimentos y su poder saciante. Adem\u00e1s, las nueces aumentan los niveles de serotonina, la cual reduce la sensaci\u00f3n de hambre y nos hace sentir de mejor humor.<\/p>\n<\/div>\n<p>La nuez es el fruto seco con m\u00e1s antioxidantes. Aporta numerosos minerales como potasio, que facilita el desarrollo muscular, zinc, que interviene en el sistema nervioso, magnesio y f\u00f3sforo. Destaca por su contenido en vitaminas del grupo B, como la vitamina B1 o tiamina y la B6 o piridoxina, que favorecen el buen funcionamiento del cerebro y los m\u00fasculos.<\/p>\n<p>Lo que las hace tan especiales es su perfil l\u00edpido con una combinaci\u00f3n de grasas y \u00e1cidos poliinsaturados que resulta muy interesante. El 90% de las grasas que contiene son insaturadas, conteniendo \u00e1cidos grasos poliinsaturados, como los omega-6 y omega-3, que ejercen un poder cardioprotector. En una raci\u00f3n de 25 g de nueces, se obtienen 1,61 g de omega-3, con lo que cubrir\u00edamos la diaria recomendada de 1,6 g para los hombres y 1,1 gr para las mujeres.<\/p>\n<p>El aporte de los \u00e1cidos grasos alfa-linol\u00e9nico (omega-3) y linoleico (omega-6) tienen efectos beneficiosos sobre los l\u00edpidos de la sangre, reducen el riesgo de arterioesclerosis y mejoran la circulaci\u00f3n.<\/p>\n<p>Seguir una dieta mediterr\u00e1nea enriquecida con 30 g de frutos secos, al menos\u00a0la mitad de ellos nueces, reduce en un 30% el riesgo de padecer enfermedades cardiovasculares.<\/p>\n<div class=\"elementor-element elementor-element-eb0fc2d elementor-widget elementor-widget-text-editor\" data-id=\"eb0fc2d\" data-element_type=\"widget\" data-widget_type=\"text-editor.default\">\n<div class=\"elementor-widget-container\">\n<div class=\"elementor-text-editor elementor-clearfix\">\n<p>Las nueces son extremadamente vers\u00e1tiles, de ah\u00ed que formen parte de ensaladas, postres, pralin\u00e9s, salsas, sopas o guisos. Frescas y sin cocinar conservan la capacidad de reducir problemas cardiovasculares, por lo que una buena idea para incorporarlas en nuestros platos de forma sencilla es consumirlas en ensaladas o platos de pasta. Tambi\u00e9n las podemos a\u00f1adir en nuestros panes o en carnes rellenas, as\u00ed como en todo tipo de salsas y guisos.<\/p>\n<p>En reposter\u00eda son utilizadas en infinidad de recetas como los bizcochos. La\u00a0nuez molida\u00a0puede servir como sustituto de la harina de trigo ya que es f\u00e1cil de a\u00f1adir a cualquier producto horneado,\u00a0acent\u00faa el sabor y mejora la capacidad de fijaci\u00f3n del agua. Las nueces son el ingrediente principal para hacer las tradicionales casadiellas, un postre t\u00edpico asturiano. Tambi\u00e9n con ellas se hace la Karydopita, un pastel griego de nueces. Adem\u00e1s, podemos aprovechar las nueces en postres fr\u00edos como un helado de pl\u00e1tano y nueces.<\/p>\n<\/div>\n<\/div>\n<\/div>\n<\/div>\n<\/div>\n<\/div>\n<\/div>\n<\/div>\n<div class=\"elementor-column elementor-col-33 elementor-top-column elementor-element elementor-element-ddf8b78\" data-id=\"ddf8b78\" data-element_type=\"column\">\n<div class=\"elementor-widget-wrap\">Este alimento que todos conocemos como uno de los frutos secos, es original de Asia y su cultivo se extendi\u00f3 despu\u00e9s a Europa y \u00c1merica. En la actualidad las nueces tienen una producci\u00f3n mundial de 1,2 toneladas aproximadamente y primer productor es China.<\/div>\n<\/div>\n<div class=\"elementor-column elementor-col-33 elementor-top-column elementor-element elementor-element-ce8e931\" data-id=\"ce8e931\" data-element_type=\"column\">\n<div class=\"elementor-widget-wrap elementor-element-populated\">\n<div class=\"elementor-element elementor-element-5f568e4 elementor-widget elementor-widget-image\" data-id=\"5f568e4\" data-element_type=\"widget\" data-widget_type=\"image.default\">\n<div class=\"elementor-widget-container\">\n<div class=\"elementor-image\"><\/div>\n<\/div>\n<\/div>\n<\/div>\n<\/div>\n<\/div>\n<\/section>\n<section class=\"elementor-section elementor-top-section elementor-element elementor-element-60e991f elementor-section-boxed elementor-section-height-default elementor-section-height-default\" data-particle_enable=\"false\" data-particle-mobile-disabled=\"false\" data-id=\"60e991f\" data-element_type=\"section\">\n<div class=\"elementor-container elementor-column-gap-no\">\n<div class=\"elementor-column elementor-col-100 elementor-top-column elementor-element elementor-element-ead24a9\" data-id=\"ead24a9\" data-element_type=\"column\">\n<div class=\"elementor-widget-wrap elementor-element-populated\">\n<div class=\"elementor-element elementor-element-96d625b elementor-hidden-phone elementor-widget elementor-widget-spacer\" data-id=\"96d625b\" data-element_type=\"widget\" data-widget_type=\"spacer.default\">\n<div class=\"elementor-widget-container\">\n<div class=\"elementor-spacer\"><\/div>\n<\/div>\n<\/div>\n<\/div>\n<\/div>\n<\/div>\n<\/section>","protected":false},"excerpt":{"rendered":"<p>125gr package<\/p>","protected":false},"featured_media":3827,"template":"","meta":{"_uag_custom_page_level_css":""},"product_brand":[],"product_cat":[1545,27,533],"product_tag":[654,653,637,655,657,656,658],"taxonomy\/receta":[],"class_list":{"0":"post-3849","1":"product","2":"type-product","3":"status-publish","4":"has-post-thumbnail","6":"product_cat-frutos-secos-ecologicos","7":"product_cat-bio","8":"product_cat-frutos-secos-semillas-bio","9":"product_tag-fritos-secos-ecologicos","10":"product_tag-frutos-secos","11":"product_tag-fuente-de-proteinas","12":"product_tag-grasas-sanas","13":"product_tag-leche-vegetal","14":"product_tag-proteinas","15":"product_tag-reposteria-vegana","16":"product_shipping_class-envio-gratuito","18":"first","19":"instock","20":"taxable","21":"shipping-taxable","22":"purchasable","23":"product-type-simple"},"uagb_featured_image_src":{"full":["https:\/\/florsivioles.marketingempresas.es\/wp-content\/uploads\/2022\/01\/FS-nueces-Peladas.jpg",1200,723,false],"thumbnail":["https:\/\/florsivioles.marketingempresas.es\/wp-content\/uploads\/2022\/01\/FS-nueces-Peladas-150x90.jpg",150,90,true],"medium":["https:\/\/florsivioles.marketingempresas.es\/wp-content\/uploads\/2022\/01\/FS-nueces-Peladas-364x219.jpg",364,219,true],"medium_large":["https:\/\/florsivioles.marketingempresas.es\/wp-content\/uploads\/2022\/01\/FS-nueces-Peladas-768x463.jpg",768,463,true],"large":["https:\/\/florsivioles.marketingempresas.es\/wp-content\/uploads\/2022\/01\/FS-nueces-Peladas-1024x617.jpg",1024,617,true],"1536x1536":["https:\/\/florsivioles.marketingempresas.es\/wp-content\/uploads\/2022\/01\/FS-nueces-Peladas.jpg",1200,723,false],"2048x2048":["https:\/\/florsivioles.marketingempresas.es\/wp-content\/uploads\/2022\/01\/FS-nueces-Peladas.jpg",1200,723,false],"trp-custom-language-flag":["https:\/\/florsivioles.marketingempresas.es\/wp-content\/uploads\/2022\/01\/FS-nueces-Peladas-18x12.jpg",18,12,true],"woocommerce_thumbnail":["https:\/\/florsivioles.marketingempresas.es\/wp-content\/uploads\/2022\/01\/FS-nueces-Peladas-260x260.jpg",260,260,true],"woocommerce_single":["https:\/\/florsivioles.marketingempresas.es\/wp-content\/uploads\/2022\/01\/FS-nueces-Peladas-360x217.jpg",360,217,true],"woocommerce_gallery_thumbnail":["https:\/\/florsivioles.marketingempresas.es\/wp-content\/uploads\/2022\/01\/FS-nueces-Peladas-100x100.jpg",100,100,true]},"uagb_author_info":{"display_name":"Christian Roig Brown","author_link":"https:\/\/florsivioles.marketingempresas.es\/en\/author\/"},"uagb_comment_info":0,"uagb_excerpt":"Envase de 125 gr.","_links":{"self":[{"href":"https:\/\/florsivioles.marketingempresas.es\/en\/wp-json\/wp\/v2\/product\/3849","targetHints":{"allow":["GET"]}}],"collection":[{"href":"https:\/\/florsivioles.marketingempresas.es\/en\/wp-json\/wp\/v2\/product"}],"about":[{"href":"https:\/\/florsivioles.marketingempresas.es\/en\/wp-json\/wp\/v2\/types\/product"}],"wp:featuredmedia":[{"embeddable":true,"href":"https:\/\/florsivioles.marketingempresas.es\/en\/wp-json\/wp\/v2\/media\/3827"}],"wp:attachment":[{"href":"https:\/\/florsivioles.marketingempresas.es\/en\/wp-json\/wp\/v2\/media?parent=3849"}],"wp:term":[{"taxonomy":"product_brand","embeddable":true,"href":"https:\/\/florsivioles.marketingempresas.es\/en\/wp-json\/wp\/v2\/product_brand?post=3849"},{"taxonomy":"product_cat","embeddable":true,"href":"https:\/\/florsivioles.marketingempresas.es\/en\/wp-json\/wp\/v2\/product_cat?post=3849"},{"taxonomy":"product_tag","embeddable":true,"href":"https:\/\/florsivioles.marketingempresas.es\/en\/wp-json\/wp\/v2\/product_tag?post=3849"},{"taxonomy":"receta","embeddable":true,"href":"https:\/\/florsivioles.marketingempresas.es\/en\/wp-json\/wp\/v2\/taxonomy\/receta?post=3849"}],"curies":[{"name":"wp","href":"https:\/\/api.w.org\/{rel}","templated":true}]}}