{"id":3834,"date":"2022-01-28T12:38:23","date_gmt":"2022-01-28T11:38:23","guid":{"rendered":"https:\/\/florsivioles.marketingempresas.es\/?post_type=product&#038;p=3834"},"modified":"2023-11-16T11:48:16","modified_gmt":"2023-11-16T10:48:16","slug":"avellana-pelada-ecologica","status":"publish","type":"product","link":"https:\/\/florsivioles.marketingempresas.es\/en\/product\/avellana-pelada-ecologica\/","title":{"rendered":"Organic peeled Hazelnut"},"content":{"rendered":"<p>Las avellanas son un fruto seco y oleaginoso que poseen una c\u00e1scara lisa y por dentro una semilla comestible, siendo\u00a0una excelente fuente de energ\u00eda por su\u00a0elevado contenido de grasas, as\u00ed como de prote\u00ednas.<\/p>\n<p>Las avellanas poseen diversos beneficios para la salud por ser ricas en fibras, hierro, f\u00f3sforo, \u00e1cido f\u00f3lico, calcio, magnesio y vitaminas del complejo B, ayudando a disminuir el colesterol malo, prevenir la anemia, cuidar de la salud \u00f3sea y favorecer el metabolismo del h\u00edgado.<\/p>\n<p>Por ser ricas en grasas buenas y\u00a0fibras, las avellanas ayudan a disminuir el colesterol malo LDL, los triglic\u00e9ridos y aumentar el colesterol bueno HDL. Asimismo, gracias a su contenido de vitamina E, un potente antioxidante, favorece la disminuci\u00f3n de la inflamaci\u00f3n en el organismo, disminuyendo el riesgo de sufrir enfermedades cardiovasculares.<\/p>\n<p>Adem\u00e1s de esto, gracias a su aporte de magnesio, \u00e1cido f\u00f3lico y de potasio, las avellanas tambi\u00e9n podr\u00edan ayudar a controlar la presi\u00f3n arterial, debido a que ayudan a mantener la salud de los vasos sangu\u00edneos.<\/p>\n<p>Las avellanas son ricas en \u00e1cido f\u00f3lico, magnesio, zinc , los cuales son micronutrientes que son necesarios para la transmisi\u00f3n de impulsos nerviosos, aumentando la capacidad de memoria y aprendizaje, siendo beneficioso para los ni\u00f1os en edad escolar, as\u00ed como para los ancianos que poseen fallas en la memoria.<\/p>\n<p>Debido a su contenido de fibras y a los nutrientes que posee, como el \u00e1cido oleico y el magnesio, por ejemplo, el consumo de avellanas ayuda a reducir y controlar el az\u00facar en la sangre, aumentando la sensibilidad a la insulina, pudiendo ser consumidas por persona diab\u00e9ticas durante una merienda, por ejemplo.<\/p>\n<p>Las avellanas son un fruto seco que aportan una buena cantidad de\u00a0fibra, esto hace con que se genere\u00a0mayor sensaci\u00f3n de saciedad, por lo que consumirlas en peque\u00f1as cantidades en las meriendas o en las ensaladas, por ejemplo, podr\u00edan favorecer la p\u00e9rdida de peso.\u00a0Se recomienda consumir un aproximado de 30 gramos.<\/p>\n<p>Las avellanas contienen una elevada concentraci\u00f3n de antioxidantes, vitaminas y minerales que pueden ofrecer algunas propiedades anticancer\u00edgenas. Estos frutos secos poseen un antioxidante conocido como proantocianidinas, los cuales protegen contra el estr\u00e9s oxidativo.<\/p>\n<p>Adem\u00e1s de esto, su contenido de vitamina E y de manganeso protegen contra el da\u00f1o de las c\u00e9lulas que podr\u00edan causan c\u00e1ncer, disminuyendo as\u00ed su riesgo.<\/p>","protected":false},"excerpt":{"rendered":"<p>120 gr package<\/p>","protected":false},"featured_media":3835,"template":"","meta":{"_uag_custom_page_level_css":""},"product_brand":[],"product_cat":[1545,27,533],"product_tag":[654,653,637,655,657,656,658],"taxonomy\/receta":[],"class_list":{"0":"post-3834","1":"product","2":"type-product","3":"status-publish","4":"has-post-thumbnail","6":"product_cat-frutos-secos-ecologicos","7":"product_cat-bio","8":"product_cat-frutos-secos-semillas-bio","9":"product_tag-fritos-secos-ecologicos","10":"product_tag-frutos-secos","11":"product_tag-fuente-de-proteinas","12":"product_tag-grasas-sanas","13":"product_tag-leche-vegetal","14":"product_tag-proteinas","15":"product_tag-reposteria-vegana","16":"product_shipping_class-envio-gratuito","18":"first","19":"instock","20":"taxable","21":"shipping-taxable","22":"purchasable","23":"product-type-simple"},"uagb_featured_image_src":{"full":["https:\/\/florsivioles.marketingempresas.es\/wp-content\/uploads\/2022\/01\/FS-avellana-pelada.jpg",640,427,false],"thumbnail":["https:\/\/florsivioles.marketingempresas.es\/wp-content\/uploads\/2022\/01\/FS-avellana-pelada-150x100.jpg",150,100,true],"medium":["https:\/\/florsivioles.marketingempresas.es\/wp-content\/uploads\/2022\/01\/FS-avellana-pelada-364x243.jpg",364,243,true],"medium_large":["https:\/\/florsivioles.marketingempresas.es\/wp-content\/uploads\/2022\/01\/FS-avellana-pelada.jpg",640,427,false],"large":["https:\/\/florsivioles.marketingempresas.es\/wp-content\/uploads\/2022\/01\/FS-avellana-pelada.jpg",640,427,false],"1536x1536":["https:\/\/florsivioles.marketingempresas.es\/wp-content\/uploads\/2022\/01\/FS-avellana-pelada.jpg",640,427,false],"2048x2048":["https:\/\/florsivioles.marketingempresas.es\/wp-content\/uploads\/2022\/01\/FS-avellana-pelada.jpg",640,427,false],"trp-custom-language-flag":["https:\/\/florsivioles.marketingempresas.es\/wp-content\/uploads\/2022\/01\/FS-avellana-pelada-18x12.jpg",18,12,true],"woocommerce_thumbnail":["https:\/\/florsivioles.marketingempresas.es\/wp-content\/uploads\/2022\/01\/FS-avellana-pelada-260x260.jpg",260,260,true],"woocommerce_single":["https:\/\/florsivioles.marketingempresas.es\/wp-content\/uploads\/2022\/01\/FS-avellana-pelada-360x240.jpg",360,240,true],"woocommerce_gallery_thumbnail":["https:\/\/florsivioles.marketingempresas.es\/wp-content\/uploads\/2022\/01\/FS-avellana-pelada-100x100.jpg",100,100,true]},"uagb_author_info":{"display_name":"Christian Roig Brown","author_link":"https:\/\/florsivioles.marketingempresas.es\/en\/author\/"},"uagb_comment_info":0,"uagb_excerpt":"Envase de 120 gr.","_links":{"self":[{"href":"https:\/\/florsivioles.marketingempresas.es\/en\/wp-json\/wp\/v2\/product\/3834","targetHints":{"allow":["GET"]}}],"collection":[{"href":"https:\/\/florsivioles.marketingempresas.es\/en\/wp-json\/wp\/v2\/product"}],"about":[{"href":"https:\/\/florsivioles.marketingempresas.es\/en\/wp-json\/wp\/v2\/types\/product"}],"wp:featuredmedia":[{"embeddable":true,"href":"https:\/\/florsivioles.marketingempresas.es\/en\/wp-json\/wp\/v2\/media\/3835"}],"wp:attachment":[{"href":"https:\/\/florsivioles.marketingempresas.es\/en\/wp-json\/wp\/v2\/media?parent=3834"}],"wp:term":[{"taxonomy":"product_brand","embeddable":true,"href":"https:\/\/florsivioles.marketingempresas.es\/en\/wp-json\/wp\/v2\/product_brand?post=3834"},{"taxonomy":"product_cat","embeddable":true,"href":"https:\/\/florsivioles.marketingempresas.es\/en\/wp-json\/wp\/v2\/product_cat?post=3834"},{"taxonomy":"product_tag","embeddable":true,"href":"https:\/\/florsivioles.marketingempresas.es\/en\/wp-json\/wp\/v2\/product_tag?post=3834"},{"taxonomy":"receta","embeddable":true,"href":"https:\/\/florsivioles.marketingempresas.es\/en\/wp-json\/wp\/v2\/taxonomy\/receta?post=3834"}],"curies":[{"name":"wp","href":"https:\/\/api.w.org\/{rel}","templated":true}]}}