{"id":3832,"date":"2022-01-28T12:39:52","date_gmt":"2022-01-28T11:39:52","guid":{"rendered":"https:\/\/florsivioles.marketingempresas.es\/?post_type=product&#038;p=3832"},"modified":"2023-11-16T11:48:08","modified_gmt":"2023-11-16T10:48:08","slug":"anacardo-crudo-ecologico","status":"publish","type":"product","link":"https:\/\/florsivioles.marketingempresas.es\/en\/product\/anacardo-crudo-ecologico\/","title":{"rendered":"Organic raw Cashew"},"content":{"rendered":"<p>Los anacardos, tambi\u00e9n conocidos como nuez de la India o mara\u00f1\u00f3n, son el nuevo fruto seco de moda. Sin embargo, no se trata de un fruto seco, sino que es mas bien una semilla que curiosamente llega siempre a nuestras manos pelada, y en ocasiones, tostada.<\/p>\n<p>El anacardo pertenece a la familia Anacardiaceae, un extenso \u00e1rbol geneal\u00f3gico que incluye cerca de 60 g\u00e9neros y 400 especies. Adem\u00e1s, guarda parentesco con el mango y el pistacho. Este alimento crece a la vera de un pseudofruto con apariencia similar a una \u00f1ora de color naranja con el que, adem\u00e1s, se fabrican mermeladas y que es conocido como mara\u00f1\u00f3n, cojote, manzana de acaj\u00fa, merey o ciruela dorada.<\/p>\n<p>La raci\u00f3n recomendada de anacardos es de unos 30 gramos que se corresponden con unas 18-20 semillas. Esta cantidad aporta 172 calor\u00edas, 14 g de grasa, 4,6 g de prote\u00ednas, casi 10 g de hidratos de carbono y 1 g de fibra.\u00a0Muchas personas evitan los frutos secos debido a su contenido graso, pero todos tienen un lugar en una dieta sana si se consumen en cantidades adecuadas. El anacardo destaca como uno de los m\u00e1s sanos debido a su perfil nutritivo.<\/p>\n<p>La cantidad total de grasa es menor que en las almendras o las nueces y las proporciones de \u00e1cidos grasos saturados, monoinsaturados y poliinsaturados se acerca mucho a la ratio 1:2:1 que los nutricionistas consideran ideal.<\/p>\n<p>Esto quiere decir que posee el doble o m\u00e1s de \u00e1cidos grasos monoinsaturados, como los del aceite de oliva, los m\u00e1s beneficiosos para el sistema cardiovascular, que poliinsaturados y saturados.<\/p>\n<p>El cobre y el magnesio, dos minerales que escasean en la dieta de muchas personas, se hallan en abundancia en el anarcado. El cobre participa en la formaci\u00f3n de los gl\u00f3bulos rojos, en el mantenimiento de las estructuras de los vasos sangu\u00edneos, los nervios, los huesos, el cabello y la piel, en la producci\u00f3n de energ\u00eda a partir de los nutrientes, y sobre todo en el funcionamiento del sistema inmunitario.<\/p>\n<p>En cuanto al magnesio, un mineral esencial para los sistemas nervioso y m\u00fasculo-esquel\u00e9tico, un pu\u00f1ado de anacardos cubre hasta el 26% de las necesidades diarias.\u00a0Adem\u00e1s de cobre y magnesio, el anacardo contiene proporciones significativas de hierro (el 9% de las necesidades diarias en una raci\u00f3n de 30 g), zinc (20%), f\u00f3sforo (20%) y selenio (10%).<\/p>\n<p>El hierro es esencial para el transporte del ox\u00edgeno a todas las c\u00e9lulas, mientras que el cinc y el selenio colaboran con las defensas en la eliminaci\u00f3n de virus, bacterias pat\u00f3genas, radicales libres y c\u00e9lulas precancer\u00edgenas.<\/p>\n<p>Cada 100 g aportan 15 g de prote\u00ednas, por lo que una raci\u00f3n proporciona en torno al 10 por ciento de las necesidades diarias.\u00a0Pero lo m\u00e1s interesante es que los amino\u00e1cidos se hallan en las proporciones ideales para su asimilaci\u00f3n, como en el caso de las prote\u00ednas de origen animal o de la soja. As\u00ed favorecen la perfecta regeneraci\u00f3n de los tejidos y el desarrollo de los procesos fisiol\u00f3gicos.<\/p>\n<p>Adem\u00e1s destaca la proporci\u00f3n de tript\u00f3fano, que en el anacardo es m\u00e1s alta que en cualquier otro alimento: en 30 g hay 72 mg de tript\u00f3fano.<\/p>","protected":false},"excerpt":{"rendered":"<p>250ml container<\/p>","protected":false},"featured_media":3819,"template":"","meta":{"_uag_custom_page_level_css":""},"product_brand":[],"product_cat":[1545,27,533],"product_tag":[654,653,637,655,657,656,658],"taxonomy\/receta":[],"class_list":{"0":"post-3832","1":"product","2":"type-product","3":"status-publish","4":"has-post-thumbnail","6":"product_cat-frutos-secos-ecologicos","7":"product_cat-bio","8":"product_cat-frutos-secos-semillas-bio","9":"product_tag-fritos-secos-ecologicos","10":"product_tag-frutos-secos","11":"product_tag-fuente-de-proteinas","12":"product_tag-grasas-sanas","13":"product_tag-leche-vegetal","14":"product_tag-proteinas","15":"product_tag-reposteria-vegana","16":"product_shipping_class-envio-gratuito","18":"first","19":"instock","20":"taxable","21":"shipping-taxable","22":"purchasable","23":"product-type-simple"},"uagb_featured_image_src":{"full":["https:\/\/florsivioles.marketingempresas.es\/wp-content\/uploads\/2022\/01\/FS-anacardo.jpg",745,745,false],"thumbnail":["https:\/\/florsivioles.marketingempresas.es\/wp-content\/uploads\/2022\/01\/FS-anacardo-150x150.jpg",150,150,true],"medium":["https:\/\/florsivioles.marketingempresas.es\/wp-content\/uploads\/2022\/01\/FS-anacardo-364x364.jpg",364,364,true],"medium_large":["https:\/\/florsivioles.marketingempresas.es\/wp-content\/uploads\/2022\/01\/FS-anacardo.jpg",745,745,false],"large":["https:\/\/florsivioles.marketingempresas.es\/wp-content\/uploads\/2022\/01\/FS-anacardo.jpg",745,745,false],"1536x1536":["https:\/\/florsivioles.marketingempresas.es\/wp-content\/uploads\/2022\/01\/FS-anacardo.jpg",745,745,false],"2048x2048":["https:\/\/florsivioles.marketingempresas.es\/wp-content\/uploads\/2022\/01\/FS-anacardo.jpg",745,745,false],"trp-custom-language-flag":["https:\/\/florsivioles.marketingempresas.es\/wp-content\/uploads\/2022\/01\/FS-anacardo-12x12.jpg",12,12,true],"woocommerce_thumbnail":["https:\/\/florsivioles.marketingempresas.es\/wp-content\/uploads\/2022\/01\/FS-anacardo-260x260.jpg",260,260,true],"woocommerce_single":["https:\/\/florsivioles.marketingempresas.es\/wp-content\/uploads\/2022\/01\/FS-anacardo-360x360.jpg",360,360,true],"woocommerce_gallery_thumbnail":["https:\/\/florsivioles.marketingempresas.es\/wp-content\/uploads\/2022\/01\/FS-anacardo-100x100.jpg",100,100,true]},"uagb_author_info":{"display_name":"Christian Roig Brown","author_link":"https:\/\/florsivioles.marketingempresas.es\/en\/author\/"},"uagb_comment_info":0,"uagb_excerpt":"Envase de 250 gr.","_links":{"self":[{"href":"https:\/\/florsivioles.marketingempresas.es\/en\/wp-json\/wp\/v2\/product\/3832","targetHints":{"allow":["GET"]}}],"collection":[{"href":"https:\/\/florsivioles.marketingempresas.es\/en\/wp-json\/wp\/v2\/product"}],"about":[{"href":"https:\/\/florsivioles.marketingempresas.es\/en\/wp-json\/wp\/v2\/types\/product"}],"wp:featuredmedia":[{"embeddable":true,"href":"https:\/\/florsivioles.marketingempresas.es\/en\/wp-json\/wp\/v2\/media\/3819"}],"wp:attachment":[{"href":"https:\/\/florsivioles.marketingempresas.es\/en\/wp-json\/wp\/v2\/media?parent=3832"}],"wp:term":[{"taxonomy":"product_brand","embeddable":true,"href":"https:\/\/florsivioles.marketingempresas.es\/en\/wp-json\/wp\/v2\/product_brand?post=3832"},{"taxonomy":"product_cat","embeddable":true,"href":"https:\/\/florsivioles.marketingempresas.es\/en\/wp-json\/wp\/v2\/product_cat?post=3832"},{"taxonomy":"product_tag","embeddable":true,"href":"https:\/\/florsivioles.marketingempresas.es\/en\/wp-json\/wp\/v2\/product_tag?post=3832"},{"taxonomy":"receta","embeddable":true,"href":"https:\/\/florsivioles.marketingempresas.es\/en\/wp-json\/wp\/v2\/taxonomy\/receta?post=3832"}],"curies":[{"name":"wp","href":"https:\/\/api.w.org\/{rel}","templated":true}]}}