{"id":3784,"date":"2022-11-23T08:49:05","date_gmt":"2022-11-23T07:49:05","guid":{"rendered":"https:\/\/florsivioles.marketingempresas.es\/?post_type=product&#038;p=3784"},"modified":"2023-11-16T11:34:01","modified_gmt":"2023-11-16T10:34:01","slug":"cuscus-integral-ecologico","status":"publish","type":"product","link":"https:\/\/florsivioles.marketingempresas.es\/en\/product\/cuscus-integral-ecologico\/","title":{"rendered":"Organic Wholemeal Couscous"},"content":{"rendered":"<p>El cusc\u00fas integral ecol\u00f3gico es una s\u00e9mola de trigo de grano duro, de color marr\u00f3n claro y que se presenta en forma de granos. Es un alimento muy nutritivo, ya que aporta una gran cantidad de hidratos de carbono es un alimento ideal para aportar energ\u00eda a nuestro organismo.<\/p>\n<p>El cusc\u00fas integral ecol\u00f3gico es un alimento que pasa a la sangre de forma lenta y gradual por lo que se convierte en un alimento muy interesante para personas con diabetes y deportistas. Por otro lado, el cusc\u00fas integral ecol\u00f3gico aporta prote\u00ednas, sobre todo en forma de gluten, y es un alimento muy bajo en grasas.<\/p>\n<p>Adem\u00e1s, el cusc\u00fas integral ecol\u00f3gico aporta gran cantidad de fibra, esencial para regular el tr\u00e1nsito intestinal. Es muy rico en vitaminas del grupo B y grupo E.<\/p>","protected":false},"excerpt":{"rendered":"<p>500gr package<\/p>","protected":false},"featured_media":6667,"template":"","meta":{"_uag_custom_page_level_css":""},"product_brand":[],"product_cat":[27,49,1543],"product_tag":[],"taxonomy\/receta":[],"class_list":{"0":"post-3784","1":"product","2":"type-product","3":"status-publish","4":"has-post-thumbnail","6":"product_cat-bio","7":"product_cat-arroces-legumbres-cereales-bio","8":"product_cat-cereales-ecologicos","9":"product_shipping_class-envio-gratuito","11":"first","12":"instock","13":"taxable","14":"shipping-taxable","15":"purchasable","16":"product-type-simple"},"uagb_featured_image_src":{"full":["https:\/\/florsivioles.marketingempresas.es\/wp-content\/uploads\/2022\/11\/Cuscus-Integral-Ecologico-Flors-i-Violes.jpg",640,554,false],"thumbnail":["https:\/\/florsivioles.marketingempresas.es\/wp-content\/uploads\/2022\/11\/Cuscus-Integral-Ecologico-Flors-i-Violes-150x130.jpg",150,130,true],"medium":["https:\/\/florsivioles.marketingempresas.es\/wp-content\/uploads\/2022\/11\/Cuscus-Integral-Ecologico-Flors-i-Violes-364x315.jpg",364,315,true],"medium_large":["https:\/\/florsivioles.marketingempresas.es\/wp-content\/uploads\/2022\/11\/Cuscus-Integral-Ecologico-Flors-i-Violes.jpg",640,554,false],"large":["https:\/\/florsivioles.marketingempresas.es\/wp-content\/uploads\/2022\/11\/Cuscus-Integral-Ecologico-Flors-i-Violes.jpg",640,554,false],"1536x1536":["https:\/\/florsivioles.marketingempresas.es\/wp-content\/uploads\/2022\/11\/Cuscus-Integral-Ecologico-Flors-i-Violes.jpg",640,554,false],"2048x2048":["https:\/\/florsivioles.marketingempresas.es\/wp-content\/uploads\/2022\/11\/Cuscus-Integral-Ecologico-Flors-i-Violes.jpg",640,554,false],"trp-custom-language-flag":["https:\/\/florsivioles.marketingempresas.es\/wp-content\/uploads\/2022\/11\/Cuscus-Integral-Ecologico-Flors-i-Violes-14x12.jpg",14,12,true],"woocommerce_thumbnail":["https:\/\/florsivioles.marketingempresas.es\/wp-content\/uploads\/2022\/11\/Cuscus-Integral-Ecologico-Flors-i-Violes-260x260.jpg",260,260,true],"woocommerce_single":["https:\/\/florsivioles.marketingempresas.es\/wp-content\/uploads\/2022\/11\/Cuscus-Integral-Ecologico-Flors-i-Violes-360x312.jpg",360,312,true],"woocommerce_gallery_thumbnail":["https:\/\/florsivioles.marketingempresas.es\/wp-content\/uploads\/2022\/11\/Cuscus-Integral-Ecologico-Flors-i-Violes-100x100.jpg",100,100,true]},"uagb_author_info":{"display_name":"Christian Roig Brown","author_link":"https:\/\/florsivioles.marketingempresas.es\/en\/author\/"},"uagb_comment_info":0,"uagb_excerpt":"Envase de 500 gr.","_links":{"self":[{"href":"https:\/\/florsivioles.marketingempresas.es\/en\/wp-json\/wp\/v2\/product\/3784","targetHints":{"allow":["GET"]}}],"collection":[{"href":"https:\/\/florsivioles.marketingempresas.es\/en\/wp-json\/wp\/v2\/product"}],"about":[{"href":"https:\/\/florsivioles.marketingempresas.es\/en\/wp-json\/wp\/v2\/types\/product"}],"wp:featuredmedia":[{"embeddable":true,"href":"https:\/\/florsivioles.marketingempresas.es\/en\/wp-json\/wp\/v2\/media\/6667"}],"wp:attachment":[{"href":"https:\/\/florsivioles.marketingempresas.es\/en\/wp-json\/wp\/v2\/media?parent=3784"}],"wp:term":[{"taxonomy":"product_brand","embeddable":true,"href":"https:\/\/florsivioles.marketingempresas.es\/en\/wp-json\/wp\/v2\/product_brand?post=3784"},{"taxonomy":"product_cat","embeddable":true,"href":"https:\/\/florsivioles.marketingempresas.es\/en\/wp-json\/wp\/v2\/product_cat?post=3784"},{"taxonomy":"product_tag","embeddable":true,"href":"https:\/\/florsivioles.marketingempresas.es\/en\/wp-json\/wp\/v2\/product_tag?post=3784"},{"taxonomy":"receta","embeddable":true,"href":"https:\/\/florsivioles.marketingempresas.es\/en\/wp-json\/wp\/v2\/taxonomy\/receta?post=3784"}],"curies":[{"name":"wp","href":"https:\/\/api.w.org\/{rel}","templated":true}]}}