{"id":3742,"date":"2022-03-08T18:13:17","date_gmt":"2022-03-08T17:13:17","guid":{"rendered":"https:\/\/florsivioles.marketingempresas.es\/?post_type=product&#038;p=3742"},"modified":"2023-07-25T20:12:41","modified_gmt":"2023-07-25T18:12:41","slug":"ghee-ecologico","status":"publish","type":"product","link":"https:\/\/florsivioles.marketingempresas.es\/en\/product\/ghee-ecologico\/","title":{"rendered":"Organic Ghee"},"content":{"rendered":"<p>El Ghee ecol\u00f3gico de Easy es una mantequilla clarificada, que se extrae al separar a bajas temperaturas la mantequilla (sin sal) de todos los s\u00f3lidos de la leche. La Mantequilla clarificada Ghee es un alimento muy nutritivo, ya que contiene vitaminas liposolubles y al mismo tiempo ayuda a la digesti\u00f3n y absorci\u00f3n de otros nutrientes presentes en los alimentos. Es rico en vitaminas esenciales para la salud, como la vitamina A, D, E y K; implicadas en la correcta mineralizaci\u00f3n de los huesos, potente antioxidante y esenciales para la coagulaci\u00f3n.<\/p>\n<p>La Mantequilla Ghee procede de agricultura ecol\u00f3gica, libre de lactosa y proveniente de ganado alimentado de pastos<\/p>\n<p>Resulta ideal para la cocina. Gracias a su alto punto de ahumado (la temperatura a la que la grasa comienza a humear en la sart\u00e9n es de 250 \u00b0 C) es excelente para fre\u00edr, dorar y sofre\u00edr a altas temperaturas. El Ghee no requiere de refrigeraci\u00f3n y de acuerdo a la tradici\u00f3n ayurv\u00e9dica, mientras m\u00e1s antiguo, mayores son sus propiedades medicinales.<\/p>\n<p>Puede conservarse fuera de la nevera, en un lugar oscuro.<\/p>","protected":false},"excerpt":{"rendered":"<p>100gr container<\/p>","protected":false},"featured_media":6758,"template":"","meta":{"_uag_custom_page_level_css":""},"product_brand":[],"product_cat":[27,527],"product_tag":[612,613,614],"taxonomy\/receta":[],"class_list":{"0":"post-3742","1":"product","2":"type-product","3":"status-publish","4":"has-post-thumbnail","6":"product_cat-bio","7":"product_cat-lacteos-ecologicos","8":"product_tag-ghee","9":"product_tag-ghee-ecologico","10":"product_tag-mantequilla-clarificada","11":"product_shipping_class-envio-gratuito","13":"first","14":"instock","15":"taxable","16":"shipping-taxable","17":"purchasable","18":"product-type-simple"},"uagb_featured_image_src":{"full":["https:\/\/florsivioles.marketingempresas.es\/wp-content\/uploads\/2022\/03\/Ghee-Ecologico-Flors-i-Violes.jpg",640,554,false],"thumbnail":["https:\/\/florsivioles.marketingempresas.es\/wp-content\/uploads\/2022\/03\/Ghee-Ecologico-Flors-i-Violes-150x130.jpg",150,130,true],"medium":["https:\/\/florsivioles.marketingempresas.es\/wp-content\/uploads\/2022\/03\/Ghee-Ecologico-Flors-i-Violes-364x315.jpg",364,315,true],"medium_large":["https:\/\/florsivioles.marketingempresas.es\/wp-content\/uploads\/2022\/03\/Ghee-Ecologico-Flors-i-Violes.jpg",640,554,false],"large":["https:\/\/florsivioles.marketingempresas.es\/wp-content\/uploads\/2022\/03\/Ghee-Ecologico-Flors-i-Violes.jpg",640,554,false],"1536x1536":["https:\/\/florsivioles.marketingempresas.es\/wp-content\/uploads\/2022\/03\/Ghee-Ecologico-Flors-i-Violes.jpg",640,554,false],"2048x2048":["https:\/\/florsivioles.marketingempresas.es\/wp-content\/uploads\/2022\/03\/Ghee-Ecologico-Flors-i-Violes.jpg",640,554,false],"trp-custom-language-flag":["https:\/\/florsivioles.marketingempresas.es\/wp-content\/uploads\/2022\/03\/Ghee-Ecologico-Flors-i-Violes-14x12.jpg",14,12,true],"woocommerce_thumbnail":["https:\/\/florsivioles.marketingempresas.es\/wp-content\/uploads\/2022\/03\/Ghee-Ecologico-Flors-i-Violes-260x260.jpg",260,260,true],"woocommerce_single":["https:\/\/florsivioles.marketingempresas.es\/wp-content\/uploads\/2022\/03\/Ghee-Ecologico-Flors-i-Violes-360x312.jpg",360,312,true],"woocommerce_gallery_thumbnail":["https:\/\/florsivioles.marketingempresas.es\/wp-content\/uploads\/2022\/03\/Ghee-Ecologico-Flors-i-Violes-100x100.jpg",100,100,true]},"uagb_author_info":{"display_name":"Christian Roig Brown","author_link":"https:\/\/florsivioles.marketingempresas.es\/en\/author\/"},"uagb_comment_info":0,"uagb_excerpt":"Envase de 100 gr.","_links":{"self":[{"href":"https:\/\/florsivioles.marketingempresas.es\/en\/wp-json\/wp\/v2\/product\/3742","targetHints":{"allow":["GET"]}}],"collection":[{"href":"https:\/\/florsivioles.marketingempresas.es\/en\/wp-json\/wp\/v2\/product"}],"about":[{"href":"https:\/\/florsivioles.marketingempresas.es\/en\/wp-json\/wp\/v2\/types\/product"}],"wp:featuredmedia":[{"embeddable":true,"href":"https:\/\/florsivioles.marketingempresas.es\/en\/wp-json\/wp\/v2\/media\/6758"}],"wp:attachment":[{"href":"https:\/\/florsivioles.marketingempresas.es\/en\/wp-json\/wp\/v2\/media?parent=3742"}],"wp:term":[{"taxonomy":"product_brand","embeddable":true,"href":"https:\/\/florsivioles.marketingempresas.es\/en\/wp-json\/wp\/v2\/product_brand?post=3742"},{"taxonomy":"product_cat","embeddable":true,"href":"https:\/\/florsivioles.marketingempresas.es\/en\/wp-json\/wp\/v2\/product_cat?post=3742"},{"taxonomy":"product_tag","embeddable":true,"href":"https:\/\/florsivioles.marketingempresas.es\/en\/wp-json\/wp\/v2\/product_tag?post=3742"},{"taxonomy":"receta","embeddable":true,"href":"https:\/\/florsivioles.marketingempresas.es\/en\/wp-json\/wp\/v2\/taxonomy\/receta?post=3742"}],"curies":[{"name":"wp","href":"https:\/\/api.w.org\/{rel}","templated":true}]}}