{"id":3728,"date":"2022-03-09T13:15:08","date_gmt":"2022-03-09T12:15:08","guid":{"rendered":"https:\/\/florsivioles.marketingempresas.es\/?post_type=product&#038;p=3728"},"modified":"2023-07-25T19:42:20","modified_gmt":"2023-07-25T17:42:20","slug":"pate-de-calabaza-con-curry","status":"publish","type":"product","link":"https:\/\/florsivioles.marketingempresas.es\/en\/product\/pate-de-calabaza-con-curry\/","title":{"rendered":"Pumpkin P\u00e2t\u00e9 with Curry"},"content":{"rendered":"<p>Sabroso pat\u00e9 ecol\u00f3gico de Calabaza con curry.<\/p>\n<p>Ingredientes: Calabaza * 42%, agua, jarabe de agave * 10%, concentrado de manzana * 2%, semillas de girasol *, curry * 1,7%, zumo de lim\u00f3n *, sal marina, pimienta negra *, agar- agar *\u201d<\/p>","protected":false},"excerpt":{"rendered":"<p>110gr container<\/p>","protected":false},"featured_media":3722,"template":"","meta":{"_uag_custom_page_level_css":""},"product_brand":[],"product_cat":[27,536],"product_tag":[133,462,608],"taxonomy\/receta":[],"class_list":{"0":"post-3728","1":"product","2":"type-product","3":"status-publish","4":"has-post-thumbnail","6":"product_cat-bio","7":"product_cat-conservas-pates-bio","8":"product_tag-free-delivery","9":"product_tag-pate-ecologico","10":"product_tag-setas-y-trufas","11":"product_shipping_class-envio-gratuito","13":"first","14":"instock","15":"taxable","16":"shipping-taxable","17":"purchasable","18":"product-type-simple"},"uagb_featured_image_src":{"full":["https:\/\/florsivioles.marketingempresas.es\/wp-content\/uploads\/2021\/03\/pate-de-calabaza-y-curry.jpg",1288,1344,false],"thumbnail":["https:\/\/florsivioles.marketingempresas.es\/wp-content\/uploads\/2021\/03\/pate-de-calabaza-y-curry-144x150.jpg",144,150,true],"medium":["https:\/\/florsivioles.marketingempresas.es\/wp-content\/uploads\/2021\/03\/pate-de-calabaza-y-curry-349x364.jpg",349,364,true],"medium_large":["https:\/\/florsivioles.marketingempresas.es\/wp-content\/uploads\/2021\/03\/pate-de-calabaza-y-curry-768x801.jpg",768,801,true],"large":["https:\/\/florsivioles.marketingempresas.es\/wp-content\/uploads\/2021\/03\/pate-de-calabaza-y-curry-981x1024.jpg",981,1024,true],"1536x1536":["https:\/\/florsivioles.marketingempresas.es\/wp-content\/uploads\/2021\/03\/pate-de-calabaza-y-curry.jpg",1288,1344,false],"2048x2048":["https:\/\/florsivioles.marketingempresas.es\/wp-content\/uploads\/2021\/03\/pate-de-calabaza-y-curry.jpg",1288,1344,false],"trp-custom-language-flag":["https:\/\/florsivioles.marketingempresas.es\/wp-content\/uploads\/2021\/03\/pate-de-calabaza-y-curry-12x12.jpg",12,12,true],"woocommerce_thumbnail":["https:\/\/florsivioles.marketingempresas.es\/wp-content\/uploads\/2021\/03\/pate-de-calabaza-y-curry-260x260.jpg",260,260,true],"woocommerce_single":["https:\/\/florsivioles.marketingempresas.es\/wp-content\/uploads\/2021\/03\/pate-de-calabaza-y-curry-360x376.jpg",360,376,true],"woocommerce_gallery_thumbnail":["https:\/\/florsivioles.marketingempresas.es\/wp-content\/uploads\/2021\/03\/pate-de-calabaza-y-curry-100x100.jpg",100,100,true]},"uagb_author_info":{"display_name":"Christian Roig Brown","author_link":"https:\/\/florsivioles.marketingempresas.es\/en\/author\/"},"uagb_comment_info":0,"uagb_excerpt":"Envase de 110 gr.","_links":{"self":[{"href":"https:\/\/florsivioles.marketingempresas.es\/en\/wp-json\/wp\/v2\/product\/3728","targetHints":{"allow":["GET"]}}],"collection":[{"href":"https:\/\/florsivioles.marketingempresas.es\/en\/wp-json\/wp\/v2\/product"}],"about":[{"href":"https:\/\/florsivioles.marketingempresas.es\/en\/wp-json\/wp\/v2\/types\/product"}],"wp:featuredmedia":[{"embeddable":true,"href":"https:\/\/florsivioles.marketingempresas.es\/en\/wp-json\/wp\/v2\/media\/3722"}],"wp:attachment":[{"href":"https:\/\/florsivioles.marketingempresas.es\/en\/wp-json\/wp\/v2\/media?parent=3728"}],"wp:term":[{"taxonomy":"product_brand","embeddable":true,"href":"https:\/\/florsivioles.marketingempresas.es\/en\/wp-json\/wp\/v2\/product_brand?post=3728"},{"taxonomy":"product_cat","embeddable":true,"href":"https:\/\/florsivioles.marketingempresas.es\/en\/wp-json\/wp\/v2\/product_cat?post=3728"},{"taxonomy":"product_tag","embeddable":true,"href":"https:\/\/florsivioles.marketingempresas.es\/en\/wp-json\/wp\/v2\/product_tag?post=3728"},{"taxonomy":"receta","embeddable":true,"href":"https:\/\/florsivioles.marketingempresas.es\/en\/wp-json\/wp\/v2\/taxonomy\/receta?post=3728"}],"curies":[{"name":"wp","href":"https:\/\/api.w.org\/{rel}","templated":true}]}}