{"id":3211,"date":"2022-03-09T13:12:19","date_gmt":"2022-03-09T12:12:19","guid":{"rendered":"https:\/\/florsivioles.marketingempresas.es\/?post_type=product&#038;p=3211"},"modified":"2023-07-25T19:42:40","modified_gmt":"2023-07-25T17:42:40","slug":"pate-de-olivas-verdes","status":"publish","type":"product","link":"https:\/\/florsivioles.marketingempresas.es\/en\/product\/pate-de-olivas-verdes\/","title":{"rendered":"Organic Green Olives P\u00e2t\u00e9"},"content":{"rendered":"<p>El pat\u00e9 de olivas verdes que Cortijo Gavil\u00e1n comercializa a trav\u00e9s de su marca Bioandalus es una se\u00f1a de identidad en la cultura andaluza llevada a su m\u00e1xima expresi\u00f3n: el pat\u00e9. Est\u00e1 elaborado con ingredientes cien por cien naturales: aceitunas negras, aceite de oliva virgen extra andaluz, sal marina, agarite y \u00e1cido c\u00edtrico para su conservaci\u00f3n, ya que no lleva conservantes qu\u00edmicos. Delicioso untado en pan simplemente o como acompa\u00f1amiento en alg\u00fan plato fr\u00edo.<\/p>","protected":false},"excerpt":{"rendered":"<p>260 gr container<\/p>","protected":false},"featured_media":6729,"template":"","meta":{"_uag_custom_page_level_css":""},"product_brand":[],"product_cat":[27,536],"product_tag":[463,133,464,462,443,123],"taxonomy\/receta":[],"class_list":{"0":"post-3211","1":"product","2":"type-product","3":"status-publish","4":"has-post-thumbnail","6":"product_cat-bio","7":"product_cat-conservas-pates-bio","8":"product_tag-dipear","9":"product_tag-free-delivery","10":"product_tag-pate-de-aceitunas-negras","11":"product_tag-pate-ecologico","12":"product_tag-sin-gluten","13":"product_tag-tienda-online-en-ibiza","14":"product_shipping_class-envio-gratuito","16":"first","17":"instock","18":"taxable","19":"shipping-taxable","20":"purchasable","21":"product-type-simple"},"uagb_featured_image_src":{"full":["https:\/\/florsivioles.marketingempresas.es\/wp-content\/uploads\/2022\/03\/Pate-de-Olivas-Verdes-Ecologicas-Flors-i-Violes.jpg",640,554,false],"thumbnail":["https:\/\/florsivioles.marketingempresas.es\/wp-content\/uploads\/2022\/03\/Pate-de-Olivas-Verdes-Ecologicas-Flors-i-Violes-150x130.jpg",150,130,true],"medium":["https:\/\/florsivioles.marketingempresas.es\/wp-content\/uploads\/2022\/03\/Pate-de-Olivas-Verdes-Ecologicas-Flors-i-Violes-364x315.jpg",364,315,true],"medium_large":["https:\/\/florsivioles.marketingempresas.es\/wp-content\/uploads\/2022\/03\/Pate-de-Olivas-Verdes-Ecologicas-Flors-i-Violes.jpg",640,554,false],"large":["https:\/\/florsivioles.marketingempresas.es\/wp-content\/uploads\/2022\/03\/Pate-de-Olivas-Verdes-Ecologicas-Flors-i-Violes.jpg",640,554,false],"1536x1536":["https:\/\/florsivioles.marketingempresas.es\/wp-content\/uploads\/2022\/03\/Pate-de-Olivas-Verdes-Ecologicas-Flors-i-Violes.jpg",640,554,false],"2048x2048":["https:\/\/florsivioles.marketingempresas.es\/wp-content\/uploads\/2022\/03\/Pate-de-Olivas-Verdes-Ecologicas-Flors-i-Violes.jpg",640,554,false],"trp-custom-language-flag":["https:\/\/florsivioles.marketingempresas.es\/wp-content\/uploads\/2022\/03\/Pate-de-Olivas-Verdes-Ecologicas-Flors-i-Violes-14x12.jpg",14,12,true],"woocommerce_thumbnail":["https:\/\/florsivioles.marketingempresas.es\/wp-content\/uploads\/2022\/03\/Pate-de-Olivas-Verdes-Ecologicas-Flors-i-Violes-260x260.jpg",260,260,true],"woocommerce_single":["https:\/\/florsivioles.marketingempresas.es\/wp-content\/uploads\/2022\/03\/Pate-de-Olivas-Verdes-Ecologicas-Flors-i-Violes-360x312.jpg",360,312,true],"woocommerce_gallery_thumbnail":["https:\/\/florsivioles.marketingempresas.es\/wp-content\/uploads\/2022\/03\/Pate-de-Olivas-Verdes-Ecologicas-Flors-i-Violes-100x100.jpg",100,100,true]},"uagb_author_info":{"display_name":"Christian Roig Brown","author_link":"https:\/\/florsivioles.marketingempresas.es\/en\/author\/"},"uagb_comment_info":0,"uagb_excerpt":"Envase de 260g.","_links":{"self":[{"href":"https:\/\/florsivioles.marketingempresas.es\/en\/wp-json\/wp\/v2\/product\/3211","targetHints":{"allow":["GET"]}}],"collection":[{"href":"https:\/\/florsivioles.marketingempresas.es\/en\/wp-json\/wp\/v2\/product"}],"about":[{"href":"https:\/\/florsivioles.marketingempresas.es\/en\/wp-json\/wp\/v2\/types\/product"}],"wp:featuredmedia":[{"embeddable":true,"href":"https:\/\/florsivioles.marketingempresas.es\/en\/wp-json\/wp\/v2\/media\/6729"}],"wp:attachment":[{"href":"https:\/\/florsivioles.marketingempresas.es\/en\/wp-json\/wp\/v2\/media?parent=3211"}],"wp:term":[{"taxonomy":"product_brand","embeddable":true,"href":"https:\/\/florsivioles.marketingempresas.es\/en\/wp-json\/wp\/v2\/product_brand?post=3211"},{"taxonomy":"product_cat","embeddable":true,"href":"https:\/\/florsivioles.marketingempresas.es\/en\/wp-json\/wp\/v2\/product_cat?post=3211"},{"taxonomy":"product_tag","embeddable":true,"href":"https:\/\/florsivioles.marketingempresas.es\/en\/wp-json\/wp\/v2\/product_tag?post=3211"},{"taxonomy":"receta","embeddable":true,"href":"https:\/\/florsivioles.marketingempresas.es\/en\/wp-json\/wp\/v2\/taxonomy\/receta?post=3211"}],"curies":[{"name":"wp","href":"https:\/\/api.w.org\/{rel}","templated":true}]}}