{"id":3146,"date":"2022-03-09T13:14:30","date_gmt":"2022-03-09T12:14:30","guid":{"rendered":"https:\/\/florsivioles.marketingempresas.es\/?post_type=product&#038;p=3146"},"modified":"2023-07-25T19:42:26","modified_gmt":"2023-07-25T17:42:26","slug":"pate-mediterraneo","status":"publish","type":"product","link":"https:\/\/florsivioles.marketingempresas.es\/en\/product\/pate-mediterraneo\/","title":{"rendered":"Organic Mediterranean P\u00e2t\u00e9"},"content":{"rendered":"<div class=\"wpb_text_column wpb_content_element\">\n<div class=\"wpb_wrapper\">\n<p>El Pat\u00e9 mediterraneo es un pat\u00e9 delicioso con varios de los ingredientes principales de la dieta Mediterr\u00e1nea como la aceituna, el tomate, el ajo, el or\u00e9gano, la alcaparra sin olvidar el aceite de oliva virgen extra.<\/p>\n<\/div>\n<\/div>\n<div class=\"wpb_text_column wpb_content_element\">\n<div class=\"wpb_wrapper\">\n<p><strong>Ingredientes:<\/strong> Aceituna negra*, tomate seco*, ajo*, aceite oliva virgen extra*, sal*, or\u00e9gano*, aroma de anchoa, alcaparras*, agar-agar, \u00e1cido c\u00edtrico, sirope de \u00e1gave*.<\/p>\n<\/div>\n<\/div>","protected":false},"excerpt":{"rendered":"<p>260 gr container<\/p>","protected":false},"featured_media":6856,"template":"","meta":{"_uag_custom_page_level_css":""},"product_brand":[],"product_cat":[27,536],"product_tag":[463,133,462,461,123],"taxonomy\/receta":[],"class_list":{"0":"post-3146","1":"product","2":"type-product","3":"status-publish","4":"has-post-thumbnail","6":"product_cat-bio","7":"product_cat-conservas-pates-bio","8":"product_tag-dipear","9":"product_tag-free-delivery","10":"product_tag-pate-ecologico","11":"product_tag-pate-mediterraneo","12":"product_tag-tienda-online-en-ibiza","13":"product_shipping_class-envio-gratuito","15":"first","16":"instock","17":"taxable","18":"shipping-taxable","19":"purchasable","20":"product-type-simple"},"uagb_featured_image_src":{"full":["https:\/\/florsivioles.marketingempresas.es\/wp-content\/uploads\/2022\/03\/Pate-Mediterraneo-Ecologico-Flors-i-Violes.jpg",640,554,false],"thumbnail":["https:\/\/florsivioles.marketingempresas.es\/wp-content\/uploads\/2022\/03\/Pate-Mediterraneo-Ecologico-Flors-i-Violes-150x130.jpg",150,130,true],"medium":["https:\/\/florsivioles.marketingempresas.es\/wp-content\/uploads\/2022\/03\/Pate-Mediterraneo-Ecologico-Flors-i-Violes-364x315.jpg",364,315,true],"medium_large":["https:\/\/florsivioles.marketingempresas.es\/wp-content\/uploads\/2022\/03\/Pate-Mediterraneo-Ecologico-Flors-i-Violes.jpg",640,554,false],"large":["https:\/\/florsivioles.marketingempresas.es\/wp-content\/uploads\/2022\/03\/Pate-Mediterraneo-Ecologico-Flors-i-Violes.jpg",640,554,false],"1536x1536":["https:\/\/florsivioles.marketingempresas.es\/wp-content\/uploads\/2022\/03\/Pate-Mediterraneo-Ecologico-Flors-i-Violes.jpg",640,554,false],"2048x2048":["https:\/\/florsivioles.marketingempresas.es\/wp-content\/uploads\/2022\/03\/Pate-Mediterraneo-Ecologico-Flors-i-Violes.jpg",640,554,false],"trp-custom-language-flag":["https:\/\/florsivioles.marketingempresas.es\/wp-content\/uploads\/2022\/03\/Pate-Mediterraneo-Ecologico-Flors-i-Violes-14x12.jpg",14,12,true],"woocommerce_thumbnail":["https:\/\/florsivioles.marketingempresas.es\/wp-content\/uploads\/2022\/03\/Pate-Mediterraneo-Ecologico-Flors-i-Violes-260x260.jpg",260,260,true],"woocommerce_single":["https:\/\/florsivioles.marketingempresas.es\/wp-content\/uploads\/2022\/03\/Pate-Mediterraneo-Ecologico-Flors-i-Violes-360x312.jpg",360,312,true],"woocommerce_gallery_thumbnail":["https:\/\/florsivioles.marketingempresas.es\/wp-content\/uploads\/2022\/03\/Pate-Mediterraneo-Ecologico-Flors-i-Violes-100x100.jpg",100,100,true]},"uagb_author_info":{"display_name":"Christian Roig Brown","author_link":"https:\/\/florsivioles.marketingempresas.es\/en\/author\/"},"uagb_comment_info":0,"uagb_excerpt":"Envase de 260g.","_links":{"self":[{"href":"https:\/\/florsivioles.marketingempresas.es\/en\/wp-json\/wp\/v2\/product\/3146","targetHints":{"allow":["GET"]}}],"collection":[{"href":"https:\/\/florsivioles.marketingempresas.es\/en\/wp-json\/wp\/v2\/product"}],"about":[{"href":"https:\/\/florsivioles.marketingempresas.es\/en\/wp-json\/wp\/v2\/types\/product"}],"wp:featuredmedia":[{"embeddable":true,"href":"https:\/\/florsivioles.marketingempresas.es\/en\/wp-json\/wp\/v2\/media\/6856"}],"wp:attachment":[{"href":"https:\/\/florsivioles.marketingempresas.es\/en\/wp-json\/wp\/v2\/media?parent=3146"}],"wp:term":[{"taxonomy":"product_brand","embeddable":true,"href":"https:\/\/florsivioles.marketingempresas.es\/en\/wp-json\/wp\/v2\/product_brand?post=3146"},{"taxonomy":"product_cat","embeddable":true,"href":"https:\/\/florsivioles.marketingempresas.es\/en\/wp-json\/wp\/v2\/product_cat?post=3146"},{"taxonomy":"product_tag","embeddable":true,"href":"https:\/\/florsivioles.marketingempresas.es\/en\/wp-json\/wp\/v2\/product_tag?post=3146"},{"taxonomy":"receta","embeddable":true,"href":"https:\/\/florsivioles.marketingempresas.es\/en\/wp-json\/wp\/v2\/taxonomy\/receta?post=3146"}],"curies":[{"name":"wp","href":"https:\/\/api.w.org\/{rel}","templated":true}]}}