{"id":3115,"date":"2021-02-22T12:01:23","date_gmt":"2021-02-22T11:01:23","guid":{"rendered":"https:\/\/florsivioles.marketingempresas.es\/?post_type=product&#038;p=3115"},"modified":"2023-10-01T11:56:21","modified_gmt":"2023-10-01T09:56:21","slug":"tortitas-de-arroz-sin-sal-bio","status":"publish","type":"product","link":"https:\/\/florsivioles.marketingempresas.es\/en\/product\/tortitas-de-arroz-sin-sal-bio\/","title":{"rendered":"Organic Rice Tortillas Without Salt"},"content":{"rendered":"<div id=\"short_description_block\">\n<div id=\"short_description_content\" class=\"rte align_justify\">\n<p>Si buscas un snack saludable o una alternativa al pan, las Tortitas de Arroz Sin Sal B\u00edo son tu opci\u00f3n ideal. Estas tortitas est\u00e1n hechas de arroz integral org\u00e1nico, lo que las convierte en una fuente excelente de fibra diet\u00e9tica. Adem\u00e1s, al no contener sal, son perfectas para personas que buscan reducir su ingesta de sodio.<\/p>\n<p>\u00bfTe preocupa el medio ambiente? Estas tortitas son ecol\u00f3gicas, lo que significa que se producen sin pesticidas ni fertilizantes qu\u00edmicos. As\u00ed que, adem\u00e1s de cuidar tu salud, estar\u00e1s contribuyendo a la agricultura sostenible.<\/p>\n<p>Son vers\u00e1tiles y se pueden disfrutar de muchas maneras: untadas con aguacate, como base para canap\u00e9s o incluso como un sustituto del pan en tus s\u00e1ndwiches. Adem\u00e1s, son aptas para veganos y personas con dietas sin gluten.<\/p>\n<p>En resumen, las Tortitas de Arroz Sin Sal B\u00edo son m\u00e1s que un simple snack; son una elecci\u00f3n consciente para una vida m\u00e1s saludable y sostenible. \u00bfA qu\u00e9 esperas para a\u00f1adirlas a tu despensa ecol\u00f3gica? \ud83d\ude0a\ud83c\udf31<\/p>\n<p>Tortitas de Arroz Sin Sal B\u00edo de tama\u00f1o grande. Ligeras y crujientes. Para consumir solas, como sustituto del pan o bien acompa\u00f1adas de dulce o salado. Las tortitas Biocop se elaboran con arroz de grano entero (no de harinas) preservando sus nutrientes. Pueden calentarse en el horno para conseguir una textura como reci\u00e9n hechas.<\/p>\n<\/div>\n<\/div>\n<div class=\"col-xs-12 div-info-producto\">\n<div id=\"short_description_content\" class=\"rte align_justify div-content-aleing\"><label>Ingredientes:<\/label>\u00a0Arroz integral*, sal marina. *De agricultura biol\u00f3gica.<\/div>\n<div class=\"rte align_justify div-content-aleing\"><label>Al\u00e9rgenos:<\/label>\u00a0Trazas : S\u00e9samo y productos a base de s\u00e9samo<br \/>\n<label><br \/>\n<\/label><label>Conservaci\u00f3n:<\/label>\u00a0Conservar en lugar fresco y seco. Una vez abierto el producto, para su mejor conservaci\u00f3n, guardar el envase bien cerrado.<\/div>\n<\/div>","protected":false},"excerpt":{"rendered":"<p>200 gr package. Gluten free<\/p>","protected":false},"featured_media":6871,"template":"","meta":{"_uag_custom_page_level_css":""},"product_brand":[],"product_cat":[27,445],"product_tag":[199,190,130,443,437,436,1277,435],"taxonomy\/receta":[],"class_list":{"0":"post-3115","1":"product","2":"type-product","3":"status-publish","4":"has-post-thumbnail","6":"product_cat-bio","7":"product_cat-snacks-barritas-tortitas-bio","8":"product_tag-delivery-ibiza-food","9":"product_tag-entrega-a-domicilio-en-ibiza","10":"product_tag-free-delivery-in-ibiza","11":"product_tag-sin-gluten","12":"product_tag-snacks-ecologicos","13":"product_tag-tortitas-de-arroz-eco","14":"product_tag-tortitas-de-arroz-sin-sal-bio","15":"product_tag-tortitas-ecologicas","16":"product_shipping_class-envio-gratuito","18":"first","19":"instock","20":"taxable","21":"shipping-taxable","22":"purchasable","23":"product-type-simple"},"uagb_featured_image_src":{"full":["https:\/\/florsivioles.marketingempresas.es\/wp-content\/uploads\/2021\/02\/Tortitas-de-Arroz-Sin-Sal-Bio.jpg",640,554,false],"thumbnail":["https:\/\/florsivioles.marketingempresas.es\/wp-content\/uploads\/2021\/02\/Tortitas-de-Arroz-Sin-Sal-Bio-150x130.jpg",150,130,true],"medium":["https:\/\/florsivioles.marketingempresas.es\/wp-content\/uploads\/2021\/02\/Tortitas-de-Arroz-Sin-Sal-Bio-364x315.jpg",364,315,true],"medium_large":["https:\/\/florsivioles.marketingempresas.es\/wp-content\/uploads\/2021\/02\/Tortitas-de-Arroz-Sin-Sal-Bio.jpg",640,554,false],"large":["https:\/\/florsivioles.marketingempresas.es\/wp-content\/uploads\/2021\/02\/Tortitas-de-Arroz-Sin-Sal-Bio.jpg",640,554,false],"1536x1536":["https:\/\/florsivioles.marketingempresas.es\/wp-content\/uploads\/2021\/02\/Tortitas-de-Arroz-Sin-Sal-Bio.jpg",640,554,false],"2048x2048":["https:\/\/florsivioles.marketingempresas.es\/wp-content\/uploads\/2021\/02\/Tortitas-de-Arroz-Sin-Sal-Bio.jpg",640,554,false],"trp-custom-language-flag":["https:\/\/florsivioles.marketingempresas.es\/wp-content\/uploads\/2021\/02\/Tortitas-de-Arroz-Sin-Sal-Bio-14x12.jpg",14,12,true],"woocommerce_thumbnail":["https:\/\/florsivioles.marketingempresas.es\/wp-content\/uploads\/2021\/02\/Tortitas-de-Arroz-Sin-Sal-Bio-260x260.jpg",260,260,true],"woocommerce_single":["https:\/\/florsivioles.marketingempresas.es\/wp-content\/uploads\/2021\/02\/Tortitas-de-Arroz-Sin-Sal-Bio-360x312.jpg",360,312,true],"woocommerce_gallery_thumbnail":["https:\/\/florsivioles.marketingempresas.es\/wp-content\/uploads\/2021\/02\/Tortitas-de-Arroz-Sin-Sal-Bio-100x100.jpg",100,100,true]},"uagb_author_info":{"display_name":"Christian Roig Brown","author_link":"https:\/\/florsivioles.marketingempresas.es\/en\/author\/"},"uagb_comment_info":0,"uagb_excerpt":"Envase de 200g. Sin gluten.","_links":{"self":[{"href":"https:\/\/florsivioles.marketingempresas.es\/en\/wp-json\/wp\/v2\/product\/3115","targetHints":{"allow":["GET"]}}],"collection":[{"href":"https:\/\/florsivioles.marketingempresas.es\/en\/wp-json\/wp\/v2\/product"}],"about":[{"href":"https:\/\/florsivioles.marketingempresas.es\/en\/wp-json\/wp\/v2\/types\/product"}],"wp:featuredmedia":[{"embeddable":true,"href":"https:\/\/florsivioles.marketingempresas.es\/en\/wp-json\/wp\/v2\/media\/6871"}],"wp:attachment":[{"href":"https:\/\/florsivioles.marketingempresas.es\/en\/wp-json\/wp\/v2\/media?parent=3115"}],"wp:term":[{"taxonomy":"product_brand","embeddable":true,"href":"https:\/\/florsivioles.marketingempresas.es\/en\/wp-json\/wp\/v2\/product_brand?post=3115"},{"taxonomy":"product_cat","embeddable":true,"href":"https:\/\/florsivioles.marketingempresas.es\/en\/wp-json\/wp\/v2\/product_cat?post=3115"},{"taxonomy":"product_tag","embeddable":true,"href":"https:\/\/florsivioles.marketingempresas.es\/en\/wp-json\/wp\/v2\/product_tag?post=3115"},{"taxonomy":"receta","embeddable":true,"href":"https:\/\/florsivioles.marketingempresas.es\/en\/wp-json\/wp\/v2\/taxonomy\/receta?post=3115"}],"curies":[{"name":"wp","href":"https:\/\/api.w.org\/{rel}","templated":true}]}}