{"id":3104,"date":"2022-11-23T08:43:40","date_gmt":"2022-11-23T07:43:40","guid":{"rendered":"https:\/\/florsivioles.marketingempresas.es\/?post_type=product&#038;p=3104"},"modified":"2023-11-16T11:32:05","modified_gmt":"2023-11-16T10:32:05","slug":"lenteja-castellana-ecologica","status":"publish","type":"product","link":"https:\/\/florsivioles.marketingempresas.es\/en\/product\/lenteja-castellana-ecologica\/","title":{"rendered":"\"Don Jos\u00e9\" Organic Castilian Lentils"},"content":{"rendered":"<p>Si buscas un alimento que combine sabor, nutrici\u00f3n y sostenibilidad, no busques m\u00e1s: la Lenteja Castellana Ecol\u00f3gica lo tiene todo. Originaria de la pen\u00ednsula ib\u00e9rica, esta lenteja es conocida por su tama\u00f1o generoso y su textura suave, lo que la hace ideal para todo tipo de platos, desde guisos hasta ensaladas.<\/p>\n<p>Pero, \u00bfqu\u00e9 la hace ecol\u00f3gica? Estas lentejas se cultivan sin el uso de pesticidas sint\u00e9ticos ni fertilizantes qu\u00edmicos, lo que significa que son mejores tanto para ti como para el planeta. Adem\u00e1s, su cultivo contribuye a la agricultura sostenible y al comercio justo.<\/p>\n<p>Nutricionalmente, son una bomba. Ricas en prote\u00ednas, fibra, hierro y otros minerales esenciales, son una excelente opci\u00f3n para vegetarianos, veganos y cualquiera que busque una alimentaci\u00f3n consciente. Adem\u00e1s, su bajo \u00edndice gluc\u00e9mico las convierte en una opci\u00f3n ideal para personas con diabetes o que buscan controlar su peso.<\/p>\n<p>Incorporar la Lenteja Castellana Ecol\u00f3gica en tu dieta no solo es una decisi\u00f3n sabrosa, sino tambi\u00e9n responsable. As\u00ed que, \u00bfa qu\u00e9 esperas para a\u00f1adirlas a tu despensa ecol\u00f3gica?<\/p>\n<p>Espero que esta descripci\u00f3n sea lo que buscas para tu tienda online. \ud83d\ude0a\ud83c\udf31<\/p>\n<p>La Lenteja Castellana Ecol\u00f3gica es una legumbre seca perteneciente a la especie \u201cLens culinaris\u201d. La <b>lenteja castellana<\/b>\u00a0es la m\u00e1s grande de todas las\u00a0<b>lentejas<\/b>, posee un tama\u00f1o entre 7 y 9 mil\u00edmetros y se trata de\u00a0<b>lentejas<\/b> verdes de tonalidad clara con algunos granos m\u00e1s oscuros, que se denominan \u201c<b>lentejas<\/b> avinatadas\u201d.<\/p>","protected":false},"excerpt":{"rendered":"<p>500gr pack<\/p>","protected":false},"featured_media":6679,"template":"","meta":{"_uag_custom_page_level_css":""},"product_brand":[],"product_cat":[49,27,1542],"product_tag":[175,429,190,127,421,428,427],"taxonomy\/receta":[],"class_list":{"0":"post-3104","1":"product","2":"type-product","3":"status-publish","4":"has-post-thumbnail","6":"product_cat-arroces-legumbres-cereales-bio","7":"product_cat-bio","8":"product_cat-legumbres-ecologicas","9":"product_tag-comprar-verduras-online","10":"product_tag-delivery-services","11":"product_tag-entrega-a-domicilio-en-ibiza","12":"product_tag-fruits-and-vegetables-in-ibiza","13":"product_tag-legumbres-ecologicas-a-domicilio","14":"product_tag-legumbres-on-line-en-ibiza","15":"product_tag-lenteja-castellana-ecologica","16":"product_shipping_class-envio-gratuito","18":"first","19":"instock","20":"taxable","21":"shipping-taxable","22":"purchasable","23":"product-type-simple"},"uagb_featured_image_src":{"full":["https:\/\/florsivioles.marketingempresas.es\/wp-content\/uploads\/2022\/11\/Lenteja-Castellana-Ecologica-Flors-i-Violes.jpg",640,554,false],"thumbnail":["https:\/\/florsivioles.marketingempresas.es\/wp-content\/uploads\/2022\/11\/Lenteja-Castellana-Ecologica-Flors-i-Violes-150x130.jpg",150,130,true],"medium":["https:\/\/florsivioles.marketingempresas.es\/wp-content\/uploads\/2022\/11\/Lenteja-Castellana-Ecologica-Flors-i-Violes-364x315.jpg",364,315,true],"medium_large":["https:\/\/florsivioles.marketingempresas.es\/wp-content\/uploads\/2022\/11\/Lenteja-Castellana-Ecologica-Flors-i-Violes.jpg",640,554,false],"large":["https:\/\/florsivioles.marketingempresas.es\/wp-content\/uploads\/2022\/11\/Lenteja-Castellana-Ecologica-Flors-i-Violes.jpg",640,554,false],"1536x1536":["https:\/\/florsivioles.marketingempresas.es\/wp-content\/uploads\/2022\/11\/Lenteja-Castellana-Ecologica-Flors-i-Violes.jpg",640,554,false],"2048x2048":["https:\/\/florsivioles.marketingempresas.es\/wp-content\/uploads\/2022\/11\/Lenteja-Castellana-Ecologica-Flors-i-Violes.jpg",640,554,false],"trp-custom-language-flag":["https:\/\/florsivioles.marketingempresas.es\/wp-content\/uploads\/2022\/11\/Lenteja-Castellana-Ecologica-Flors-i-Violes-14x12.jpg",14,12,true],"woocommerce_thumbnail":["https:\/\/florsivioles.marketingempresas.es\/wp-content\/uploads\/2022\/11\/Lenteja-Castellana-Ecologica-Flors-i-Violes-260x260.jpg",260,260,true],"woocommerce_single":["https:\/\/florsivioles.marketingempresas.es\/wp-content\/uploads\/2022\/11\/Lenteja-Castellana-Ecologica-Flors-i-Violes-360x312.jpg",360,312,true],"woocommerce_gallery_thumbnail":["https:\/\/florsivioles.marketingempresas.es\/wp-content\/uploads\/2022\/11\/Lenteja-Castellana-Ecologica-Flors-i-Violes-100x100.jpg",100,100,true]},"uagb_author_info":{"display_name":"Christian Roig Brown","author_link":"https:\/\/florsivioles.marketingempresas.es\/en\/author\/"},"uagb_comment_info":0,"uagb_excerpt":"Paquete de 500 gramos","_links":{"self":[{"href":"https:\/\/florsivioles.marketingempresas.es\/en\/wp-json\/wp\/v2\/product\/3104","targetHints":{"allow":["GET"]}}],"collection":[{"href":"https:\/\/florsivioles.marketingempresas.es\/en\/wp-json\/wp\/v2\/product"}],"about":[{"href":"https:\/\/florsivioles.marketingempresas.es\/en\/wp-json\/wp\/v2\/types\/product"}],"wp:featuredmedia":[{"embeddable":true,"href":"https:\/\/florsivioles.marketingempresas.es\/en\/wp-json\/wp\/v2\/media\/6679"}],"wp:attachment":[{"href":"https:\/\/florsivioles.marketingempresas.es\/en\/wp-json\/wp\/v2\/media?parent=3104"}],"wp:term":[{"taxonomy":"product_brand","embeddable":true,"href":"https:\/\/florsivioles.marketingempresas.es\/en\/wp-json\/wp\/v2\/product_brand?post=3104"},{"taxonomy":"product_cat","embeddable":true,"href":"https:\/\/florsivioles.marketingempresas.es\/en\/wp-json\/wp\/v2\/product_cat?post=3104"},{"taxonomy":"product_tag","embeddable":true,"href":"https:\/\/florsivioles.marketingempresas.es\/en\/wp-json\/wp\/v2\/product_tag?post=3104"},{"taxonomy":"receta","embeddable":true,"href":"https:\/\/florsivioles.marketingempresas.es\/en\/wp-json\/wp\/v2\/taxonomy\/receta?post=3104"}],"curies":[{"name":"wp","href":"https:\/\/api.w.org\/{rel}","templated":true}]}}