{"id":3097,"date":"2022-11-23T08:45:02","date_gmt":"2022-11-23T07:45:02","guid":{"rendered":"https:\/\/florsivioles.marketingempresas.es\/?post_type=product&#038;p=3097"},"modified":"2023-11-16T11:31:54","modified_gmt":"2023-11-16T10:31:54","slug":"garbanzo-pedrosillano-ecologico","status":"publish","type":"product","link":"https:\/\/florsivioles.marketingempresas.es\/en\/product\/garbanzo-pedrosillano-ecologico\/","title":{"rendered":"Organic Pedrosillano Organic Chickpea"},"content":{"rendered":"<p>El Segador Ecol\u00f3gico dispone de una amplia gama de productos y ofrece<strong>\u00a0la mejor selecci\u00f3n de variedades de legumbres ecol\u00f3gicas\u00a0<\/strong>de nuestro campo. Dado su conocimiento del sector, guiados por su filosof\u00eda de<strong>\u00a0respeto al medio ambiente<\/strong>\u00a0y preocupados por la calidad agroalimentaria, Legumbres Baena ofrece la combinaci\u00f3n perfecta entre t\u00e9cnicas innovadoras y sabor tradicional.<\/p>\n<p>El Garbanzo Pedrosillano es de peque\u00f1o tama\u00f1o, mantecoso y de piel muy fina, manteni\u00e9ndola despu\u00e9s de cocinar. Recomendado para todo tipo de guisos, en especial Cocido madrile\u00f1o.<\/p>\n<p>Procedente de cultivos ecol\u00f3gicos de la campi\u00f1a cordobesa, esta legumbre extraordinaria har\u00e1 las delicias de tus mejores guisos.<\/p>\n<div>Se recomienda conservar en lugar fresco, oscuro y seco.<\/div>\n<div>Consumir en las mejores condiciones hasta 18 meses despu\u00e9s de su envasado.<\/div>","protected":false},"excerpt":{"rendered":"<p>500gr pack<\/p>","protected":false},"featured_media":6883,"template":"","meta":{"_uag_custom_page_level_css":""},"product_brand":[],"product_cat":[49,27,1542],"product_tag":[190,130,420,419,421,123],"taxonomy\/receta":[],"class_list":{"0":"post-3097","1":"product","2":"type-product","3":"status-publish","4":"has-post-thumbnail","6":"product_cat-arroces-legumbres-cereales-bio","7":"product_cat-bio","8":"product_cat-legumbres-ecologicas","9":"product_tag-entrega-a-domicilio-en-ibiza","10":"product_tag-free-delivery-in-ibiza","11":"product_tag-garbanzo-ecologico","12":"product_tag-legumbres-ecologicas","13":"product_tag-legumbres-ecologicas-a-domicilio","14":"product_tag-tienda-online-en-ibiza","15":"product_shipping_class-envio-gratuito","17":"first","18":"instock","19":"taxable","20":"shipping-taxable","21":"purchasable","22":"product-type-simple"},"uagb_featured_image_src":{"full":["https:\/\/florsivioles.marketingempresas.es\/wp-content\/uploads\/2022\/11\/Garbanzo-Pedrosillano-Ecologico-Flors-i-Violes.jpg",640,554,false],"thumbnail":["https:\/\/florsivioles.marketingempresas.es\/wp-content\/uploads\/2022\/11\/Garbanzo-Pedrosillano-Ecologico-Flors-i-Violes-150x130.jpg",150,130,true],"medium":["https:\/\/florsivioles.marketingempresas.es\/wp-content\/uploads\/2022\/11\/Garbanzo-Pedrosillano-Ecologico-Flors-i-Violes-364x315.jpg",364,315,true],"medium_large":["https:\/\/florsivioles.marketingempresas.es\/wp-content\/uploads\/2022\/11\/Garbanzo-Pedrosillano-Ecologico-Flors-i-Violes.jpg",640,554,false],"large":["https:\/\/florsivioles.marketingempresas.es\/wp-content\/uploads\/2022\/11\/Garbanzo-Pedrosillano-Ecologico-Flors-i-Violes.jpg",640,554,false],"1536x1536":["https:\/\/florsivioles.marketingempresas.es\/wp-content\/uploads\/2022\/11\/Garbanzo-Pedrosillano-Ecologico-Flors-i-Violes.jpg",640,554,false],"2048x2048":["https:\/\/florsivioles.marketingempresas.es\/wp-content\/uploads\/2022\/11\/Garbanzo-Pedrosillano-Ecologico-Flors-i-Violes.jpg",640,554,false],"trp-custom-language-flag":["https:\/\/florsivioles.marketingempresas.es\/wp-content\/uploads\/2022\/11\/Garbanzo-Pedrosillano-Ecologico-Flors-i-Violes-14x12.jpg",14,12,true],"woocommerce_thumbnail":["https:\/\/florsivioles.marketingempresas.es\/wp-content\/uploads\/2022\/11\/Garbanzo-Pedrosillano-Ecologico-Flors-i-Violes-260x260.jpg",260,260,true],"woocommerce_single":["https:\/\/florsivioles.marketingempresas.es\/wp-content\/uploads\/2022\/11\/Garbanzo-Pedrosillano-Ecologico-Flors-i-Violes-360x312.jpg",360,312,true],"woocommerce_gallery_thumbnail":["https:\/\/florsivioles.marketingempresas.es\/wp-content\/uploads\/2022\/11\/Garbanzo-Pedrosillano-Ecologico-Flors-i-Violes-100x100.jpg",100,100,true]},"uagb_author_info":{"display_name":"Christian Roig Brown","author_link":"https:\/\/florsivioles.marketingempresas.es\/en\/author\/"},"uagb_comment_info":0,"uagb_excerpt":"Paquete de 500 gramos","_links":{"self":[{"href":"https:\/\/florsivioles.marketingempresas.es\/en\/wp-json\/wp\/v2\/product\/3097","targetHints":{"allow":["GET"]}}],"collection":[{"href":"https:\/\/florsivioles.marketingempresas.es\/en\/wp-json\/wp\/v2\/product"}],"about":[{"href":"https:\/\/florsivioles.marketingempresas.es\/en\/wp-json\/wp\/v2\/types\/product"}],"wp:featuredmedia":[{"embeddable":true,"href":"https:\/\/florsivioles.marketingempresas.es\/en\/wp-json\/wp\/v2\/media\/6883"}],"wp:attachment":[{"href":"https:\/\/florsivioles.marketingempresas.es\/en\/wp-json\/wp\/v2\/media?parent=3097"}],"wp:term":[{"taxonomy":"product_brand","embeddable":true,"href":"https:\/\/florsivioles.marketingempresas.es\/en\/wp-json\/wp\/v2\/product_brand?post=3097"},{"taxonomy":"product_cat","embeddable":true,"href":"https:\/\/florsivioles.marketingempresas.es\/en\/wp-json\/wp\/v2\/product_cat?post=3097"},{"taxonomy":"product_tag","embeddable":true,"href":"https:\/\/florsivioles.marketingempresas.es\/en\/wp-json\/wp\/v2\/product_tag?post=3097"},{"taxonomy":"receta","embeddable":true,"href":"https:\/\/florsivioles.marketingempresas.es\/en\/wp-json\/wp\/v2\/taxonomy\/receta?post=3097"}],"curies":[{"name":"wp","href":"https:\/\/api.w.org\/{rel}","templated":true}]}}